{"id":77,"date":"2023-04-15T12:34:19","date_gmt":"2023-04-15T12:34:19","guid":{"rendered":"https:\/\/iadliber.erasmus.site\/?page_id=77"},"modified":"2025-01-23T19:42:21","modified_gmt":"2025-01-23T19:42:21","slug":"partnership","status":"publish","type":"page","link":"https:\/\/iadliber.erasmus.site\/tr\/partnership\/","title":{"rendered":"Ortaklik yapisi"},"content":{"rendered":"<p><img fetchpriority=\"high\" decoding=\"async\" class=\"size-full wp-image-90 aligncenter\" src=\"https:\/\/iadliber.erasmus.site\/wp-content\/uploads\/2023\/04\/ades.png\" alt=\"\" width=\"300\" height=\"300\" srcset=\"https:\/\/iadliber.erasmus.site\/wp-content\/uploads\/2023\/04\/ades.png 300w, https:\/\/iadliber.erasmus.site\/wp-content\/uploads\/2023\/04\/ades-150x150.png 150w, https:\/\/iadliber.erasmus.site\/wp-content\/uploads\/2023\/04\/ades-24x24.png 24w, https:\/\/iadliber.erasmus.site\/wp-content\/uploads\/2023\/04\/ades-36x36.png 36w, https:\/\/iadliber.erasmus.site\/wp-content\/uploads\/2023\/04\/ades-48x48.png 48w\" sizes=\"(max-width: 300px) 100vw, 300px\" \/><\/p>\n<h3 style=\"text-align: center;\"><\/h3>\n<h3 style=\"text-align: center;\"><strong>ASOCIATIA DE DEZVOLTARE ECONOMICO-SOCIALA<\/strong><strong> (Romanya)<\/strong><\/h3>\n<p>Romanya\u2019n\u0131n Curtea de Arge\u0219 kentinde faaliyet g\u00f6steren Asocia\u021bia de Dezvoltare Economico-Social\u0103 (ADES), 1995 y\u0131l\u0131nda kurulan kar amac\u0131 g\u00fctmeyen bir kurulu\u015ftur. ADES&#8217;in temel amac\u0131, Romanya&#8217;daki topluluklarda olumlu sosyal ve ekonomik de\u011fi\u015fimleri profesyonel, etik ve sorumlu bir \u015fekilde desteklemektir.<\/p>\n<p>ADES ekibi, bireylerin ki\u015fisel ve mesleki becerilerini geli\u015ftirmeyi, k\u00fc\u00e7\u00fck ve orta \u00f6l\u00e7ekli i\u015fletmelerin b\u00fcy\u00fcmesini desteklemeyi ve yerel topluluklardaki sosyal ve ekonomik ko\u015fullar\u0131 iyile\u015ftirmeyi hedeflemektedir.<\/p>\n<p>1995 y\u0131l\u0131ndan bu yana ADES, Avrupa Birli\u011fi, D\u00fcnya Bankas\u0131, ABD B\u00fcy\u00fckel\u00e7ili\u011fi, Avrupa \u0130\u015f Geli\u015ftirme Program\u0131, A\u00e7\u0131k Toplum Vakf\u0131 ve Hay\u0131rseverlik Know How Fonu gibi kurulu\u015flar taraf\u0131ndan finanse edilen 50&#8217;den fazla projeyi ba\u015far\u0131yla tamamlam\u0131\u015ft\u0131r. ADES, projelerini y\u00fcr\u00fct\u00fcrken topluluklar, yerel kamu otoriteleri, \u015firketler, sivil toplum kurulu\u015flar\u0131 ve okullar ile yak\u0131n i\u015fbirli\u011fi yapmaktad\u0131r.<\/p>\n<p><strong>Web Sitesi:<\/strong><\/p>\n<p><a href=\"https:\/\/dekaplus.eu\/\"><strong>https:\/\/dekaplus.eu\/<\/strong><\/a><\/p>\n<p><strong>Sosyal medya adresleri:<\/strong><\/p>\n<p><strong>Facebook:\u00a0<\/strong><a href=\"http:\/\/www.facebook.com\/ADESCDA\/\">www.facebook.com\/ADESCDA\/<\/a><\/p>\n<p><strong>LinkedIn:\u00a0<\/strong> <a href=\"https:\/\/www.linkedin.com\/company\/43363632\/\">https:\/\/www.linkedin.com\/company\/43363632\/<\/a>.<\/p>\n<hr \/>\n<p><img decoding=\"async\" class=\"wp-image-91 size-full aligncenter\" src=\"https:\/\/iadliber.erasmus.site\/wp-content\/uploads\/2023\/04\/c4e.png\" alt=\"\" width=\"300\" height=\"300\" srcset=\"https:\/\/iadliber.erasmus.site\/wp-content\/uploads\/2023\/04\/c4e.png 300w, https:\/\/iadliber.erasmus.site\/wp-content\/uploads\/2023\/04\/c4e-150x150.png 150w, https:\/\/iadliber.erasmus.site\/wp-content\/uploads\/2023\/04\/c4e-24x24.png 24w, https:\/\/iadliber.erasmus.site\/wp-content\/uploads\/2023\/04\/c4e-36x36.png 36w, https:\/\/iadliber.erasmus.site\/wp-content\/uploads\/2023\/04\/c4e-48x48.png 48w\" sizes=\"(max-width: 300px) 100vw, 300px\" \/><\/p>\n<h3 style=\"text-align: center;\"><strong>CENTRE FOR EDUCATION<\/strong><strong> (\u0130spanya)<\/strong><\/h3>\n<p>Centre for Education, 2012 y\u0131l\u0131nda kurulan ve merkezi \u0130spanya&#8217;n\u0131n Mallorca kentindeki Cala D&#8217;or Marina&#8217;da bulunan kar amac\u0131 g\u00fctmeyen ve \u00f6zellikle dezavantajl\u0131 gen\u00e7 yeti\u015fkin gruplar\u0131na y\u00f6nelik \u00f6zel olarak tasarlanm\u0131\u015f e\u011fitim kurslar\u0131 sunman bir kurulu\u015ftur.<\/p>\n<p>Bu kurslar \u201c\u0130stihdam, E\u011fitim veya \u00d6\u011fretimde Olmayan (NEET&#8217;ler)\u201d gen\u00e7 yeti\u015fkinlerin e\u011fitimi alan\u0131nda faaliyet g\u00f6steren benzer kurulu\u015flarla i\u015fbirli\u011fi i\u00e7inde sunulmaktad\u0131r. AB finansmanl\u0131 projelerde geni\u015f deneyime sahip olan Centre for Education \u00e7al\u0131\u015fanlar\u0131 bir\u00e7ok projede koordinat\u00f6r veya ortak olarak \u00e7al\u0131\u015fm\u0131\u015ft\u0131r.<\/p>\n<p><strong>Web Sitesi:<\/strong><\/p>\n<p><a href=\"https:\/\/centre4education.com\/index.html\">https:\/\/centre4education.com\/index.html<\/a><\/p>\n<hr \/>\n<p><img decoding=\"async\" class=\"aligncenter wp-image-93 size-full\" src=\"https:\/\/iadliber.erasmus.site\/wp-content\/uploads\/2023\/04\/dekaplus.png\" alt=\"\" width=\"300\" height=\"300\" srcset=\"https:\/\/iadliber.erasmus.site\/wp-content\/uploads\/2023\/04\/dekaplus.png 300w, https:\/\/iadliber.erasmus.site\/wp-content\/uploads\/2023\/04\/dekaplus-150x150.png 150w, https:\/\/iadliber.erasmus.site\/wp-content\/uploads\/2023\/04\/dekaplus-24x24.png 24w, https:\/\/iadliber.erasmus.site\/wp-content\/uploads\/2023\/04\/dekaplus-36x36.png 36w, https:\/\/iadliber.erasmus.site\/wp-content\/uploads\/2023\/04\/dekaplus-48x48.png 48w\" sizes=\"(max-width: 300px) 100vw, 300px\" \/><\/p>\n<h3 style=\"text-align: center;\"><\/h3>\n<h3 style=\"text-align: center;\"><a href=\"http:\/\/www.dekaplus.eu\/\"><strong>DEKAPLUS BUSINESS SERVICES LTD<\/strong><\/a><\/h3>\n<p><strong>DEKAPLUS,<\/strong> \u00f6zellikle KOB\u0130&#8217;ler (K\u00fc\u00e7\u00fck ve Orta B\u00fcy\u00fckl\u00fckteki \u0130\u015fletmeler) ve onlar\u0131n ilk kademe personelinin yetkinlik ve becerilerini geli\u015ftirmeye odaklanan bir mesleki e\u011fitim ve \u00f6\u011fretim kurulu\u015fudur. 2006 y\u0131l\u0131nda faaliyete ge\u00e7en DEKAPLUS, o tarihten beri nitelikli ve sertifikal\u0131 e\u011fitimler sunmaktad\u0131r. Kurulu\u015f, i\u015f geli\u015ftirme ve s\u00fcrd\u00fcr\u00fclebilirlik konular\u0131nda d\u00fczenledi\u011fi k\u0131sa mesleki kurslarla kat\u0131l\u0131mc\u0131lar\u0131n pratik bilgi ve becerilerini art\u0131rmay\u0131 hedeflemektedir. DEKAPLUS&#8217;un \u00f6zel bir departman\u0131, AB projelerini y\u00f6netme konusunda uzmanla\u015fm\u0131\u015ft\u0131r. Projelerin niteli\u011fine g\u00f6re, DEKAPLUS ekibi proje yazar\u0131, proje lideri veya proje orta\u011f\u0131 olarak g\u00f6rev alabilmektedir.2014 y\u0131l\u0131ndan beri &#8220;Gen\u00e7 Giri\u015fimciler i\u00e7in Erasmus&#8221; Program\u0131n\u0131n irtibat noktas\u0131 olarak faaliyet g\u00f6steren DEKAPLUS, yeni kurulan \u015firketlere somut bir ba\u015flang\u0131\u00e7 yapmalar\u0131nda yard\u0131mc\u0131 olmaktad\u0131r. Ayr\u0131ca, kurulu\u015f Erasmus+ projelerinde hem ortak hem de koordinat\u00f6r olarak geni\u015f bir deneyime sahiptir.<\/p>\n<p><strong>Web Sitesi:<\/strong><\/p>\n<p><a href=\"https:\/\/dekaplus.eu\/\"><strong>https:\/\/dekaplus.eu\/<\/strong><\/a><\/p>\n<p><strong>Sosyal medya adresleri:<\/strong><\/p>\n<p><strong>Facebook:\u00a0<\/strong><a href=\"https:\/\/www.facebook.com\/dekaplus.cyprus\/\">https:\/\/www.facebook.com\/dekaplus.cyprus\/<\/a><\/p>\n<p><strong>LinkedIn:\u00a0<\/strong><a href=\"https:\/\/www.linkedin.com\/company\/dekaplus-business-services-ltd\/?originalSubdomain=cy\"><strong>https:\/\/www.linkedin.com\/company\/dekaplus-business-services-ltd\/?originalSubdomain=cy<\/strong><\/a><\/p>\n<hr \/>\n<p><img loading=\"lazy\" decoding=\"async\" class=\"wp-image-95 size-full aligncenter\" src=\"https:\/\/iadliber.erasmus.site\/wp-content\/uploads\/2023\/04\/tcistanbul.png\" alt=\"\" width=\"300\" height=\"300\" srcset=\"https:\/\/iadliber.erasmus.site\/wp-content\/uploads\/2023\/04\/tcistanbul.png 300w, https:\/\/iadliber.erasmus.site\/wp-content\/uploads\/2023\/04\/tcistanbul-150x150.png 150w, https:\/\/iadliber.erasmus.site\/wp-content\/uploads\/2023\/04\/tcistanbul-24x24.png 24w, https:\/\/iadliber.erasmus.site\/wp-content\/uploads\/2023\/04\/tcistanbul-36x36.png 36w, https:\/\/iadliber.erasmus.site\/wp-content\/uploads\/2023\/04\/tcistanbul-48x48.png 48w\" sizes=\"(max-width: 300px) 100vw, 300px\" \/><\/p>\n<h3 style=\"text-align: center;\"><strong>\u0130STANBUL VAL\u0130L\u0130\u011e\u0130<\/strong><strong> (T\u00fcrkiye)<\/strong><\/h3>\n<p>\u0130stanbul Valili\u011fi \u0130stanbul\u2019un genel idaresini ve gidi\u015fat\u0131n\u0131 d\u00fczenleme ve denetleme ile g\u00f6revlidir. Kanun, t\u00fcz\u00fck, y\u00f6netmelik ve h\u00fck\u00fcmet kararlar\u0131n\u0131n ilan edilmesini ve uygulanmas\u0131n\u0131 sa\u011flayarak bakanl\u0131klardan gelen talimatlar\u0131 ve emirleri uygular. Merkezi idarenin ildeki temsilcisi olup il s\u0131n\u0131rlar\u0131 i\u00e7erisindeki en y\u00fcksek idari kurumdur. Yakla\u015f\u0131k 2050 personel ile \u00e7e\u015fitli alanlarda hizmet sa\u011flamaktad\u0131r.<\/p>\n<p>\u0130stanbul Valili\u011fi Avrupa Birli\u011fi ve D\u0131\u015f \u0130li\u015fkiler B\u00fcrosu, Valili\u011fimiz ad\u0131na ulusal ve uluslararas\u0131 projeler ger\u00e7ekle\u015ftirmektedir. Kat\u0131l\u0131m sa\u011flanan projelerde engeli olan bireyler, kad\u0131nlar, g\u00f6\u00e7menler, ne istihdam ne de e\u011fitim s\u00fcrecinde olan gen\u00e7ler, i\u015fsiz yeti\u015fkinler gibi dezavantajl\u0131 gruplar\u0131n desteklenmesine \u00f6ncelik verilmektedir. Bu kapsamda bir\u00e7ok kamu kurumu, \u00fcniversite, gen\u00e7lik ve yeti\u015fkinlere y\u00f6nelik e\u011fitim merkezleri, mesleki e\u011fitim merkezleri ve sivil toplum kurulu\u015flar\u0131 ile \u00e7al\u0131\u015fmaktad\u0131r.<\/p>\n<p><strong>Websitesi:<\/strong> <a href=\"https:\/\/abmerkez.com\/\">https:\/\/abmerkez.com\/<\/a><\/p>\n<p><strong>Sosyal medya adresleri:<\/strong><\/p>\n<p><a href=\"https:\/\/www.facebook.com\/istanbulabproje\">https:\/\/www.facebook.com\/istanbulabproje<\/a><\/p>\n<p><a href=\"https:\/\/twitter.com\/abmerkez\">https:\/\/twitter.com\/abmerkez<\/a><\/p>\n<p><a href=\"https:\/\/www.instagram.com\/abmerkez\/\">https:\/\/www.instagram.com\/abmerkez\/<\/a><\/p>\n<p><a href=\"https:\/\/www.youtube.com\/channel\/UCx-b6eX6afONHOinRRKeYAA\"><strong>https:\/\/www.youtube.com\/channel\/UCx-b6eX6afONHOinRRKeYAA<\/strong><\/a><\/p>\n<p>&nbsp;<\/p>\n<hr \/>\n<p><img loading=\"lazy\" decoding=\"async\" class=\"wp-image-96 size-full aligncenter\" src=\"https:\/\/iadliber.erasmus.site\/wp-content\/uploads\/2023\/04\/rightchaleenge.png\" alt=\"\" width=\"300\" height=\"300\" srcset=\"https:\/\/iadliber.erasmus.site\/wp-content\/uploads\/2023\/04\/rightchaleenge.png 300w, https:\/\/iadliber.erasmus.site\/wp-content\/uploads\/2023\/04\/rightchaleenge-150x150.png 150w, https:\/\/iadliber.erasmus.site\/wp-content\/uploads\/2023\/04\/rightchaleenge-24x24.png 24w, https:\/\/iadliber.erasmus.site\/wp-content\/uploads\/2023\/04\/rightchaleenge-36x36.png 36w, https:\/\/iadliber.erasmus.site\/wp-content\/uploads\/2023\/04\/rightchaleenge-48x48.png 48w\" sizes=\"(max-width: 300px) 100vw, 300px\" \/><\/p>\n<h3 style=\"text-align: center;\"><strong><em>RightChallenge Derne\u011fi &#8211; STK (Portekiz)<\/em><\/strong><\/h3>\n<p>RightChallenge Derne\u011fi, sosyal i\u00e7erme ve f\u0131rsat e\u015fitli\u011fi odakl\u0131 e\u011fitim ve \u00f6\u011fretimi te\u015fvik eden bir sivil toplum kurulu\u015fudur. Dernek, e\u011fitim arac\u0131l\u0131\u011f\u0131yla ve \u00e7e\u015fitli payda\u015flarla i\u015fbirli\u011fi yaparak aktif, sorumlu ve demokratik vatanda\u015fl\u0131\u011f\u0131 desteklemeyi ama\u00e7lamaktad\u0131r. RightChallenge, temel e\u011fitim ve aile e\u011fitimi, mesleki e\u011fitim, sa\u011fl\u0131k ve rehabilitasyon, bar\u0131nma ve bak\u0131m hizmetleri gibi alanlarda \u00e7al\u0131\u015fmalar y\u00fcr\u00fcterek belirli gruplara y\u00f6nelik faaliyetler sunmaktad\u0131r. Dernek, e\u011fitimin yeti\u015fkinlerin geli\u015fiminin ayr\u0131lmaz bir par\u00e7as\u0131 oldu\u011funa inanmakta ve bireyleri aile, i\u015f, toplum ve bo\u015f zaman gibi toplumun t\u00fcm boyutlar\u0131na kat\u0131lmaya ve m\u00fcdahale etmeye haz\u0131rlamay\u0131 ama\u00e7lamaktad\u0131r.<\/p>\n<p><strong>Websitesi: <\/strong>\u00a0<a href=\"https:\/\/rightchallenge.org\/en\/\">https:\/\/rightchallenge.org\/en\/<\/a><\/p>\n<p><strong>Sosyal medya adresleri:<\/strong><\/p>\n<p>Facebook:\u00a0<a href=\"https:\/\/www.facebook.com\/Rightchallenge\">https:\/\/www.facebook.com\/Rightchallenge<\/a><\/p>\n<p>LinkedIn: \u00a0<a href=\"https:\/\/www.linkedin.com\/in\/rightchallenge-associa%C3%A7%C3%A3o-482224219\/\">https:\/\/www.linkedin.com\/in\/rightchallenge-associa%C3%A7%C3%A3o-482224219\/<\/a><\/p>\n<hr \/>\n<p><img loading=\"lazy\" decoding=\"async\" class=\"wp-image-98 size-full aligncenter\" src=\"https:\/\/iadliber.erasmus.site\/wp-content\/uploads\/2023\/04\/cwep.png\" alt=\"\" width=\"300\" height=\"300\" srcset=\"https:\/\/iadliber.erasmus.site\/wp-content\/uploads\/2023\/04\/cwep.png 300w, https:\/\/iadliber.erasmus.site\/wp-content\/uploads\/2023\/04\/cwep-150x150.png 150w, https:\/\/iadliber.erasmus.site\/wp-content\/uploads\/2023\/04\/cwep-24x24.png 24w, https:\/\/iadliber.erasmus.site\/wp-content\/uploads\/2023\/04\/cwep-36x36.png 36w, https:\/\/iadliber.erasmus.site\/wp-content\/uploads\/2023\/04\/cwep-48x48.png 48w\" sizes=\"(max-width: 300px) 100vw, 300px\" \/><\/p>\n<h3 style=\"text-align: center;\"><strong><em>CENTRE FOR EDUCATION AND ENTREPRENEURSHIP SUPPORT \u2013 CWEP (Polonya)<\/em><\/strong><\/h3>\n<p>E\u011fitim ve Giri\u015fimcilik Destek Merkezi (Centre for Education and Entrepreneurship Support &#8211; CWEP), 2004 y\u0131l\u0131nda Polonya&#8217;n\u0131n Rzesz\u00f3w kentinde bir grup giri\u015fimci, \u00f6\u011fretmen ve sosyal aktivist taraf\u0131ndan kurulmu\u015f bir sivil toplum kurulu\u015fudur. CWEP, i\u015fletmeler ve e\u011fitim kurumlar\u0131yla i\u015fbirli\u011fi yaparak faaliyet g\u00f6stermektedir. CWEP&#8217;in misyonu, her d\u00fczeyde ve her \u015fekilde e\u011fitim kalitesini art\u0131rmak ve cinsiyet, ya\u015f veya etnik k\u00f6ken fark etmeksizin her sosyal grubun entegrasyonunu te\u015fvik etmek amac\u0131yla giri\u015fimcili\u011fi desteklemektir. \u00d6zellikle, t\u00fcm bireylerin e\u011fitime eri\u015fimini, e\u011fitim kalitesini ve verimlili\u011fini art\u0131rmay\u0131 hedefler. Ayr\u0131ca, yeti\u015fkin e\u011fitimi, ya\u015fam boyu \u00f6\u011frenme, e-\u00f6\u011frenme ve e\u011fitim ile giri\u015fimcilikte yeni teknolojilerin kullan\u0131m\u0131n\u0131 te\u015fvik etmeyi ve bu alanlara katk\u0131da bulunmay\u0131 ama\u00e7lar. CWEP, Avrupa genelinde bir\u00e7ok ortakla i\u015fbirli\u011fi yaparak i\u015fletmelerin ekonomik konumlar\u0131n\u0131 g\u00fc\u00e7lendirmeyi hedeflemekte ve \u015firketler i\u00e7in \u00e7evrimi\u00e7i platformlar sa\u011flamaktad\u0131r. Bu \u00e7er\u00e7evede, CWEP e\u011fitim ve giri\u015fimcilik alanlar\u0131nda yenilik\u00e7i projeler \u00fczerinde \u00e7al\u0131\u015fmaktad\u0131r.<\/p>\n<p><strong>Websites<\/strong>i<strong>:<\/strong>\u00a0<a href=\"http:\/\/www.cwep.eu\/\">www.cwep.eu<\/a><\/p>\n<hr \/>\n<p><img loading=\"lazy\" decoding=\"async\" class=\"wp-image-101 size-full aligncenter\" src=\"https:\/\/iadliber.erasmus.site\/wp-content\/uploads\/2023\/04\/mecb.png\" alt=\"\" width=\"300\" height=\"300\" srcset=\"https:\/\/iadliber.erasmus.site\/wp-content\/uploads\/2023\/04\/mecb.png 300w, https:\/\/iadliber.erasmus.site\/wp-content\/uploads\/2023\/04\/mecb-150x150.png 150w, https:\/\/iadliber.erasmus.site\/wp-content\/uploads\/2023\/04\/mecb-24x24.png 24w, https:\/\/iadliber.erasmus.site\/wp-content\/uploads\/2023\/04\/mecb-36x36.png 36w, https:\/\/iadliber.erasmus.site\/wp-content\/uploads\/2023\/04\/mecb-48x48.png 48w\" sizes=\"(max-width: 300px) 100vw, 300px\" \/><\/p>\n<h3 style=\"text-align: center;\"><strong><a href=\"http:\/\/www.mecb.com.mt\/%20eu\">MACDAC M\u00dcHEND\u0130SL\u0130K DANI\u015eMANLIK B\u00dcROSU &#8211; MECB<\/a> (Malta)<\/strong><\/h3>\n<p>MACDAC M\u00fchendislik Dan\u0131\u015fmanl\u0131k B\u00fcrosu Ltd. (MECB), Malta merkezli bir Dan\u0131\u015fmanl\u0131k B\u00fcrosu olup \u00e7e\u015fitli disiplinlerde uzmanla\u015fm\u0131\u015f ve y\u00fcksek kaliteli teknik dan\u0131\u015fmanl\u0131k hizmetleri sunan bir kurulu\u015ftur. Ayn\u0131 zamanda ara\u015ft\u0131rma, e\u011fitim ve AB proje ortakl\u0131\u011f\u0131 f\u0131rsatlar\u0131 konular\u0131nda destek sa\u011flamay\u0131 ama\u00e7lamaktad\u0131r. MECB, y\u0131llar i\u00e7inde Erasmus+, EEA, LLP Grundtvig, Leonardo da Vinci, FP6\/7 ve H2020 gibi bir dizi AB projesine ve ihalesine kat\u0131l\u0131m sa\u011flam\u0131\u015ft\u0131r.<\/p>\n<p>MECB&#8217;nin uzmanl\u0131k alanlar\u0131 \u015fu sekt\u00f6rleri kapsamaktad\u0131r: Teknolojik Giri\u015fimcilik, Art\u0131r\u0131lm\u0131\u015f ve Sanal Ger\u00e7eklik, CAD ve 3D Modelleme, Yenilik\u00e7ilik ve Yarat\u0131c\u0131l\u0131k Y\u00f6ntemleri, S\u00fcrd\u00fcr\u00fclebilir Kalk\u0131nma, D\u00f6ng\u00fcsel Ekonomi, \u0130klim De\u011fi\u015fikli\u011fi, End\u00fcstri 4.0, Hayat Boyu \u00d6\u011frenme, e-\u00d6\u011frenme, Uluslararas\u0131 \u0130\u015fbirli\u011fi, E\u015fle\u015ftirme ve AB Veri Koruma\/GD-PR.<\/p>\n<p>AB Dijital Beceriler ve \u0130\u015fler Koalisyonu&#8217;na \u00fcye olarak kabul edilen MECB, Avrupa genelinde dijital teknolojilerin geli\u015ftirilmesi ve yayg\u0131nla\u015ft\u0131r\u0131lmas\u0131 konusundaki d\u00fczenli katk\u0131lar\u0131yla bilinmektedir.<\/p>\n<p><strong>Websitesi: <\/strong><a href=\"https:\/\/www.eumecb.com\/\">https:\/\/www.eumecb.com\/<\/a><\/p>\n<p><strong>Sosyal medya adresleri::<\/strong><\/p>\n<ul>\n<li><strong>Facebook:\u00a0<\/strong><a href=\"https:\/\/www.facebook.com\/mecb.com.mt\/\">https:\/\/www.facebook.com\/mecb.com.mt\/<\/a><\/li>\n<li><strong>Twitter:<\/strong>\u00a0<a href=\"https:\/\/twitter.com\/_MECB_\">https:\/\/twitter.com\/_MECB_<\/a><\/li>\n<li><strong>YouTube:<\/strong>\u00a0<a href=\"https:\/\/www.youtube.com\/channel\/UCUEL03fwh8IfNibrI-HkVJw\">https:\/\/www.youtube.com\/channel\/UCUEL03fwh8IfNibrI-HkVJw<\/a><\/li>\n<\/ul>\n<p><\/p>","protected":false},"excerpt":{"rendered":"<p>ASOCIATIA DE DEZVOLTARE ECONOMICO-SOCIALA (Romanya) Romanya\u2019n\u0131n Curtea de Arge\u0219 kentinde faaliyet g\u00f6steren Asocia\u021bia de Dezvoltare Economico-Social\u0103 (ADES), 1995 y\u0131l\u0131nda kurulan kar amac\u0131 g\u00fctmeyen bir kurulu\u015ftur. ADES&#8217;in temel amac\u0131, Romanya&#8217;daki topluluklarda olumlu sosyal ve ekonomik de\u011fi\u015fimleri profesyonel, etik ve sorumlu bir \u015fekilde desteklemektir. ADES ekibi, bireylerin ki\u015fisel ve mesleki becerilerini geli\u015ftirmeyi, k\u00fc\u00e7\u00fck ve orta \u00f6l\u00e7ekli i\u015fletmelerin&hellip;&nbsp;<\/p>\n","protected":false},"author":1,"featured_media":0,"parent":0,"menu_order":0,"comment_status":"closed","ping_status":"closed","template":"","meta":{"neve_meta_sidebar":"","neve_meta_container":"","neve_meta_enable_content_width":"off","neve_meta_content_width":100,"neve_meta_title_alignment":"","neve_meta_author_avatar":"","neve_post_elements_order":"","neve_meta_disable_header":"","neve_meta_disable_footer":"","neve_meta_disable_title":"","footnotes":""},"class_list":["post-77","page","type-page","status-publish","hentry"],"_links":{"self":[{"href":"https:\/\/iadliber.erasmus.site\/tr\/wp-json\/wp\/v2\/pages\/77","targetHints":{"allow":["GET"]}}],"collection":[{"href":"https:\/\/iadliber.erasmus.site\/tr\/wp-json\/wp\/v2\/pages"}],"about":[{"href":"https:\/\/iadliber.erasmus.site\/tr\/wp-json\/wp\/v2\/types\/page"}],"author":[{"embeddable":true,"href":"https:\/\/iadliber.erasmus.site\/tr\/wp-json\/wp\/v2\/users\/1"}],"replies":[{"embeddable":true,"href":"https:\/\/iadliber.erasmus.site\/tr\/wp-json\/wp\/v2\/comments?post=77"}],"version-history":[{"count":22,"href":"https:\/\/iadliber.erasmus.site\/tr\/wp-json\/wp\/v2\/pages\/77\/revisions"}],"predecessor-version":[{"id":411,"href":"https:\/\/iadliber.erasmus.site\/tr\/wp-json\/wp\/v2\/pages\/77\/revisions\/411"}],"wp:attachment":[{"href":"https:\/\/iadliber.erasmus.site\/tr\/wp-json\/wp\/v2\/media?parent=77"}],"curies":[{"name":"wp","href":"https:\/\/api.w.org\/{rel}","templated":true}]}}