{"id":10,"date":"2023-04-15T11:30:20","date_gmt":"2023-04-15T11:30:20","guid":{"rendered":"https:\/\/iadliber.erasmus.site\/?page_id=10"},"modified":"2025-01-23T19:34:57","modified_gmt":"2025-01-23T19:34:57","slug":"home","status":"publish","type":"page","link":"https:\/\/iadliber.erasmus.site\/tr\/","title":{"rendered":"Anasayfa"},"content":{"rendered":"\t\t<div data-elementor-type=\"wp-page\" data-elementor-id=\"10\" class=\"elementor elementor-10\">\n\t\t\t\t\t\t<section class=\"elementor-section elementor-top-section elementor-element elementor-element-7f444b2 elementor-section-height-min-height elementor-section-boxed elementor-section-height-default elementor-section-items-middle\" data-id=\"7f444b2\" data-element_type=\"section\" data-e-type=\"section\" data-settings=\"{&quot;background_background&quot;:&quot;classic&quot;}\">\n\t\t\t\t\t\t\t<div class=\"elementor-background-overlay\"><\/div>\n\t\t\t\t\t\t\t<div class=\"elementor-container elementor-column-gap-default\">\n\t\t\t\t\t<div class=\"elementor-column elementor-col-100 elementor-top-column elementor-element elementor-element-da9bff8\" data-id=\"da9bff8\" data-element_type=\"column\" data-e-type=\"column\">\n\t\t\t<div class=\"elementor-widget-wrap elementor-element-populated\">\n\t\t\t\t\t\t<div class=\"elementor-element elementor-element-8d0359a elementor-widget elementor-widget-heading\" data-id=\"8d0359a\" data-element_type=\"widget\" data-e-type=\"widget\" data-widget_type=\"heading.default\">\n\t\t\t\t<div class=\"elementor-widget-container\">\n\t\t\t\t\t<h2 class=\"elementor-heading-title elementor-size-xxl\">Iadliber Projesi<\/h2>\t\t\t\t<\/div>\n\t\t\t\t<\/div>\n\t\t\t\t<div class=\"elementor-element elementor-element-c53b8ef elementor-widget elementor-widget-text-editor\" data-id=\"c53b8ef\" data-element_type=\"widget\" data-e-type=\"widget\" data-widget_type=\"text-editor.default\">\n\t\t\t\t<div class=\"elementor-widget-container\">\n\t\t\t\t\t\t\t\t\t<p><strong>\u0130nternet Ba\u011f\u0131ml\u0131l\u0131\u011f\u0131yla M\u00fccadelede Yeti\u015fkin E\u011fitimcilerinin Yeterliliklerinin Art\u0131r\u0131lmas\u0131<\/strong><\/p>\t\t\t\t\t\t\t\t<\/div>\n\t\t\t\t<\/div>\n\t\t\t\t<div class=\"elementor-element elementor-element-5a1a9af elementor-widget elementor-widget-text-editor\" data-id=\"5a1a9af\" data-element_type=\"widget\" data-e-type=\"widget\" data-widget_type=\"text-editor.default\">\n\t\t\t\t<div class=\"elementor-widget-container\">\n\t\t\t\t\t\t\t\t\t<p>Proje Numaras\u0131: 2022-1-RO01-KA220-ADU-000087209<br \/>Proje S\u00fcresi: 01.12.2022 &#8211; 30.11.2024 (24 Ay)<\/p>\t\t\t\t\t\t\t\t<\/div>\n\t\t\t\t<\/div>\n\t\t\t\t\t<\/div>\n\t\t<\/div>\n\t\t\t\t\t<\/div>\n\t\t<\/section>\n\t\t\t\t<section class=\"elementor-section elementor-top-section elementor-element elementor-element-97c4d95 elementor-section-height-min-height elementor-section-boxed elementor-section-height-default elementor-section-items-middle\" data-id=\"97c4d95\" data-element_type=\"section\" data-e-type=\"section\">\n\t\t\t\t\t\t<div class=\"elementor-container elementor-column-gap-default\">\n\t\t\t\t\t<div class=\"elementor-column elementor-col-50 elementor-top-column elementor-element elementor-element-385abbc\" data-id=\"385abbc\" data-element_type=\"column\" data-e-type=\"column\">\n\t\t\t<div class=\"elementor-widget-wrap elementor-element-populated\">\n\t\t\t\t\t\t<div class=\"elementor-element elementor-element-0b7e62b elementor-widget elementor-widget-menu-anchor\" data-id=\"0b7e62b\" data-element_type=\"widget\" data-e-type=\"widget\" data-widget_type=\"menu-anchor.default\">\n\t\t\t\t<div class=\"elementor-widget-container\">\n\t\t\t\t\t\t\t<div class=\"elementor-menu-anchor\" id=\"aim\"><\/div>\n\t\t\t\t\t\t<\/div>\n\t\t\t\t<\/div>\n\t\t\t\t<div class=\"elementor-element elementor-element-bae185b elementor-widget elementor-widget-heading\" data-id=\"bae185b\" data-element_type=\"widget\" data-e-type=\"widget\" data-widget_type=\"heading.default\">\n\t\t\t\t<div class=\"elementor-widget-container\">\n\t\t\t\t\t<h2 class=\"elementor-heading-title elementor-size-default\">PROJEN\u0130N AMACI<\/h2>\t\t\t\t<\/div>\n\t\t\t\t<\/div>\n\t\t\t\t<div class=\"elementor-element elementor-element-659fcd8 elementor-widget elementor-widget-text-editor\" data-id=\"659fcd8\" data-element_type=\"widget\" data-e-type=\"widget\" data-widget_type=\"text-editor.default\">\n\t\t\t\t<div class=\"elementor-widget-container\">\n\t\t\t\t\t\t\t\t\t<p><\/p><p><\/p><p><strong>IADliber Projesi,<\/strong> dezavantajl\u0131 yeti\u015fkinler ile (d\u00fc\u015f\u00fck e\u011fitim ya da gelir seviyesine sahip yeti\u015fkinler vb.) birlikte \u00e7al\u0131\u015fan <strong>e\u011fitimcileri desteklemeyi<\/strong> ama\u00e7layan bir giri\u015fimdir. Bu proje, e\u011fitimcilerin internet ba\u011f\u0131ml\u0131l\u0131\u011f\u0131ndan m\u00fczdarip dezavantajl\u0131 yeti\u015fkinlere yard\u0131mc\u0131 olabilmesi i\u00e7in gerekli e\u011fitim materyallerini sa\u011flar. Ayr\u0131ca, \u00e7e\u015fitli fark\u0131ndal\u0131k ve odaklanma y\u00f6ntemleri kullanarak, hedef grup \u00fczerinde olumlu etkiler yaratmay\u0131 hedefler.<\/p><p><strong>A\u00c7IKLAMALAR<\/strong><\/p><p>\u0130nternet Ba\u011f\u0131ml\u0131l\u0131\u011f\u0131 resmi olarak DS\u00d6 (D\u00fcnya Sa\u011fl\u0131k \u00d6rg\u00fct\u00fc) veya APA (Amerikan Psikoloji Derne\u011fi) taraf\u0131ndan tan\u0131mlanmasa da ciddi ve sorunlu bir durumu ifade eder. Bu durum, ki\u015fisel hayat\u0131 olumsuz etkileyerek internet kullan\u0131m\u0131nda kontrol eksikli\u011fi \u015feklinde tan\u0131mlanabilir. Tahminlere g\u00f6re, d\u00fcnya genelinde internet kullanan n\u00fcfusun yakla\u015f\u0131k %39&#8217;u interneti d\u00fczenli olarak bilgi edinme, sosyal medya kullan\u0131m\u0131 ve \u00e7evrimi\u00e7i al\u0131\u015fveri\u015f gibi \u00e7e\u015fitli ama\u00e7larla kullanmakta olup, bu n\u00fcfusun yakla\u015f\u0131k %6&#8217;s\u0131n\u0131n \u0130nternet Ba\u011f\u0131ml\u0131l\u0131\u011f\u0131&#8217;ndan etkilendi\u011fi d\u00fc\u015f\u00fcn\u00fclmektedir.<\/p><p>Projenin t\u00fcm faaliyetleri, dezavantajl\u0131 yeti\u015fkinlerin sorunlar\u0131n\u0131 \u00e7\u00f6zmeye ve genel durumlar\u0131n\u0131 iyile\u015ftirmeye odaklanmaktad\u0131r. Proje, internet ba\u011f\u0131ml\u0131l\u0131\u011f\u0131ndan m\u00fczdarip dezavantajl\u0131 yeti\u015fkinlere destek sa\u011flayan kurumlar i\u00e7in \u00e7e\u015fitli ara\u00e7lar geli\u015ftirmi\u015ftir. Bu kurumlar aras\u0131nda halk e\u011fitim merkezleri, yeti\u015fkin e\u011fitim kurulu\u015flar\u0131, \u00fc\u00e7\u00fcnc\u00fc ya\u015f \u00fcniversiteleri ve yerel ve b\u00f6lgesel e\u011fitim departmanlar\u0131 gibi kurumlar yer almatad\u0131r.<\/p><p>Hedef Grup<\/p><ul><li>A\u011f\u0131rl\u0131kl\u0131 olarak dezavantajl\u0131 yeti\u015fkinlerle \u00e7al\u0131\u015fan yeti\u015fkin e\u011fitimciler (ana hedef grup)<\/li><li>Daha az f\u0131rsata sahip ki\u015filer (d\u00fc\u015f\u00fck nitelikli, i\u015fsiz, yoksulluk riski alt\u0131ndaki yeti\u015fkinler, vb) (ikincil hedef grup)<\/li><\/ul><p><\/p>\t\t\t\t\t\t\t\t<\/div>\n\t\t\t\t<\/div>\n\t\t\t\t\t<\/div>\n\t\t<\/div>\n\t\t\t\t<div class=\"elementor-column elementor-col-50 elementor-top-column elementor-element elementor-element-0fee953\" data-id=\"0fee953\" data-element_type=\"column\" data-e-type=\"column\">\n\t\t\t<div class=\"elementor-widget-wrap elementor-element-populated\">\n\t\t\t\t\t\t<div class=\"elementor-element elementor-element-372f92c elementor-widget elementor-widget-image\" data-id=\"372f92c\" data-element_type=\"widget\" data-e-type=\"widget\" data-widget_type=\"image.default\">\n\t\t\t\t<div class=\"elementor-widget-container\">\n\t\t\t\t\t\t\t\t\t\t\t\t\t\t\t<img fetchpriority=\"high\" decoding=\"async\" width=\"1024\" height=\"1024\" src=\"https:\/\/iadliber.erasmus.site\/wp-content\/uploads\/2023\/04\/10068952_4340131-1024x1024.jpg\" class=\"attachment-large size-large wp-image-52\" alt=\"\" srcset=\"https:\/\/iadliber.erasmus.site\/wp-content\/uploads\/2023\/04\/10068952_4340131-1024x1024.jpg 1024w, https:\/\/iadliber.erasmus.site\/wp-content\/uploads\/2023\/04\/10068952_4340131-300x300.jpg 300w, https:\/\/iadliber.erasmus.site\/wp-content\/uploads\/2023\/04\/10068952_4340131-150x150.jpg 150w, https:\/\/iadliber.erasmus.site\/wp-content\/uploads\/2023\/04\/10068952_4340131-768x768.jpg 768w, https:\/\/iadliber.erasmus.site\/wp-content\/uploads\/2023\/04\/10068952_4340131-1536x1536.jpg 1536w, https:\/\/iadliber.erasmus.site\/wp-content\/uploads\/2023\/04\/10068952_4340131-24x24.jpg 24w, https:\/\/iadliber.erasmus.site\/wp-content\/uploads\/2023\/04\/10068952_4340131-36x36.jpg 36w, https:\/\/iadliber.erasmus.site\/wp-content\/uploads\/2023\/04\/10068952_4340131-48x48.jpg 48w, https:\/\/iadliber.erasmus.site\/wp-content\/uploads\/2023\/04\/10068952_4340131.jpg 2000w\" sizes=\"(max-width: 1024px) 100vw, 1024px\" \/>\t\t\t\t\t\t\t\t\t\t\t\t\t\t\t<\/div>\n\t\t\t\t<\/div>\n\t\t\t\t\t<\/div>\n\t\t<\/div>\n\t\t\t\t\t<\/div>\n\t\t<\/section>\n\t\t\t\t<section class=\"elementor-section elementor-top-section elementor-element elementor-element-c8aead5 elementor-section-boxed elementor-section-height-default elementor-section-height-default\" data-id=\"c8aead5\" data-element_type=\"section\" data-e-type=\"section\">\n\t\t\t\t\t\t<div class=\"elementor-container elementor-column-gap-default\">\n\t\t\t\t\t<div class=\"elementor-column elementor-col-100 elementor-top-column elementor-element elementor-element-63dd2eb\" data-id=\"63dd2eb\" data-element_type=\"column\" data-e-type=\"column\">\n\t\t\t<div class=\"elementor-widget-wrap elementor-element-populated\">\n\t\t\t\t\t\t<div class=\"elementor-element elementor-element-5bb602b elementor-widget-divider--view-line elementor-widget elementor-widget-divider\" data-id=\"5bb602b\" data-element_type=\"widget\" data-e-type=\"widget\" data-widget_type=\"divider.default\">\n\t\t\t\t<div class=\"elementor-widget-container\">\n\t\t\t\t\t\t\t<div class=\"elementor-divider\">\n\t\t\t<span class=\"elementor-divider-separator\">\n\t\t\t\t\t\t<\/span>\n\t\t<\/div>\n\t\t\t\t\t\t<\/div>\n\t\t\t\t<\/div>\n\t\t\t\t\t<\/div>\n\t\t<\/div>\n\t\t\t\t\t<\/div>\n\t\t<\/section>\n\t\t\t\t<section class=\"elementor-section elementor-top-section elementor-element elementor-element-8d528d5 elementor-section-boxed elementor-section-height-default elementor-section-height-default\" data-id=\"8d528d5\" data-element_type=\"section\" data-e-type=\"section\">\n\t\t\t\t\t\t<div class=\"elementor-container elementor-column-gap-default\">\n\t\t\t\t\t<div class=\"elementor-column elementor-col-100 elementor-top-column elementor-element elementor-element-e9353af\" data-id=\"e9353af\" data-element_type=\"column\" data-e-type=\"column\">\n\t\t\t<div class=\"elementor-widget-wrap elementor-element-populated\">\n\t\t\t\t\t\t<div class=\"elementor-element elementor-element-1fad10b elementor-widget elementor-widget-menu-anchor\" data-id=\"1fad10b\" data-element_type=\"widget\" data-e-type=\"widget\" data-widget_type=\"menu-anchor.default\">\n\t\t\t\t<div class=\"elementor-widget-container\">\n\t\t\t\t\t\t\t<div class=\"elementor-menu-anchor\" id=\"results\"><\/div>\n\t\t\t\t\t\t<\/div>\n\t\t\t\t<\/div>\n\t\t\t\t<div class=\"elementor-element elementor-element-a4730f9 elementor-widget elementor-widget-heading\" data-id=\"a4730f9\" data-element_type=\"widget\" data-e-type=\"widget\" data-widget_type=\"heading.default\">\n\t\t\t\t<div class=\"elementor-widget-container\">\n\t\t\t\t\t<h2 class=\"elementor-heading-title elementor-size-default\">PROJE \u00dcR\u00dcNLER\u0130<\/h2>\t\t\t\t<\/div>\n\t\t\t\t<\/div>\n\t\t\t\t\t<\/div>\n\t\t<\/div>\n\t\t\t\t\t<\/div>\n\t\t<\/section>\n\t\t\t\t<section class=\"elementor-section elementor-top-section elementor-element elementor-element-1ea3a49 elementor-section-boxed elementor-section-height-default elementor-section-height-default\" data-id=\"1ea3a49\" data-element_type=\"section\" data-e-type=\"section\">\n\t\t\t\t\t\t<div class=\"elementor-container elementor-column-gap-default\">\n\t\t\t\t\t<div class=\"elementor-column elementor-col-50 elementor-top-column elementor-element elementor-element-6b64c3b\" data-id=\"6b64c3b\" data-element_type=\"column\" data-e-type=\"column\">\n\t\t\t<div class=\"elementor-widget-wrap elementor-element-populated\">\n\t\t\t\t\t\t<div class=\"elementor-element elementor-element-4e8000c elementor-widget elementor-widget-text-editor\" data-id=\"4e8000c\" data-element_type=\"widget\" data-e-type=\"widget\" data-widget_type=\"text-editor.default\">\n\t\t\t\t<div class=\"elementor-widget-container\">\n\t\t\t\t\t\t\t\t\t<p><\/p><ul><li>Proje \u00dcr\u00fcn\u00fc 1: \u201cIADliber Hayatta Kalma Kiti\u201d, toplumu internet ba\u011f\u0131ml\u0131l\u0131\u011f\u0131na kar\u015f\u0131 daha diren\u00e7li ve daha iyi e\u011fitilmi\u015f hale getirmeye y\u00f6nelik bir e\u011fitim i\u00e7eri\u011fi koleksiyonudur. Bu kit, \u00e7e\u015fitli fark\u0131ndal\u0131k ve odaklanma y\u00f6ntemleri konular\u0131nda becerileri geli\u015ftirmeyi ama\u00e7lamaktad\u0131r.<\/li><\/ul><p><\/p>\t\t\t\t\t\t\t\t<\/div>\n\t\t\t\t<\/div>\n\t\t\t\t<div class=\"elementor-element elementor-element-5404de7 elementor-widget elementor-widget-text-editor\" data-id=\"5404de7\" data-element_type=\"widget\" data-e-type=\"widget\" data-widget_type=\"text-editor.default\">\n\t\t\t\t<div class=\"elementor-widget-container\">\n\t\t\t\t\t\t\t\t\t\n\n\n\n\n\n\n<div style=\"width: 1200px;\" class=\"wp-video\"><video class=\"wp-video-shortcode\" id=\"video-10-1\" width=\"1200\" height=\"675\" preload=\"metadata\" controls=\"controls\"><source type=\"video\/mp4\" src=\"https:\/\/iadliber.erasmus.site\/wp-content\/uploads\/2024\/10\/IADliber-video-TR.mp4?_=1\" \/><a href=\"https:\/\/iadliber.erasmus.site\/wp-content\/uploads\/2024\/10\/IADliber-video-TR.mp4\">https:\/\/iadliber.erasmus.site\/wp-content\/uploads\/2024\/10\/IADliber-video-TR.mp4<\/a><\/video><\/div>\t\t\t\t\t\t\t\t<\/div>\n\t\t\t\t<\/div>\n\t\t\t\t<div class=\"elementor-element elementor-element-217616c elementor-align-center elementor-widget elementor-widget-button\" data-id=\"217616c\" data-element_type=\"widget\" data-e-type=\"widget\" data-widget_type=\"button.default\">\n\t\t\t\t<div class=\"elementor-widget-container\">\n\t\t\t\t\t\t\t\t\t<div class=\"elementor-button-wrapper\">\n\t\t\t\t\t<a class=\"elementor-button elementor-button-link elementor-size-sm\" href=\"https:\/\/iadliber.erasmus.site\/pr1-iadliber-survival-kit\/\">\n\t\t\t\t\t\t<span class=\"elementor-button-content-wrapper\">\n\t\t\t\t\t\t\t\t\t<span class=\"elementor-button-text\">A\u00e7\u0131k<\/span>\n\t\t\t\t\t<\/span>\n\t\t\t\t\t<\/a>\n\t\t\t\t<\/div>\n\t\t\t\t\t\t\t\t<\/div>\n\t\t\t\t<\/div>\n\t\t\t\t\t<\/div>\n\t\t<\/div>\n\t\t\t\t<div class=\"elementor-column elementor-col-50 elementor-top-column elementor-element elementor-element-a979594\" data-id=\"a979594\" data-element_type=\"column\" data-e-type=\"column\">\n\t\t\t<div class=\"elementor-widget-wrap elementor-element-populated\">\n\t\t\t\t\t\t<div class=\"elementor-element elementor-element-7b3279f elementor-widget elementor-widget-text-editor\" data-id=\"7b3279f\" data-element_type=\"widget\" data-e-type=\"widget\" data-widget_type=\"text-editor.default\">\n\t\t\t\t<div class=\"elementor-widget-container\">\n\t\t\t\t\t\t\t\t\t<p><\/p><ul><li>Proje \u00dcr\u00fcn\u00fc 2: \u201cIADliber Mobil Uygulamas\u0131\u201d, hedef kitlenin \u0130nternet Ba\u011f\u0131ml\u0131l\u0131\u011f\u0131 Bozuklu\u011fu semptomlar\u0131n\u0131 kontrol etmelerine ve bu semptomlara kar\u015f\u0131 belirli iyile\u015ftirici ad\u0131mlar atmalar\u0131na olanak tan\u0131yan bir uygulamad\u0131r. Uygulama, indirildikten sonra internet ba\u011flant\u0131s\u0131 olmadan \u00e7al\u0131\u015fabilir. Bu sayede kullan\u0131c\u0131lar, kendi ba\u011f\u0131ml\u0131l\u0131k belirtilerini y\u00f6netme konusunda daha fazla kontrol sa\u011flayabilirler.<\/li><\/ul><p><\/p>\t\t\t\t\t\t\t\t<\/div>\n\t\t\t\t<\/div>\n\t\t\t\t<div class=\"elementor-element elementor-element-15fad5b elementor-shape-rounded elementor-grid-0 e-grid-align-center elementor-widget elementor-widget-social-icons\" data-id=\"15fad5b\" data-element_type=\"widget\" data-e-type=\"widget\" data-widget_type=\"social-icons.default\">\n\t\t\t\t<div class=\"elementor-widget-container\">\n\t\t\t\t\t\t\t<div class=\"elementor-social-icons-wrapper elementor-grid\" role=\"list\">\n\t\t\t\t\t\t\t<span class=\"elementor-grid-item\" role=\"listitem\">\n\t\t\t\t\t<a class=\"elementor-icon elementor-social-icon elementor-social-icon-apple elementor-repeater-item-fbb0525\" href=\"https:\/\/apps.apple.com\/app\/iadliber\/id6502402404\" target=\"_blank\">\n\t\t\t\t\t\t<span class=\"elementor-screen-only\">Apple<\/span>\n\t\t\t\t\t\t<i aria-hidden=\"true\" class=\"fab fa-apple\"><\/i>\t\t\t\t\t<\/a>\n\t\t\t\t<\/span>\n\t\t\t\t\t\t\t<span class=\"elementor-grid-item\" role=\"listitem\">\n\t\t\t\t\t<a class=\"elementor-icon elementor-social-icon elementor-social-icon-android elementor-repeater-item-217465c\" href=\"https:\/\/play.google.com\/store\/apps\/details?id=eu.dcnet.iadliber2\" target=\"_blank\">\n\t\t\t\t\t\t<span class=\"elementor-screen-only\">Android<\/span>\n\t\t\t\t\t\t<i aria-hidden=\"true\" class=\"fab fa-android\"><\/i>\t\t\t\t\t<\/a>\n\t\t\t\t<\/span>\n\t\t\t\t\t<\/div>\n\t\t\t\t\t\t<\/div>\n\t\t\t\t<\/div>\n\t\t\t\t\t<\/div>\n\t\t<\/div>\n\t\t\t\t\t<\/div>\n\t\t<\/section>\n\t\t\t\t<\/div>\n\t\t","protected":false},"excerpt":{"rendered":"<p>Iadliber Projesi \u0130nternet Ba\u011f\u0131ml\u0131l\u0131\u011f\u0131yla M\u00fccadelede Yeti\u015fkin E\u011fitimcilerinin Yeterliliklerinin Art\u0131r\u0131lmas\u0131 Proje Numaras\u0131: 2022-1-RO01-KA220-ADU-000087209Proje S\u00fcresi: 01.12.2022 &#8211; 30.11.2024 (24 Ay) PROJEN\u0130N AMACI IADliber Projesi, dezavantajl\u0131 yeti\u015fkinler ile (d\u00fc\u015f\u00fck e\u011fitim ya da gelir seviyesine sahip yeti\u015fkinler vb.) birlikte \u00e7al\u0131\u015fan e\u011fitimcileri desteklemeyi ama\u00e7layan bir giri\u015fimdir. Bu proje, e\u011fitimcilerin internet ba\u011f\u0131ml\u0131l\u0131\u011f\u0131ndan m\u00fczdarip dezavantajl\u0131 yeti\u015fkinlere yard\u0131mc\u0131 olabilmesi i\u00e7in gerekli e\u011fitim materyallerini&hellip;&nbsp;<\/p>\n","protected":false},"author":1,"featured_media":0,"parent":0,"menu_order":0,"comment_status":"closed","ping_status":"closed","template":"page-templates\/template-pagebuilder-full-width.php","meta":{"neve_meta_sidebar":"","neve_meta_container":"","neve_meta_enable_content_width":"off","neve_meta_content_width":100,"neve_meta_title_alignment":"","neve_meta_author_avatar":"","neve_post_elements_order":"","neve_meta_disable_header":"","neve_meta_disable_footer":"","neve_meta_disable_title":"","footnotes":""},"class_list":["post-10","page","type-page","status-publish","hentry"],"_links":{"self":[{"href":"https:\/\/iadliber.erasmus.site\/tr\/wp-json\/wp\/v2\/pages\/10","targetHints":{"allow":["GET"]}}],"collection":[{"href":"https:\/\/iadliber.erasmus.site\/tr\/wp-json\/wp\/v2\/pages"}],"about":[{"href":"https:\/\/iadliber.erasmus.site\/tr\/wp-json\/wp\/v2\/types\/page"}],"author":[{"embeddable":true,"href":"https:\/\/iadliber.erasmus.site\/tr\/wp-json\/wp\/v2\/users\/1"}],"replies":[{"embeddable":true,"href":"https:\/\/iadliber.erasmus.site\/tr\/wp-json\/wp\/v2\/comments?post=10"}],"version-history":[{"count":181,"href":"https:\/\/iadliber.erasmus.site\/tr\/wp-json\/wp\/v2\/pages\/10\/revisions"}],"predecessor-version":[{"id":408,"href":"https:\/\/iadliber.erasmus.site\/tr\/wp-json\/wp\/v2\/pages\/10\/revisions\/408"}],"wp:attachment":[{"href":"https:\/\/iadliber.erasmus.site\/tr\/wp-json\/wp\/v2\/media?parent=10"}],"curies":[{"name":"wp","href":"https:\/\/api.w.org\/{rel}","templated":true}]}}