{"id":77,"date":"2023-04-15T12:34:19","date_gmt":"2023-04-15T12:34:19","guid":{"rendered":"https:\/\/iadliber.erasmus.site\/?page_id=77"},"modified":"2025-01-23T19:42:21","modified_gmt":"2025-01-23T19:42:21","slug":"partnership","status":"publish","type":"page","link":"https:\/\/iadliber.erasmus.site\/ro\/partnership\/","title":{"rendered":"Parteneriat"},"content":{"rendered":"<p><img fetchpriority=\"high\" decoding=\"async\" class=\"size-full wp-image-90 aligncenter\" src=\"https:\/\/iadliber.erasmus.site\/wp-content\/uploads\/2023\/04\/ades.png\" alt=\"\" width=\"300\" height=\"300\" srcset=\"https:\/\/iadliber.erasmus.site\/wp-content\/uploads\/2023\/04\/ades.png 300w, https:\/\/iadliber.erasmus.site\/wp-content\/uploads\/2023\/04\/ades-150x150.png 150w, https:\/\/iadliber.erasmus.site\/wp-content\/uploads\/2023\/04\/ades-24x24.png 24w, https:\/\/iadliber.erasmus.site\/wp-content\/uploads\/2023\/04\/ades-36x36.png 36w, https:\/\/iadliber.erasmus.site\/wp-content\/uploads\/2023\/04\/ades-48x48.png 48w\" sizes=\"(max-width: 300px) 100vw, 300px\" \/><\/p>\n<h3 style=\"text-align: center;\"><strong>ASOCIA\u021aIA DE DEZVOLTARE ECONOMICO-SOCIAL\u0102 (Rom\u00e2nia)<\/strong><\/h3>\n<p>Asocia\u021bia de Dezvoltare Economico-Social\u0103\u00a0 &#8211; ADES, din Curtea de Arge\u0219, Rom\u00e2nia, este o organiza\u021bie non-profit, care a devenit entitate juridic\u0103 (ONG) \u00een iunie 1995. Misiunea ADES este de a crea schimb\u0103ri sociale \u0219i economice pozitive \u00een comunit\u0103\u021bile din Rom\u00e2nia, \u00eentr-o manier\u0103 profesional\u0103, etic\u0103 \u0219i responsabil\u0103.<\/p>\n<p>Echipa ADES urm\u0103re\u0219te dezvoltarea abilit\u0103\u021bilor personale \u0219i profesionale, sprijinirea dezvolt\u0103rii \u0219i extinderii IMM-urilor, \u00eembun\u0103t\u0103\u021birea condi\u021biilor sociale \u0219i economice din comunit\u0103\u021bile locale.<\/p>\n<p>Din 1995, ADES a dezvoltat \u0219i implementat cu succes peste 50 de proiecte finan\u021bate de Uniunea European\u0103, Banca Mondial\u0103, Ambasada SUA, Programul de Dezvoltare a Afacerilor Europene, Funda\u021bia pentru o Societate Deschis\u0103, Fondul Charity Know How, etc. ADES lucreaz\u0103 \u00eendeaproape cu comunit\u0103\u021bi, surse de finan\u021bare \u0219i parteneri de implementare (autorit\u0103\u021bi publice locale, companii, ONG-uri \u0219i \u0219coli) pentru realizarea proiectelor de dezvoltare socioeconomic\u0103.<\/p>\n<p>Pentru mai multe informa\u021bii despre ADES, pute\u021bi vizita paginile:<\/p>\n<p><a href=\"http:\/\/www.facebook.com\/ADESCDA\/\">www.facebook.com\/ADESCDA\/<\/a><\/p>\n<p><a href=\"https:\/\/www.linkedin.com\/company\/43363632\/\">https:\/\/www.linkedin.com\/company\/43363632\/<\/a><\/p>\n<p>&nbsp;<\/p>\n<hr \/>\n<p><img decoding=\"async\" class=\"wp-image-91 size-full aligncenter\" src=\"https:\/\/iadliber.erasmus.site\/wp-content\/uploads\/2023\/04\/c4e.png\" alt=\"\" width=\"300\" height=\"300\" srcset=\"https:\/\/iadliber.erasmus.site\/wp-content\/uploads\/2023\/04\/c4e.png 300w, https:\/\/iadliber.erasmus.site\/wp-content\/uploads\/2023\/04\/c4e-150x150.png 150w, https:\/\/iadliber.erasmus.site\/wp-content\/uploads\/2023\/04\/c4e-24x24.png 24w, https:\/\/iadliber.erasmus.site\/wp-content\/uploads\/2023\/04\/c4e-36x36.png 36w, https:\/\/iadliber.erasmus.site\/wp-content\/uploads\/2023\/04\/c4e-48x48.png 48w\" sizes=\"(max-width: 300px) 100vw, 300px\" \/><\/p>\n<h3 style=\"text-align: center;\"><strong>CENTRE FOR EDUCATION<\/strong><strong> (Spania)<\/strong><\/h3>\n<p>Centre for Education este o asocia\u021bie f\u0103r\u0103 scop lucrativ, \u00eenfiin\u021bat\u0103 \u00een 2012, cu sediul \u00een Marina Cala D\u2019or, Mallorca, Spania.<\/p>\n<p>Centre for Education ofer\u0103 cursuri de formare special concepute pentru grupuri de adul\u021bi tineri dezavantaja\u021bi. Aceste cursuri sunt sus\u021binute \u00een cooperare cu organiza\u021bii similare, care lucreaz\u0103 \u0219i \u00een domeniul form\u0103rii tinerilor adul\u021bi care nu sunt angaja\u021bi \u0219i nu urmeaz\u0103 nicio form\u0103 de educa\u021bie sau formare (NEET).<\/p>\n<p>Personalul are experien\u021b\u0103 \u00een proiecte finan\u021bate de Uniunea European\u0103, \u00eencheiate sau aflate \u00een derulare, \u00een care asocia\u021bia a fost sau este implicat\u0103 at\u00e2t ca \u0219i coordonator, c\u00e2t \u0219i ca partener deplin.<\/p>\n<p>Persoanele cheie implicate \u00een activitatea proiectului IADliber sunt:<\/p>\n<p>Michael John, specialist \u00een educa\u021bie &#8211; Pre\u0219edinte al Centre for Education, cu 15 ani de experien\u021b\u0103 ca antreprenor \u0219i formator \u00een sectorul maritim. Michael este responsabil pentru toate activit\u0103\u021bile de formare din asocia\u021bie \u0219i are cuno\u0219tin\u021be \u0219i experien\u021b\u0103 semnificative \u00een ceea ce prive\u0219te cercetarea \u0219i analiza calific\u0103rilor. De asemenea, a scris programe de formare aprobate \u0219i a avut succes \u00een furnizarea de cursuri motiva\u021bionale pentru tinerii defavoriza\u021bi. Mike este un instructor talentat \u0219i este adesea l\u0103udat pentru abordarea sa motiva\u021bional\u0103 \u0219i r\u0103bd\u0103toare. \u00cen special \u00een munca sa cu tinerii, \u00ee\u0219i folose\u0219te stilul de predare pentru a-i inspira pe ace\u0219tia c\u0103tre noi mi\u0219c\u0103ri \u00een carier\u0103 \u0219i \u00eencredere \u00een sine.<\/p>\n<p>Silja Teege, politolog &#8211; Secretar al Centre for Education, cu 15 ani de experien\u021b\u0103 \u00een managementul afacerilor, responsabil\u0103 cu gestionarea principalelor activit\u0103\u021bi ale asocia\u021biei. Acestea includ comunicarea, negocierea \u0219i contractarea tuturor activit\u0103\u021bilor de formare, cursurilor, fie direct cu clientul\/ cursantul, fie prin intermediul re\u021belelor de cooperare ale organiza\u021biilor \u0219i institu\u021biilor de \u00eenv\u0103\u021b\u0103m\u00e2nt din \u00eentreaga Europ\u0103. Este specialist\u0103 \u00een cercetare pentru educa\u021bie, afaceri \u0219i \u0219tiin\u021be politice.<\/p>\n<hr \/>\n<p><img decoding=\"async\" class=\"aligncenter wp-image-93 size-full\" src=\"https:\/\/iadliber.erasmus.site\/wp-content\/uploads\/2023\/04\/dekaplus.png\" alt=\"\" width=\"300\" height=\"300\" srcset=\"https:\/\/iadliber.erasmus.site\/wp-content\/uploads\/2023\/04\/dekaplus.png 300w, https:\/\/iadliber.erasmus.site\/wp-content\/uploads\/2023\/04\/dekaplus-150x150.png 150w, https:\/\/iadliber.erasmus.site\/wp-content\/uploads\/2023\/04\/dekaplus-24x24.png 24w, https:\/\/iadliber.erasmus.site\/wp-content\/uploads\/2023\/04\/dekaplus-36x36.png 36w, https:\/\/iadliber.erasmus.site\/wp-content\/uploads\/2023\/04\/dekaplus-48x48.png 48w\" sizes=\"(max-width: 300px) 100vw, 300px\" \/><\/p>\n<h3 style=\"text-align: center;\"><a href=\"http:\/\/www.dekaplus.eu\/\"><strong>DEKAPLUS BUSINESS SERVICES LTD<\/strong><\/a><strong> (Cipru)<\/strong><\/h3>\n<p><strong>DEKAPLUS<\/strong>\u00a0este o organiza\u021bie de educa\u021bie \u0219i formare profesional\u0103, care se concentreaz\u0103, \u00een primul r\u00e2nd, pe dezvoltarea competen\u021belor \u0219i abilit\u0103\u021bilor managementului IMM-urilor \u0219i personalului de prim\u0103 linie. DEKAPLUS este un centru de formare calificat \u0219i certificat, \u00eenc\u0103 de la \u00eenceputul activit\u0103\u021bii sale \u00een 2006, care ofer\u0103 cursuri profesionale scurte legate de dezvoltarea afacerii \u0219i sustenabilitate.<\/p>\n<p>DEKAPLUS are, de asemenea, un departament dedicat gestion\u0103rii proiectelor finan\u021bate de Uniunea European\u0103, \u00een care organiza\u021bia este implicat\u0103, fie \u00een activitatea de scriere de proiecte, fie ca manager sau partener de proiect.<\/p>\n<p>Din 2014, DEKAPLUS este punctul de contact al Programului \u201eErasmus pentru Tinerii Antreprenori\u201d din Cipru, ajut\u00e2nd startup-urile s\u0103 ob\u021bin\u0103 experien\u021b\u0103 de \u00eenceput. \u00cen plus, organiza\u021bia are o experien\u021b\u0103 vast\u0103 \u00een participarea la proiectele Erasmus+ at\u00e2t ca partener, c\u00e2t \u0219i ca coordonator.<\/p>\n<p>Pentru mai multe informa\u021bii, pute\u021bi vizita:<\/p>\n<p><strong>Site web<\/strong>: <a href=\"https:\/\/dekaplus.eu\/\">https:\/\/dekaplus.eu\/<\/a><\/p>\n<p><strong>Facebook:\u00a0<\/strong><a href=\"https:\/\/www.facebook.com\/dekaplus.cyprus\/\">https:\/\/www.facebook.com\/dekaplus.cyprus\/<\/a><\/p>\n<p><strong>LinkedIn:\u00a0<\/strong><a href=\"https:\/\/www.linkedin.com\/company\/dekaplus-business-services-ltd\/?originalSubdomain=cy\">https:\/\/www.linkedin.com\/company\/dekaplus-business-services-ltd\/?originalSubdomain=cy<\/a><\/p>\n<hr \/>\n<p><img loading=\"lazy\" decoding=\"async\" class=\"wp-image-95 size-full aligncenter\" src=\"https:\/\/iadliber.erasmus.site\/wp-content\/uploads\/2023\/04\/tcistanbul.png\" alt=\"\" width=\"300\" height=\"300\" srcset=\"https:\/\/iadliber.erasmus.site\/wp-content\/uploads\/2023\/04\/tcistanbul.png 300w, https:\/\/iadliber.erasmus.site\/wp-content\/uploads\/2023\/04\/tcistanbul-150x150.png 150w, https:\/\/iadliber.erasmus.site\/wp-content\/uploads\/2023\/04\/tcistanbul-24x24.png 24w, https:\/\/iadliber.erasmus.site\/wp-content\/uploads\/2023\/04\/tcistanbul-36x36.png 36w, https:\/\/iadliber.erasmus.site\/wp-content\/uploads\/2023\/04\/tcistanbul-48x48.png 48w\" sizes=\"(max-width: 300px) 100vw, 300px\" \/><\/p>\n<h3 style=\"text-align: center;\"><a href=\"http:\/\/www.istanbulab.gov.tr\/\"><strong>ISTANBUL VALILIGI<\/strong><\/a><strong> (Turcia)<\/strong><\/h3>\n<p>Guvernoratul din Istanbul (\u0130stanbul Valili\u011fi &#8211; GOI) este cea mai \u00eenalt\u0103 autoritate administrativ\u0103 public\u0103 din ora\u0219ul Istanbul, cu o popula\u021bie de peste 16 milioane de locuitori. Peste 2000 de func\u021bionari publici ofer\u0103 servicii \u00een 16 departamente, care acoper\u0103 diverse domenii ale GOI. Principalele atribu\u021bii ale Guvernoratului din Istanbul sunt:<\/p>\n<ul>\n<li>gestionarea, reglementarea si supravegherea administra\u021biei generale in Istanbul;<\/li>\n<li>coordonarea tuturor activit\u0103\u021bilor din provincie, precum educa\u021bie, s\u0103n\u0103tate, securitate, mediu, lucr\u0103ri publice, cultur\u0103, turism, migra\u021bie, etc.;<\/li>\n<li>implementarea instruc\u021biunilor, ordinelor, legilor \u0219i reglement\u0103rilor guvernamentale;<\/li>\n<li>determinarea \u0219i realizarea lucr\u0103rilor pentru satisfacerea nevoilor popula\u021biei din ora\u0219, prin supravegherea tuturor institu\u021biilor din provincie.<\/li>\n<\/ul>\n<p>\u00cen calitate de cea mai \u00eenalt\u0103 autoritate, GOI are responsabilitatea a 39 de guvernorate districtuale \u0219i a 24 de direc\u021bii provinciale.<\/p>\n<p>Biroul pentru Uniunea European\u0103 \u0219i Rela\u021bii Externe, care deruleaz\u0103 proiecte Erasmus+ \u00een numele GOI, desf\u0103\u0219oar\u0103 studii pe \u00eentreg teritoriul Istanbulului, pe parcursul procesului de aderare a \u021b\u0103rii la Uniunea European\u0103, \u00een urm\u0103toarele scopuri:<\/p>\n<ul>\n<li>\u00eenfiin\u021barea infrastructurii civice;<\/li>\n<li>preg\u0103tirea popula\u021biei ora\u0219ului pentru cet\u0103\u021benia UE;<\/li>\n<li>facilitarea colabor\u0103rii, comunic\u0103rii \u0219i coordon\u0103rii \u00een adoptarea \u0219i implementarea acquis-ului, care este obligatoriu pentru statele membre UE.<\/li>\n<\/ul>\n<p>Planificarea \u0219i implementarea activit\u0103\u021bilor esen\u021biale pentru procesul de aderare a Turciei la UE &#8211; care poate fi considerat un proiect de transformare social\u0103, ca o abordare administrativ\u0103 bazat\u0103 pe cooperarea guvernelor locale, organiza\u021biilor neguvernamentale, institu\u021biilor \u0219i organiza\u021biilor publice, sectorului privat \u0219i cet\u0103\u021benilor &#8211; au fost adoptate ca principiu fundamental \u00een cadrul biroului.<\/p>\n<p>Pentru detalii despre proiectele \u00eentreprinse de Biroul pentru Uniunea European\u0103 \u0219i Rela\u021bii Externe: <a href=\"http:\/\/www.abmerkez.com\">www.abmerkez.com<\/a><\/p>\n<p>Pagini de social media:<\/p>\n<p><a href=\"https:\/\/www.facebook.com\/istanbulabproje\">https:\/\/www.facebook.com\/istanbulabproje<\/a> <a href=\"https:\/\/twitter.com\/abmerkez\">https:\/\/twitter.com\/abmerkez<\/a> <a href=\"https:\/\/www.instagram.com\/abmerkez\/\">https:\/\/www.instagram.com\/abmerkez\/<\/a><\/p>\n<hr \/>\n<p><img loading=\"lazy\" decoding=\"async\" class=\"wp-image-96 size-full aligncenter\" src=\"https:\/\/iadliber.erasmus.site\/wp-content\/uploads\/2023\/04\/rightchaleenge.png\" alt=\"\" width=\"300\" height=\"300\" srcset=\"https:\/\/iadliber.erasmus.site\/wp-content\/uploads\/2023\/04\/rightchaleenge.png 300w, https:\/\/iadliber.erasmus.site\/wp-content\/uploads\/2023\/04\/rightchaleenge-150x150.png 150w, https:\/\/iadliber.erasmus.site\/wp-content\/uploads\/2023\/04\/rightchaleenge-24x24.png 24w, https:\/\/iadliber.erasmus.site\/wp-content\/uploads\/2023\/04\/rightchaleenge-36x36.png 36w, https:\/\/iadliber.erasmus.site\/wp-content\/uploads\/2023\/04\/rightchaleenge-48x48.png 48w\" sizes=\"(max-width: 300px) 100vw, 300px\" \/><\/p>\n<h3 style=\"text-align: center;\"><strong><em>RightChallenge Association (Portugalia)<\/em><\/strong><\/h3>\n<p>RightChallenge este o organiza\u021bie neguvernamental\u0103, care promoveaz\u0103 educa\u021bia \u0219i formarea centrate pe incluziunea social\u0103 \u0219i egalitatea de \u0219anse. Organiza\u021bia promoveaz\u0103 cet\u0103\u021benia activ\u0103, responsabil\u0103 \u0219i democratic\u0103, prin educa\u021bie \u0219i parteneriat cu o serie de p\u0103r\u021bi interesate.<\/p>\n<p>RightChallenge ofer\u0103 educa\u021bie elementar\u0103 \u0219i de familie, formare profesional\u0103, s\u0103n\u0103tate \u0219i reabilitare, servicii de locuin\u021be \u0219i \u00eengrijire \u0219i munc\u0103 \u0219i activit\u0103\u021bi pentru anumite grupuri.<\/p>\n<p>RightChallenge consider\u0103 c\u0103 educa\u021bia este o parte integrant\u0103 a dezvolt\u0103rii adul\u021bilor pentru a-i preg\u0103ti s\u0103 participe \u0219i s\u0103 intervin\u0103 \u00een toate dimensiunile societ\u0103\u021bii, inclusiv \u00een familie, munc\u0103, comunitate \u0219i timp liber.<\/p>\n<p><strong>Site web:\u00a0<\/strong>\u00a0<a href=\"https:\/\/rightchallenge.org\/en\/\">https:\/\/rightchallenge.org\/en\/<\/a><\/p>\n<p><strong>Pagini de social media:<\/strong><\/p>\n<p>Facebook:\u00a0<a href=\"https:\/\/www.facebook.com\/Rightchallenge\">https:\/\/www.facebook.com\/Rightchallenge<\/a><\/p>\n<p>LinkedIn: \u00a0<a href=\"https:\/\/www.linkedin.com\/in\/rightchallenge-associa%C3%A7%C3%A3o-482224219\/\">https:\/\/www.linkedin.com\/in\/rightchallenge-associa%C3%A7%C3%A3o-482224219\/<\/a><\/p>\n<hr \/>\n<p><img loading=\"lazy\" decoding=\"async\" class=\"wp-image-98 size-full aligncenter\" src=\"https:\/\/iadliber.erasmus.site\/wp-content\/uploads\/2023\/04\/cwep.png\" alt=\"\" width=\"300\" height=\"300\" srcset=\"https:\/\/iadliber.erasmus.site\/wp-content\/uploads\/2023\/04\/cwep.png 300w, https:\/\/iadliber.erasmus.site\/wp-content\/uploads\/2023\/04\/cwep-150x150.png 150w, https:\/\/iadliber.erasmus.site\/wp-content\/uploads\/2023\/04\/cwep-24x24.png 24w, https:\/\/iadliber.erasmus.site\/wp-content\/uploads\/2023\/04\/cwep-36x36.png 36w, https:\/\/iadliber.erasmus.site\/wp-content\/uploads\/2023\/04\/cwep-48x48.png 48w\" sizes=\"(max-width: 300px) 100vw, 300px\" \/><\/p>\n<h3 style=\"text-align: center;\"><strong><em>CENTRUM WSPIERANIA EDUKACJI I \u00a0PRZEDSIEBIORCZOSCI \u2013 CWEP (Polonia)<\/em><\/strong><\/h3>\n<p>Centrul de Sprijin pentru Educa\u021bie \u0219i Antreprenoriat (CWEP) este o organiza\u021bie neguvernamental\u0103, fondat\u0103 \u00een 2004, de un grup de antreprenori, profesori \u0219i activi\u0219ti sociali din Rzesz\u00f3w, Polonia.<\/p>\n<p>CWEP coopereaz\u0103 cu \u00eentreprinderi \u0219i institu\u021bii de \u00eenv\u0103\u021b\u0103m\u00e2nt, misiunea CWEP fiind de a cre\u0219te calitatea form\u0103rii educa\u021bionale la toate nivelurile \u0219i sub toate formele sale, precum \u0219i de a promova antreprenoriatul, pentru a favoriza integrarea oric\u0103rui grup social, indiferent de sex, v\u00e2rst\u0103 sau origine etnic\u0103 a acestuia.<\/p>\n<p>\u00cen special, obiectivele sunt de a \u00eembun\u0103t\u0103\u021bi accesibilitatea, calitatea \u0219i eficien\u021ba educa\u021biei tuturor oamenilor, de a promova \u0219i de a contribui la educa\u021bia adul\u021bilor, \u00eenv\u0103\u021barea pe tot parcursul vie\u021bii, e-learning \u0219i utilizarea noilor tehnologii \u00een educa\u021bie \u0219i antreprenoriat.<\/p>\n<p>Asocia\u021bia colaboreaz\u0103 cu mul\u021bi parteneri din Europa, pentru a consolida pozi\u021bia economic\u0103 a \u00eentreprinderilor \u0219i ofer\u0103 platforme on-line pentru companii.<\/p>\n<p><strong>Site web<\/strong>:\u00a0<a href=\"http:\/\/www.cwep.eu\/\">www.cwep.eu<\/a><\/p>\n<hr \/>\n<p><img loading=\"lazy\" decoding=\"async\" class=\"wp-image-101 size-full aligncenter\" src=\"https:\/\/iadliber.erasmus.site\/wp-content\/uploads\/2023\/04\/mecb.png\" alt=\"\" width=\"300\" height=\"300\" srcset=\"https:\/\/iadliber.erasmus.site\/wp-content\/uploads\/2023\/04\/mecb.png 300w, https:\/\/iadliber.erasmus.site\/wp-content\/uploads\/2023\/04\/mecb-150x150.png 150w, https:\/\/iadliber.erasmus.site\/wp-content\/uploads\/2023\/04\/mecb-24x24.png 24w, https:\/\/iadliber.erasmus.site\/wp-content\/uploads\/2023\/04\/mecb-36x36.png 36w, https:\/\/iadliber.erasmus.site\/wp-content\/uploads\/2023\/04\/mecb-48x48.png 48w\" sizes=\"(max-width: 300px) 100vw, 300px\" \/><\/p>\n<h3 style=\"text-align: center;\"><strong><a href=\"http:\/\/www.mecb.com.mt\/%20eu\">MACDAC ENGINEERING CONSULTANCY BUREAU LTD &#8211; MECB<\/a> (Malta)<\/strong><\/h3>\n<p>MACDAC Engineering Consultancy Bureau Ltd. (MECB), este un birou de consultan\u021b\u0103 de excelen\u021b\u0103, cu sediul \u00een Malta, dedicat promov\u0103rii excelen\u021bei \u0219i sprijinului pentru inovare, prin furnizarea de (a) servicii de consultan\u021b\u0103 tehnic\u0103 relevante, multidisciplinare \u0219i de \u00eenalt\u0103 calitate, (b) servicii de cercetare \u0219i formare, precum \u0219i (c) oportunit\u0103\u021bi de parteneriat \u00een proiecte finan\u021bate de Uniunea European\u0103.<\/p>\n<p>De-a lungul anilor, MECB a contribuit la o serie de proiecte \u0219i licita\u021bii UE, inclusiv Erasmus+, EEA, LLP Grundtvig, Leonardo da Vinci, FP6\/7 \u0219i H2020. Acestea au acoperit sectoare precum: antreprenoriat tehnologic; Realitate Augmentat\u0103 \u0219i Virtual\u0103; modelare CAD \u0219i 3D; metode de inovare \u0219i creativitate; dezvoltare durabil\u0103, economie circular\u0103, schimb\u0103ri climatice; industria 4.0; \u00eenv\u0103\u021bare pe tot parcursul vie\u021bii, e-Learning; cooperare interna\u021bional\u0103; \u00eenfr\u0103\u021bire; protec\u021bia datelor UE\/GDPR.<\/p>\n<p>MECB a fost acceptat ca membru al Coali\u021biei pentru competen\u021be digitale \u0219i locuri de munc\u0103 \u00een UE, pentru contribu\u021biile pe care le aduce \u00een mod regulat la dezvoltarea \u0219i difuzarea tehnologiilor digitale \u00een Europa.<\/p>\n<p><strong>Site web:\u00a0<\/strong><a href=\"https:\/\/www.eumecb.com\/\">https:\/\/www.eumecb.com\/<\/a><\/p>\n<p><strong>Pagini de social media:<\/strong><\/p>\n<ul>\n<li><strong>Facebook:\u00a0<\/strong><a href=\"https:\/\/www.facebook.com\/mecb.com.mt\/\">https:\/\/www.facebook.com\/mecb.com.mt\/<\/a><\/li>\n<li><strong>Twitter:<\/strong>\u00a0<a href=\"https:\/\/twitter.com\/_MECB_\">https:\/\/twitter.com\/_MECB_<\/a><\/li>\n<li><strong>YouTube:<\/strong>\u00a0<a href=\"https:\/\/www.youtube.com\/channel\/UCUEL03fwh8IfNibrI-HkVJw\">https:\/\/www.youtube.com\/channel\/UCUEL03fwh8IfNibrI-HkVJw<\/a><\/li>\n<\/ul>\n<p><\/p>","protected":false},"excerpt":{"rendered":"<p>ASOCIA\u021aIA DE DEZVOLTARE ECONOMICO-SOCIAL\u0102 (Rom\u00e2nia) Asocia\u021bia de Dezvoltare Economico-Social\u0103\u00a0 &#8211; ADES, din Curtea de Arge\u0219, Rom\u00e2nia, este o organiza\u021bie non-profit, care a devenit entitate juridic\u0103 (ONG) \u00een iunie 1995. Misiunea ADES este de a crea schimb\u0103ri sociale \u0219i economice pozitive \u00een comunit\u0103\u021bile din Rom\u00e2nia, \u00eentr-o manier\u0103 profesional\u0103, etic\u0103 \u0219i responsabil\u0103. Echipa ADES urm\u0103re\u0219te dezvoltarea abilit\u0103\u021bilor&hellip;&nbsp;<\/p>\n","protected":false},"author":1,"featured_media":0,"parent":0,"menu_order":0,"comment_status":"closed","ping_status":"closed","template":"","meta":{"neve_meta_sidebar":"","neve_meta_container":"","neve_meta_enable_content_width":"off","neve_meta_content_width":100,"neve_meta_title_alignment":"","neve_meta_author_avatar":"","neve_post_elements_order":"","neve_meta_disable_header":"","neve_meta_disable_footer":"","neve_meta_disable_title":"","footnotes":""},"class_list":["post-77","page","type-page","status-publish","hentry"],"_links":{"self":[{"href":"https:\/\/iadliber.erasmus.site\/ro\/wp-json\/wp\/v2\/pages\/77","targetHints":{"allow":["GET"]}}],"collection":[{"href":"https:\/\/iadliber.erasmus.site\/ro\/wp-json\/wp\/v2\/pages"}],"about":[{"href":"https:\/\/iadliber.erasmus.site\/ro\/wp-json\/wp\/v2\/types\/page"}],"author":[{"embeddable":true,"href":"https:\/\/iadliber.erasmus.site\/ro\/wp-json\/wp\/v2\/users\/1"}],"replies":[{"embeddable":true,"href":"https:\/\/iadliber.erasmus.site\/ro\/wp-json\/wp\/v2\/comments?post=77"}],"version-history":[{"count":22,"href":"https:\/\/iadliber.erasmus.site\/ro\/wp-json\/wp\/v2\/pages\/77\/revisions"}],"predecessor-version":[{"id":411,"href":"https:\/\/iadliber.erasmus.site\/ro\/wp-json\/wp\/v2\/pages\/77\/revisions\/411"}],"wp:attachment":[{"href":"https:\/\/iadliber.erasmus.site\/ro\/wp-json\/wp\/v2\/media?parent=77"}],"curies":[{"name":"wp","href":"https:\/\/api.w.org\/{rel}","templated":true}]}}