{"id":10,"date":"2023-04-15T11:30:20","date_gmt":"2023-04-15T11:30:20","guid":{"rendered":"https:\/\/iadliber.erasmus.site\/?page_id=10"},"modified":"2025-01-23T19:34:57","modified_gmt":"2025-01-23T19:34:57","slug":"home","status":"publish","type":"page","link":"https:\/\/iadliber.erasmus.site\/ro\/","title":{"rendered":"Acas\u0103"},"content":{"rendered":"\t\t<div data-elementor-type=\"wp-page\" data-elementor-id=\"10\" class=\"elementor elementor-10\">\n\t\t\t\t\t\t<section class=\"elementor-section elementor-top-section elementor-element elementor-element-7f444b2 elementor-section-height-min-height elementor-section-boxed elementor-section-height-default elementor-section-items-middle\" data-id=\"7f444b2\" data-element_type=\"section\" data-e-type=\"section\" data-settings=\"{&quot;background_background&quot;:&quot;classic&quot;}\">\n\t\t\t\t\t\t\t<div class=\"elementor-background-overlay\"><\/div>\n\t\t\t\t\t\t\t<div class=\"elementor-container elementor-column-gap-default\">\n\t\t\t\t\t<div class=\"elementor-column elementor-col-100 elementor-top-column elementor-element elementor-element-da9bff8\" data-id=\"da9bff8\" data-element_type=\"column\" data-e-type=\"column\">\n\t\t\t<div class=\"elementor-widget-wrap elementor-element-populated\">\n\t\t\t\t\t\t<div class=\"elementor-element elementor-element-8d0359a elementor-widget elementor-widget-heading\" data-id=\"8d0359a\" data-element_type=\"widget\" data-e-type=\"widget\" data-widget_type=\"heading.default\">\n\t\t\t\t<div class=\"elementor-widget-container\">\n\t\t\t\t\t<h2 class=\"elementor-heading-title elementor-size-xxl\">IADliber Project<\/h2>\t\t\t\t<\/div>\n\t\t\t\t<\/div>\n\t\t\t\t<div class=\"elementor-element elementor-element-c53b8ef elementor-widget elementor-widget-text-editor\" data-id=\"c53b8ef\" data-element_type=\"widget\" data-e-type=\"widget\" data-widget_type=\"text-editor.default\">\n\t\t\t\t<div class=\"elementor-widget-container\">\n\t\t\t\t\t\t\t\t\t<p><strong>Raising competences of adult educators as a means for adults liberation from internet addiction disorder (Cre\u0219terea competen\u021belor formatorilor de adul\u021bi ca mijloc de eliberare a adul\u021bilor de tulburarea de dependen\u021b\u0103 de internet)<\/strong><\/p>\t\t\t\t\t\t\t\t<\/div>\n\t\t\t\t<\/div>\n\t\t\t\t<div class=\"elementor-element elementor-element-5a1a9af elementor-widget elementor-widget-text-editor\" data-id=\"5a1a9af\" data-element_type=\"widget\" data-e-type=\"widget\" data-widget_type=\"text-editor.default\">\n\t\t\t\t<div class=\"elementor-widget-container\">\n\t\t\t\t\t\t\t\t\t<p>Num\u0103r proiect: 2022-1-RO01-KA220-ADU-000087209<br \/>Durata proiectului: 01.12.2022 &#8211; 30.11.2024 (24 luni) <\/p>\t\t\t\t\t\t\t\t<\/div>\n\t\t\t\t<\/div>\n\t\t\t\t\t<\/div>\n\t\t<\/div>\n\t\t\t\t\t<\/div>\n\t\t<\/section>\n\t\t\t\t<section class=\"elementor-section elementor-top-section elementor-element elementor-element-97c4d95 elementor-section-height-min-height elementor-section-boxed elementor-section-height-default elementor-section-items-middle\" data-id=\"97c4d95\" data-element_type=\"section\" data-e-type=\"section\">\n\t\t\t\t\t\t<div class=\"elementor-container elementor-column-gap-default\">\n\t\t\t\t\t<div class=\"elementor-column elementor-col-50 elementor-top-column elementor-element elementor-element-385abbc\" data-id=\"385abbc\" data-element_type=\"column\" data-e-type=\"column\">\n\t\t\t<div class=\"elementor-widget-wrap elementor-element-populated\">\n\t\t\t\t\t\t<div class=\"elementor-element elementor-element-0b7e62b elementor-widget elementor-widget-menu-anchor\" data-id=\"0b7e62b\" data-element_type=\"widget\" data-e-type=\"widget\" data-widget_type=\"menu-anchor.default\">\n\t\t\t\t<div class=\"elementor-widget-container\">\n\t\t\t\t\t\t\t<div class=\"elementor-menu-anchor\" id=\"aim\"><\/div>\n\t\t\t\t\t\t<\/div>\n\t\t\t\t<\/div>\n\t\t\t\t<div class=\"elementor-element elementor-element-659fcd8 elementor-widget elementor-widget-text-editor\" data-id=\"659fcd8\" data-element_type=\"widget\" data-e-type=\"widget\" data-widget_type=\"text-editor.default\">\n\t\t\t\t<div class=\"elementor-widget-container\">\n\t\t\t\t\t\t\t\t\t<p><\/p><p><\/p><p><strong>Scopul proiectului IADliber<\/strong> este de a <strong>sus\u021bine formatorii \u0219i profesioni\u0219tii implica\u021bi \u00een educa\u021bia adul\u021bilor, <\/strong>\u00een special pe cei care lucreaz\u0103 cu persoane adulte defavorizate, <strong>oferindu-le materiale educa\u021bionale, <\/strong>care s\u0103 \u00eei ajute \u00een munca lor \u0219i care s\u0103 fie un bun instrument pentru sprijinirea \u0219i influen\u021barea adul\u021bilor afecta\u021bi de dependen\u021ba de internet (Internet Addiction Disorder \u2013 IAD), prin mindfulness \u0219i alte metode de concentrare a aten\u021biei, con\u0219tientizare de sine \u0219i evaluare corect\u0103 a situa\u021biei.<\/p><p><strong>DESCRIERE<\/strong><\/p><p>Tulburarea de dependen\u021b\u0103 de internet (Internet Addiction Disorder \u2013 IAD), de\u0219i nu este recunoscut\u0103 oficial ca \u0219i boal\u0103 de c\u0103tre Organiza\u021bia Mondial\u0103 a S\u0103n\u0103t\u0103\u021bii sau Asocia\u021bia Psihologilor din America, este o patologie grav\u0103 \u0219i problematic\u0103. Poate fi definit\u0103 ca o lips\u0103 de control \u00een utilizarea Internetului, care afecteaz\u0103 via\u021ba personal\u0103 a utilizatorului. Se estimeaz\u0103 c\u0103, din procentul de 39% al oamenilor din \u00eentreaga lume care folosesc internetul, aprox. 6% sunt afecta\u021bi de IAD.<\/p><p>Toate activit\u0103\u021bile proiectului IADliber vor fi orientate spre rezolvarea problemelor \u0219i \u00eembun\u0103t\u0103\u021birea situa\u021biei persoanelor adulte defavorizate. \u00cen acest sens, \u00een cadrul proiectului vor fi create instrumente pentru institu\u021biile care sprijin\u0103 \u0219i \u00eengrijesc aceste persoane: centre de asisten\u021b\u0103 social\u0103 pentru adul\u021bi, organiza\u021bii de educa\u021bie a adul\u021bilor, universit\u0103\u021bi pentru v\u00e2rsta a treia, departamente de educa\u021bie locale \u0219i regionale, etc.<\/p><p>Grupurile \u021bint\u0103 ale proiectului sunt:<\/p><ul><li>Profesioni\u0219ti\/ formatori din educa\u021bia adul\u021bilor care se ocup\u0103 \u00een principal de persoane adulte defavorizate (grup \u021bint\u0103 principal)<\/li><li>Persoane adulte defavorizate (slab educate\/calificate, \u0219omeri, adul\u021bi afla\u021bi \u00een risc de s\u0103r\u0103cie, etc.) (grup \u021bint\u0103 secundar)<\/li><\/ul><p><\/p>\t\t\t\t\t\t\t\t<\/div>\n\t\t\t\t<\/div>\n\t\t\t\t\t<\/div>\n\t\t<\/div>\n\t\t\t\t<div class=\"elementor-column elementor-col-50 elementor-top-column elementor-element elementor-element-0fee953\" data-id=\"0fee953\" data-element_type=\"column\" data-e-type=\"column\">\n\t\t\t<div class=\"elementor-widget-wrap elementor-element-populated\">\n\t\t\t\t\t\t<div class=\"elementor-element elementor-element-372f92c elementor-widget elementor-widget-image\" data-id=\"372f92c\" data-element_type=\"widget\" data-e-type=\"widget\" data-widget_type=\"image.default\">\n\t\t\t\t<div class=\"elementor-widget-container\">\n\t\t\t\t\t\t\t\t\t\t\t\t\t\t\t<img fetchpriority=\"high\" decoding=\"async\" width=\"1024\" height=\"1024\" src=\"https:\/\/iadliber.erasmus.site\/wp-content\/uploads\/2023\/04\/10068952_4340131-1024x1024.jpg\" class=\"attachment-large size-large wp-image-52\" alt=\"\" srcset=\"https:\/\/iadliber.erasmus.site\/wp-content\/uploads\/2023\/04\/10068952_4340131-1024x1024.jpg 1024w, https:\/\/iadliber.erasmus.site\/wp-content\/uploads\/2023\/04\/10068952_4340131-300x300.jpg 300w, https:\/\/iadliber.erasmus.site\/wp-content\/uploads\/2023\/04\/10068952_4340131-150x150.jpg 150w, https:\/\/iadliber.erasmus.site\/wp-content\/uploads\/2023\/04\/10068952_4340131-768x768.jpg 768w, https:\/\/iadliber.erasmus.site\/wp-content\/uploads\/2023\/04\/10068952_4340131-1536x1536.jpg 1536w, https:\/\/iadliber.erasmus.site\/wp-content\/uploads\/2023\/04\/10068952_4340131-24x24.jpg 24w, https:\/\/iadliber.erasmus.site\/wp-content\/uploads\/2023\/04\/10068952_4340131-36x36.jpg 36w, https:\/\/iadliber.erasmus.site\/wp-content\/uploads\/2023\/04\/10068952_4340131-48x48.jpg 48w, https:\/\/iadliber.erasmus.site\/wp-content\/uploads\/2023\/04\/10068952_4340131.jpg 2000w\" sizes=\"(max-width: 1024px) 100vw, 1024px\" \/>\t\t\t\t\t\t\t\t\t\t\t\t\t\t\t<\/div>\n\t\t\t\t<\/div>\n\t\t\t\t\t<\/div>\n\t\t<\/div>\n\t\t\t\t\t<\/div>\n\t\t<\/section>\n\t\t\t\t<section class=\"elementor-section elementor-top-section elementor-element elementor-element-c8aead5 elementor-section-boxed elementor-section-height-default elementor-section-height-default\" data-id=\"c8aead5\" data-element_type=\"section\" data-e-type=\"section\">\n\t\t\t\t\t\t<div class=\"elementor-container elementor-column-gap-default\">\n\t\t\t\t\t<div class=\"elementor-column elementor-col-100 elementor-top-column elementor-element elementor-element-63dd2eb\" data-id=\"63dd2eb\" data-element_type=\"column\" data-e-type=\"column\">\n\t\t\t<div class=\"elementor-widget-wrap elementor-element-populated\">\n\t\t\t\t\t\t<div class=\"elementor-element elementor-element-5bb602b elementor-widget-divider--view-line elementor-widget elementor-widget-divider\" data-id=\"5bb602b\" data-element_type=\"widget\" data-e-type=\"widget\" data-widget_type=\"divider.default\">\n\t\t\t\t<div class=\"elementor-widget-container\">\n\t\t\t\t\t\t\t<div class=\"elementor-divider\">\n\t\t\t<span class=\"elementor-divider-separator\">\n\t\t\t\t\t\t<\/span>\n\t\t<\/div>\n\t\t\t\t\t\t<\/div>\n\t\t\t\t<\/div>\n\t\t\t\t\t<\/div>\n\t\t<\/div>\n\t\t\t\t\t<\/div>\n\t\t<\/section>\n\t\t\t\t<section class=\"elementor-section elementor-top-section elementor-element elementor-element-8d528d5 elementor-section-boxed elementor-section-height-default elementor-section-height-default\" data-id=\"8d528d5\" data-element_type=\"section\" data-e-type=\"section\">\n\t\t\t\t\t\t<div class=\"elementor-container elementor-column-gap-default\">\n\t\t\t\t\t<div class=\"elementor-column elementor-col-100 elementor-top-column elementor-element elementor-element-e9353af\" data-id=\"e9353af\" data-element_type=\"column\" data-e-type=\"column\">\n\t\t\t<div class=\"elementor-widget-wrap elementor-element-populated\">\n\t\t\t\t\t\t<div class=\"elementor-element elementor-element-1fad10b elementor-widget elementor-widget-menu-anchor\" data-id=\"1fad10b\" data-element_type=\"widget\" data-e-type=\"widget\" data-widget_type=\"menu-anchor.default\">\n\t\t\t\t<div class=\"elementor-widget-container\">\n\t\t\t\t\t\t\t<div class=\"elementor-menu-anchor\" id=\"results\"><\/div>\n\t\t\t\t\t\t<\/div>\n\t\t\t\t<\/div>\n\t\t\t\t<div class=\"elementor-element elementor-element-a4730f9 elementor-widget elementor-widget-heading\" data-id=\"a4730f9\" data-element_type=\"widget\" data-e-type=\"widget\" data-widget_type=\"heading.default\">\n\t\t\t\t<div class=\"elementor-widget-container\">\n\t\t\t\t\t<h2 class=\"elementor-heading-title elementor-size-default\">REZULTATE<\/h2>\t\t\t\t<\/div>\n\t\t\t\t<\/div>\n\t\t\t\t\t<\/div>\n\t\t<\/div>\n\t\t\t\t\t<\/div>\n\t\t<\/section>\n\t\t\t\t<section class=\"elementor-section elementor-top-section elementor-element elementor-element-1ea3a49 elementor-section-boxed elementor-section-height-default elementor-section-height-default\" data-id=\"1ea3a49\" data-element_type=\"section\" data-e-type=\"section\">\n\t\t\t\t\t\t<div class=\"elementor-container elementor-column-gap-default\">\n\t\t\t\t\t<div class=\"elementor-column elementor-col-50 elementor-top-column elementor-element elementor-element-6b64c3b\" data-id=\"6b64c3b\" data-element_type=\"column\" data-e-type=\"column\">\n\t\t\t<div class=\"elementor-widget-wrap elementor-element-populated\">\n\t\t\t\t\t\t<div class=\"elementor-element elementor-element-4e8000c elementor-widget elementor-widget-text-editor\" data-id=\"4e8000c\" data-element_type=\"widget\" data-e-type=\"widget\" data-widget_type=\"text-editor.default\">\n\t\t\t\t<div class=\"elementor-widget-container\">\n\t\t\t\t\t\t\t\t\t<p><\/p><ul><li><strong>PR1: Ghidul de supravie\u021buire IADliber<\/strong> \u2013 o colec\u021bie de con\u021binut care va \u00eembun\u0103t\u0103\u021bi abilit\u0103\u021bile legate de mindfulness \u0219i alte metode de concentrare a aten\u021biei, con\u0219tientizarea de sine \u0219i evaluarea corect\u0103 a situa\u021biei, pentru a ajuta la crearea unei societ\u0103\u021bi mai educate \u0219i mai rezistente la IAD.<\/li><\/ul><p><\/p>\t\t\t\t\t\t\t\t<\/div>\n\t\t\t\t<\/div>\n\t\t\t\t<div class=\"elementor-element elementor-element-5404de7 elementor-widget elementor-widget-text-editor\" data-id=\"5404de7\" data-element_type=\"widget\" data-e-type=\"widget\" data-widget_type=\"text-editor.default\">\n\t\t\t\t<div class=\"elementor-widget-container\">\n\t\t\t\t\t\t\t\t\t\n\n\n\n\n\n<div style=\"width: 1200px;\" class=\"wp-video\"><video class=\"wp-video-shortcode\" id=\"video-10-1\" width=\"1200\" height=\"675\" preload=\"metadata\" controls=\"controls\"><source type=\"video\/mp4\" src=\"https:\/\/iadliber.erasmus.site\/wp-content\/uploads\/2024\/10\/IADliber-video-RO.mp4?_=1\" \/><a href=\"https:\/\/iadliber.erasmus.site\/wp-content\/uploads\/2024\/10\/IADliber-video-RO.mp4\">https:\/\/iadliber.erasmus.site\/wp-content\/uploads\/2024\/10\/IADliber-video-RO.mp4<\/a><\/video><\/div>\n\t\t\t\t\t\t\t\t<\/div>\n\t\t\t\t<\/div>\n\t\t\t\t<div class=\"elementor-element elementor-element-217616c elementor-align-center elementor-widget elementor-widget-button\" data-id=\"217616c\" data-element_type=\"widget\" data-e-type=\"widget\" data-widget_type=\"button.default\">\n\t\t\t\t<div class=\"elementor-widget-container\">\n\t\t\t\t\t\t\t\t\t<div class=\"elementor-button-wrapper\">\n\t\t\t\t\t<a class=\"elementor-button elementor-button-link elementor-size-sm\" href=\"https:\/\/iadliber.erasmus.site\/pr1-iadliber-survival-kit\/\">\n\t\t\t\t\t\t<span class=\"elementor-button-content-wrapper\">\n\t\t\t\t\t\t\t\t\t<span class=\"elementor-button-text\">Deschide<\/span>\n\t\t\t\t\t<\/span>\n\t\t\t\t\t<\/a>\n\t\t\t\t<\/div>\n\t\t\t\t\t\t\t\t<\/div>\n\t\t\t\t<\/div>\n\t\t\t\t\t<\/div>\n\t\t<\/div>\n\t\t\t\t<div class=\"elementor-column elementor-col-50 elementor-top-column elementor-element elementor-element-a979594\" data-id=\"a979594\" data-element_type=\"column\" data-e-type=\"column\">\n\t\t\t<div class=\"elementor-widget-wrap elementor-element-populated\">\n\t\t\t\t\t\t<div class=\"elementor-element elementor-element-7b3279f elementor-widget elementor-widget-text-editor\" data-id=\"7b3279f\" data-element_type=\"widget\" data-e-type=\"widget\" data-widget_type=\"text-editor.default\">\n\t\t\t\t<div class=\"elementor-widget-container\">\n\t\t\t\t\t\t\t\t\t<p><\/p><ul><li><strong>PR2: Aplica\u021bia mobil\u0103 IADliber<\/strong> \u2013 va permite grupului \u021bint\u0103 s\u0103 verifice simptomele observate ale tulbur\u0103rii de dependen\u021b\u0103 de internet \u0219i s\u0103 le atribuie pa\u0219ii de remediere specifici. Aplica\u021bia va func\u021biona f\u0103r\u0103 conexiune la internet, odat\u0103 desc\u0103rcat\u0103.<\/li><\/ul><p><\/p>\t\t\t\t\t\t\t\t<\/div>\n\t\t\t\t<\/div>\n\t\t\t\t<div class=\"elementor-element elementor-element-15fad5b elementor-shape-rounded elementor-grid-0 e-grid-align-center elementor-widget elementor-widget-social-icons\" data-id=\"15fad5b\" data-element_type=\"widget\" data-e-type=\"widget\" data-widget_type=\"social-icons.default\">\n\t\t\t\t<div class=\"elementor-widget-container\">\n\t\t\t\t\t\t\t<div class=\"elementor-social-icons-wrapper elementor-grid\" role=\"list\">\n\t\t\t\t\t\t\t<span class=\"elementor-grid-item\" role=\"listitem\">\n\t\t\t\t\t<a class=\"elementor-icon elementor-social-icon elementor-social-icon-apple elementor-repeater-item-fbb0525\" href=\"https:\/\/apps.apple.com\/app\/iadliber\/id6502402404\" target=\"_blank\">\n\t\t\t\t\t\t<span class=\"elementor-screen-only\">Apple<\/span>\n\t\t\t\t\t\t<i aria-hidden=\"true\" class=\"fab fa-apple\"><\/i>\t\t\t\t\t<\/a>\n\t\t\t\t<\/span>\n\t\t\t\t\t\t\t<span class=\"elementor-grid-item\" role=\"listitem\">\n\t\t\t\t\t<a class=\"elementor-icon elementor-social-icon elementor-social-icon-android elementor-repeater-item-217465c\" href=\"https:\/\/play.google.com\/store\/apps\/details?id=eu.dcnet.iadliber2\" target=\"_blank\">\n\t\t\t\t\t\t<span class=\"elementor-screen-only\">Android<\/span>\n\t\t\t\t\t\t<i aria-hidden=\"true\" class=\"fab fa-android\"><\/i>\t\t\t\t\t<\/a>\n\t\t\t\t<\/span>\n\t\t\t\t\t<\/div>\n\t\t\t\t\t\t<\/div>\n\t\t\t\t<\/div>\n\t\t\t\t\t<\/div>\n\t\t<\/div>\n\t\t\t\t\t<\/div>\n\t\t<\/section>\n\t\t\t\t<\/div>\n\t\t","protected":false},"excerpt":{"rendered":"<p>IADliber Project Raising competences of adult educators as a means for adults liberation from internet addiction disorder (Cre\u0219terea competen\u021belor formatorilor de adul\u021bi ca mijloc de eliberare a adul\u021bilor de tulburarea de dependen\u021b\u0103 de internet) Num\u0103r proiect: 2022-1-RO01-KA220-ADU-000087209Durata proiectului: 01.12.2022 &#8211; 30.11.2024 (24 luni) Scopul proiectului IADliber este de a sus\u021bine formatorii \u0219i profesioni\u0219tii implica\u021bi \u00een&hellip;&nbsp;<\/p>\n","protected":false},"author":1,"featured_media":0,"parent":0,"menu_order":0,"comment_status":"closed","ping_status":"closed","template":"page-templates\/template-pagebuilder-full-width.php","meta":{"neve_meta_sidebar":"","neve_meta_container":"","neve_meta_enable_content_width":"off","neve_meta_content_width":100,"neve_meta_title_alignment":"","neve_meta_author_avatar":"","neve_post_elements_order":"","neve_meta_disable_header":"","neve_meta_disable_footer":"","neve_meta_disable_title":"","footnotes":""},"class_list":["post-10","page","type-page","status-publish","hentry"],"_links":{"self":[{"href":"https:\/\/iadliber.erasmus.site\/ro\/wp-json\/wp\/v2\/pages\/10","targetHints":{"allow":["GET"]}}],"collection":[{"href":"https:\/\/iadliber.erasmus.site\/ro\/wp-json\/wp\/v2\/pages"}],"about":[{"href":"https:\/\/iadliber.erasmus.site\/ro\/wp-json\/wp\/v2\/types\/page"}],"author":[{"embeddable":true,"href":"https:\/\/iadliber.erasmus.site\/ro\/wp-json\/wp\/v2\/users\/1"}],"replies":[{"embeddable":true,"href":"https:\/\/iadliber.erasmus.site\/ro\/wp-json\/wp\/v2\/comments?post=10"}],"version-history":[{"count":181,"href":"https:\/\/iadliber.erasmus.site\/ro\/wp-json\/wp\/v2\/pages\/10\/revisions"}],"predecessor-version":[{"id":408,"href":"https:\/\/iadliber.erasmus.site\/ro\/wp-json\/wp\/v2\/pages\/10\/revisions\/408"}],"wp:attachment":[{"href":"https:\/\/iadliber.erasmus.site\/ro\/wp-json\/wp\/v2\/media?parent=10"}],"curies":[{"name":"wp","href":"https:\/\/api.w.org\/{rel}","templated":true}]}}