{"id":77,"date":"2023-04-15T12:34:19","date_gmt":"2023-04-15T12:34:19","guid":{"rendered":"https:\/\/iadliber.erasmus.site\/?page_id=77"},"modified":"2025-01-23T19:42:21","modified_gmt":"2025-01-23T19:42:21","slug":"partnership","status":"publish","type":"page","link":"https:\/\/iadliber.erasmus.site\/pt\/partnership\/","title":{"rendered":"Parceria"},"content":{"rendered":"<p><img fetchpriority=\"high\" decoding=\"async\" class=\"size-full wp-image-90 aligncenter\" src=\"https:\/\/iadliber.erasmus.site\/wp-content\/uploads\/2023\/04\/ades.png\" alt=\"\" width=\"300\" height=\"300\" srcset=\"https:\/\/iadliber.erasmus.site\/wp-content\/uploads\/2023\/04\/ades.png 300w, https:\/\/iadliber.erasmus.site\/wp-content\/uploads\/2023\/04\/ades-150x150.png 150w, https:\/\/iadliber.erasmus.site\/wp-content\/uploads\/2023\/04\/ades-24x24.png 24w, https:\/\/iadliber.erasmus.site\/wp-content\/uploads\/2023\/04\/ades-36x36.png 36w, https:\/\/iadliber.erasmus.site\/wp-content\/uploads\/2023\/04\/ades-48x48.png 48w\" sizes=\"(max-width: 300px) 100vw, 300px\" \/><\/p>\n<h3 style=\"text-align: center;\"><strong>ASOCIATIA DE DEZVOLTARE ECONOMICO-SOCIALA (Romania)<\/strong><\/h3>\n<p>A Asocia\u021bia de Dezvoltare Economico-Social\u0103 (Associa\u00e7\u00e3o para o Desenvolvimento Econ\u00f3mico e Social) &#8211; abreviadamente, ADES &#8211; de Curtea de Arge\u0219, Rom\u00e9nia, \u00e9 uma organiza\u00e7\u00e3o sem fins lucrativos que se tornou uma entidade legal (ONG) em junho de 1995. A miss\u00e3o da ADES \u00e9 criar mudan\u00e7as sociais e econ\u00f3micas positivas nas comunidades de toda a Rom\u00e9nia de uma forma profissional, \u00e9tica e respons\u00e1vel.<\/p>\n<p>A equipa da ADES tem como objetivo desenvolver compet\u00eancias pessoais e profissionais, apoiar o desenvolvimento e a expans\u00e3o das PME e melhorar as condi\u00e7\u00f5es sociais e econ\u00f3micas das comunidades locais.<\/p>\n<p>Desde 1995, a ADES desenvolveu e implementou com sucesso mais de 50 projectos financiados pela Uni\u00e3o Europeia, Banco Mundial, Embaixada dos EUA, Programa Europeu de Desenvolvimento Empresarial, Funda\u00e7\u00e3o para uma Sociedade Aberta, Charity Know How Fund, etc. A ADES tem trabalhado em estreita colabora\u00e7\u00e3o com as comunidades, fontes de financiamento e parceiros de implementa\u00e7\u00e3o (Autoridades P\u00fablicas Locais, empresas, ONGs e escolas) para realizar projectos de desenvolvimento socioecon\u00f3mico.<\/p>\n<p>Para mais informa\u00e7\u00f5es sobre a ADES, por favor visite:<\/p>\n<p><a href=\"http:\/\/www.facebook.com\/ADESCDA\/\">www.facebook.com\/ADESCDA\/<\/a>\u00a0and\u00a0<a href=\"https:\/\/www.linkedin.com\/company\/43363632\/\">https:\/\/www.linkedin.com\/company\/43363632\/<\/a>.<\/p>\n<hr \/>\n<p><img decoding=\"async\" class=\"wp-image-91 size-full aligncenter\" src=\"https:\/\/iadliber.erasmus.site\/wp-content\/uploads\/2023\/04\/c4e.png\" alt=\"\" width=\"300\" height=\"300\" srcset=\"https:\/\/iadliber.erasmus.site\/wp-content\/uploads\/2023\/04\/c4e.png 300w, https:\/\/iadliber.erasmus.site\/wp-content\/uploads\/2023\/04\/c4e-150x150.png 150w, https:\/\/iadliber.erasmus.site\/wp-content\/uploads\/2023\/04\/c4e-24x24.png 24w, https:\/\/iadliber.erasmus.site\/wp-content\/uploads\/2023\/04\/c4e-36x36.png 36w, https:\/\/iadliber.erasmus.site\/wp-content\/uploads\/2023\/04\/c4e-48x48.png 48w\" sizes=\"(max-width: 300px) 100vw, 300px\" \/><\/p>\n<h3 style=\"text-align: center;\"><strong>CENTRE FOR EDUCATION<\/strong><strong> (Spain)<\/strong><\/h3>\n<p>Centre for Education was established in 2012 and is a Not for Profit Association based in the Marina Cala D\u2019or, Mallorca, Spain.<\/p>\n<p>Centre for Education delivers specially designed training courses to disadvantaged groups of young adults.<\/p>\n<p>These courses have been delivered in cooperation with like-minded organisations who also work in the field of training young adults who are Not in Employment, Education or Training (NEETs).<\/p>\n<p>The personnel are experienced in EU funded projects and have worked as both coordinator and full partner in previous and other current projects.<\/p>\n<p>The key persons involved in the work of this project will be:<\/p>\n<p>Michael John (male), Education Specialist:<\/p>\n<p>President of Centre for Education with 15 years experience as entrepreneur and educator in the maritime sector. Michael is responsible for all training activities in the association and has significant knowledge and experience regarding qualification research and analysis. He also has written approved training programs and has had great successes in delivering motivational courses for disadvantaged youths.<\/p>\n<p>Mike is a gifted instructor and is often praised for his motivational and patient approach. Especially in his work with young people he has achieved significant successes when using his teaching style to inspire others for new career moves and self belief.<\/p>\n<p>Silja Teege (female), Political Scientist:<\/p>\n<p>Secretary of Centre for Education and with 15 years of experience in business management, responsible for managing the main activities of the association. This work includes liaising, negotiating and contracting all training activities, courses, either directly with the client\/student or via co-operation networks of companies and educational institutions throughout Europe. Research specialist for Education, Business and Political Science.<\/p>\n<hr \/>\n<p><img decoding=\"async\" class=\"aligncenter wp-image-93 size-full\" src=\"https:\/\/iadliber.erasmus.site\/wp-content\/uploads\/2023\/04\/dekaplus.png\" alt=\"\" width=\"300\" height=\"300\" srcset=\"https:\/\/iadliber.erasmus.site\/wp-content\/uploads\/2023\/04\/dekaplus.png 300w, https:\/\/iadliber.erasmus.site\/wp-content\/uploads\/2023\/04\/dekaplus-150x150.png 150w, https:\/\/iadliber.erasmus.site\/wp-content\/uploads\/2023\/04\/dekaplus-24x24.png 24w, https:\/\/iadliber.erasmus.site\/wp-content\/uploads\/2023\/04\/dekaplus-36x36.png 36w, https:\/\/iadliber.erasmus.site\/wp-content\/uploads\/2023\/04\/dekaplus-48x48.png 48w\" sizes=\"(max-width: 300px) 100vw, 300px\" \/><\/p>\n<h3 style=\"text-align: center;\"><a href=\"http:\/\/www.dekaplus.eu\/\"><strong>DEKAPLUS BUSINESS SERVICES LTD<\/strong><\/a><strong> (CYPRUS)<\/strong><\/h3>\n<p>A DEKAPLUS \u00e9 uma organiza\u00e7\u00e3o de ensino e forma\u00e7\u00e3o profissional, centrada principalmente no desenvolvimento de compet\u00eancias e aptid\u00f5es dos gestores de PME e do pessoal de primeira linha. A DEKAPLUS \u00e9 um centro de forma\u00e7\u00e3o qualificado e certificado desde o in\u00edcio das suas atividades em 2006 e oferece cursos profissionais de curta dura\u00e7\u00e3o relacionados com o desenvolvimento empresarial e a sustentabilidade. A DEKAPLUS tem tamb\u00e9m um departamento dedicado \u00e0 gest\u00e3o de projetos da UE. Assume o papel de redator do projeto, l\u00edder do projeto ou parceiro do projeto, dependendo da natureza do projeto. Desde 2014, a DEKAPLUS tem sido o ponto de contacto do programa &#8220;Erasmus para Jovens Empres\u00e1rios&#8221; em Chipre, ajudando as empresas em fase de arranque a obter um in\u00edcio concreto. Al\u00e9m disso, a organiza\u00e7\u00e3o tem uma vasta experi\u00eancia na participa\u00e7\u00e3o em projetos Erasmus+, tanto como parceiro como coordenador.<\/p>\n<p><strong>Website<\/strong><\/p>\n<p><a href=\"https:\/\/dekaplus.eu\/\"><strong>https:\/\/dekaplus.eu\/<\/strong><\/a><\/p>\n<p><strong>Social media<\/strong><\/p>\n<p><strong>Facebook:\u00a0<\/strong><a href=\"https:\/\/www.facebook.com\/dekaplus.cyprus\/\">https:\/\/www.facebook.com\/dekaplus.cyprus\/<\/a><\/p>\n<p><strong>LinkedIn:\u00a0<\/strong><a href=\"https:\/\/www.linkedin.com\/company\/dekaplus-business-services-ltd\/?originalSubdomain=cy\"><strong>https:\/\/www.linkedin.com\/company\/dekaplus-business-services-ltd\/?originalSubdomain=cy<\/strong><\/a><\/p>\n<hr \/>\n<p><img loading=\"lazy\" decoding=\"async\" class=\"wp-image-95 size-full aligncenter\" src=\"https:\/\/iadliber.erasmus.site\/wp-content\/uploads\/2023\/04\/tcistanbul.png\" alt=\"\" width=\"300\" height=\"300\" srcset=\"https:\/\/iadliber.erasmus.site\/wp-content\/uploads\/2023\/04\/tcistanbul.png 300w, https:\/\/iadliber.erasmus.site\/wp-content\/uploads\/2023\/04\/tcistanbul-150x150.png 150w, https:\/\/iadliber.erasmus.site\/wp-content\/uploads\/2023\/04\/tcistanbul-24x24.png 24w, https:\/\/iadliber.erasmus.site\/wp-content\/uploads\/2023\/04\/tcistanbul-36x36.png 36w, https:\/\/iadliber.erasmus.site\/wp-content\/uploads\/2023\/04\/tcistanbul-48x48.png 48w\" sizes=\"(max-width: 300px) 100vw, 300px\" \/><\/p>\n<h3 style=\"text-align: center;\"><strong>ISTANBUL VALILIGI<\/strong><strong> (Turkey)<\/strong><\/h3>\n<p>Governorship of Istanbul (\u0130stanbul Valili\u011fi &#8211;\u00a0GOI) is the highest administrative public authority in the city with a population of over 16 million. More than 2000 civil servants provide service in 16 departments covering diverse fields in GOI. The main duties of the Governorship of Istanbul are;<\/p>\n<p>&#8211; Managing, regulating and supervising general administration in Istanbul.<\/p>\n<p>-Coordinating all activities in the province, such as education, health, security, environment, public works, culture, tourism, migration etc.<\/p>\n<p>&#8211; Implementing instructions, orders, laws and regulations\u00a0 from the government<\/p>\n<p>&#8211; Determining and carrying out works to meet the needs of the people in the city by supervising all institutions in the province.<\/p>\n<p>As the highest authority, GOI has the responsibility of 39 District Governorships and 24 Provincial Directorates<\/p>\n<p>The European Union and Foreign Relations Office, which carries out Erasmus+ projects on behalf of the Governorship of Istanbul, carries out studies throughout Istanbul during our country&#8217;s European Union accession process for the following purposes<\/p>\n<ul>\n<li>Establishment of the civic infrastructure<\/li>\n<li>Readiness of the city&#8217;s populace for EU citizenship<\/li>\n<li>Facilitating collaboration, communication, and coordination in the adoption and implementation of the acquis, which is mandatory for EU member states<\/li>\n<\/ul>\n<p>Planning and implementing the essential activities for the process of T\u00fcrkiye\u2019s Accession to the EU &#8211; which can be considered a social transformation project as an administrative approach based on the cooperation of local governments, non-governmental organizations, public institutions and organizations, the private sector and citizens &#8211; have been adopted as the fundamental principle within the Office.<\/p>\n<p>You can check out our website for details on the projects undertaken by our office. <a href=\"http:\/\/www.abmerkez.com\">www.abmerkez.com<\/a><\/p>\n<p><strong>Social media:<\/strong>\u00a0 <a href=\"https:\/\/www.facebook.com\/istanbulabproje\">https:\/\/www.facebook.com\/istanbulabproje<\/a><\/p>\n<p><a href=\"https:\/\/twitter.com\/abmerkez\">https:\/\/twitter.com\/abmerkez<\/a><\/p>\n<p><a href=\"https:\/\/www.instagram.com\/abmerkez\/\">https:\/\/www.instagram.com\/abmerkez\/<\/a><\/p>\n<p>&nbsp;<\/p>\n<hr \/>\n<p><img loading=\"lazy\" decoding=\"async\" class=\"wp-image-96 size-full aligncenter\" src=\"https:\/\/iadliber.erasmus.site\/wp-content\/uploads\/2023\/04\/rightchaleenge.png\" alt=\"\" width=\"300\" height=\"300\" srcset=\"https:\/\/iadliber.erasmus.site\/wp-content\/uploads\/2023\/04\/rightchaleenge.png 300w, https:\/\/iadliber.erasmus.site\/wp-content\/uploads\/2023\/04\/rightchaleenge-150x150.png 150w, https:\/\/iadliber.erasmus.site\/wp-content\/uploads\/2023\/04\/rightchaleenge-24x24.png 24w, https:\/\/iadliber.erasmus.site\/wp-content\/uploads\/2023\/04\/rightchaleenge-36x36.png 36w, https:\/\/iadliber.erasmus.site\/wp-content\/uploads\/2023\/04\/rightchaleenge-48x48.png 48w\" sizes=\"(max-width: 300px) 100vw, 300px\" \/><\/p>\n<h3 style=\"text-align: center;\"><strong><em>RightChallenge Association \u2013 NGO (Portugal)<\/em><\/strong><\/h3>\n<p>A RightChallenge \u00e9 uma organiza\u00e7\u00e3o n\u00e3o governamental que promove a educa\u00e7\u00e3o e a forma\u00e7\u00e3o centradas na inclus\u00e3o social e na igualdade de oportunidades. A organiza\u00e7\u00e3o promove a cidadania ativa, respons\u00e1vel e democr\u00e1tica atrav\u00e9s da educa\u00e7\u00e3o e da parceria com uma s\u00e9rie de partes interessadas. A RightChallenge fornece educa\u00e7\u00e3o elementar e familiar, forma\u00e7\u00e3o profissional, sa\u00fade e reabilita\u00e7\u00e3o, habita\u00e7\u00e3o e servi\u00e7os de cuidados e trabalho e atividades para grupos espec\u00edficos. RightChallenge acredita que a educa\u00e7\u00e3o \u00e9 uma parte integrante do desenvolvimento dos adultos para os preparar para participar e intervir em todas as dimens\u00f5es da sociedade, incluindo a fam\u00edlia, o trabalho, a comunidade e o lazer.<\/p>\n<p><strong>Website:\u00a0<\/strong>\u00a0<a href=\"https:\/\/rightchallenge.org\/en\/\">https:\/\/rightchallenge.org\/en\/<\/a><\/p>\n<p><strong>Social media:<\/strong><\/p>\n<p>Facebook:\u00a0<a href=\"https:\/\/www.facebook.com\/Rightchallenge\">https:\/\/www.facebook.com\/Rightchallenge<\/a><\/p>\n<p>LinkedIn: \u00a0<a href=\"https:\/\/www.linkedin.com\/in\/rightchallenge-associa%C3%A7%C3%A3o-482224219\/\">https:\/\/www.linkedin.com\/in\/rightchallenge-associa%C3%A7%C3%A3o-482224219\/<\/a><\/p>\n<p>Instagram: \u00a0<a href=\"https:\/\/www.instagram.com\/right_challenge\/\">https:\/\/www.instagram.com\/right_challenge\/<\/a><\/p>\n<hr \/>\n<p><img loading=\"lazy\" decoding=\"async\" class=\"wp-image-98 size-full aligncenter\" src=\"https:\/\/iadliber.erasmus.site\/wp-content\/uploads\/2023\/04\/cwep.png\" alt=\"\" width=\"300\" height=\"300\" srcset=\"https:\/\/iadliber.erasmus.site\/wp-content\/uploads\/2023\/04\/cwep.png 300w, https:\/\/iadliber.erasmus.site\/wp-content\/uploads\/2023\/04\/cwep-150x150.png 150w, https:\/\/iadliber.erasmus.site\/wp-content\/uploads\/2023\/04\/cwep-24x24.png 24w, https:\/\/iadliber.erasmus.site\/wp-content\/uploads\/2023\/04\/cwep-36x36.png 36w, https:\/\/iadliber.erasmus.site\/wp-content\/uploads\/2023\/04\/cwep-48x48.png 48w\" sizes=\"(max-width: 300px) 100vw, 300px\" \/><\/p>\n<h3 style=\"text-align: center;\"><strong><em>CENTRE FOR EDUCATION AND ENTREPRENEURSHIP SUPPORT \u2013 CWEP (Poland)<\/em><\/strong><\/h3>\n<p>O Centro de Apoio \u00e0 Educa\u00e7\u00e3o e ao Empreendedorismo (CWEP) \u00e9 uma organiza\u00e7\u00e3o n\u00e3o governamental fundada em 2004 por um grupo de empres\u00e1rios, professores e ativistas sociais de Rzesz\u00f3w, na Pol\u00f3nia. O CWEP coopera com empresas e institui\u00e7\u00f5es de ensino. A miss\u00e3o da CWEP \u00e9 aumentar a qualidade da forma\u00e7\u00e3o educativa a todos os n\u00edveis e em todas as suas formas, bem como promover o empreendedorismo, a fim de fomentar a integra\u00e7\u00e3o de qualquer grupo social, independentemente do seu g\u00e9nero, idade ou origem \u00e9tnica.<\/p>\n<p>Em particular, os objetivos s\u00e3o melhorar a acessibilidade, a qualidade e a efici\u00eancia da educa\u00e7\u00e3o de todas as pessoas, promover e contribuir para a educa\u00e7\u00e3o de adultos, a aprendizagem ao longo da vida, a aprendizagem eletr\u00f3nica e a utiliza\u00e7\u00e3o de novas tecnologias na educa\u00e7\u00e3o e no empreendedorismo. A Associa\u00e7\u00e3o trabalha com muitos parceiros da Europa para refor\u00e7ar a posi\u00e7\u00e3o econ\u00f3mica das empresas e fornece plataformas em linha para as empresas.<\/p>\n<p>Website:\u00a0<a href=\"http:\/\/www.cwep.eu\/\">www.cwep.eu<\/a><\/p>\n<hr \/>\n<p><img loading=\"lazy\" decoding=\"async\" class=\"wp-image-101 size-full aligncenter\" src=\"https:\/\/iadliber.erasmus.site\/wp-content\/uploads\/2023\/04\/mecb.png\" alt=\"\" width=\"300\" height=\"300\" srcset=\"https:\/\/iadliber.erasmus.site\/wp-content\/uploads\/2023\/04\/mecb.png 300w, https:\/\/iadliber.erasmus.site\/wp-content\/uploads\/2023\/04\/mecb-150x150.png 150w, https:\/\/iadliber.erasmus.site\/wp-content\/uploads\/2023\/04\/mecb-24x24.png 24w, https:\/\/iadliber.erasmus.site\/wp-content\/uploads\/2023\/04\/mecb-36x36.png 36w, https:\/\/iadliber.erasmus.site\/wp-content\/uploads\/2023\/04\/mecb-48x48.png 48w\" sizes=\"(max-width: 300px) 100vw, 300px\" \/><\/p>\n<h3 style=\"text-align: center;\"><strong><a href=\"http:\/\/www.mecb.com.mt\/%20eu\">MACDAC ENGINEERING CONSULTANCY BUREAU LTD &#8211; MECB<\/a> (Malta)<\/strong><\/h3>\n<p>O MACDAC Engineering Consultancy Bureau Ltd. (MECB), \u00e9 um gabinete de consultoria de excel\u00eancia sediado em Malta, dedicado a promover a excel\u00eancia e o apoio \u00e0 inova\u00e7\u00e3o atrav\u00e9s da presta\u00e7\u00e3o de servi\u00e7os de consultoria t\u00e9cnica relevantes, multidisciplinares e de alta qualidade (a), (b) servi\u00e7os de investiga\u00e7\u00e3o e forma\u00e7\u00e3o, bem como (c) oportunidades de parceria em projetos da UE. Ao longo dos anos, o MECB contribuiu para uma s\u00e9rie de projetos e concursos da UE, incluindo Erasmus+, EEA, LLP Grundtvig, Leonardo da Vinci, FP6\/7 e H2020.\u00a0 Estes projetos abrangem sectores como: Empreendedorismo tecnol\u00f3gico; Realidade aumentada e virtual; Modela\u00e7\u00e3o CAD e 3D; M\u00e9todos de inova\u00e7\u00e3o e criatividade; Desenvolvimento sustent\u00e1vel, economia circular, altera\u00e7\u00f5es clim\u00e1ticas; Ind\u00fastria 4.0; Aprendizagem ao longo da vida, e-Learning; Coopera\u00e7\u00e3o internacional; Gemina\u00e7\u00e3o; Prote\u00e7\u00e3o de dados da UE\/GD-PR.\u00a0 O MECB foi aceite como membro da Coliga\u00e7\u00e3o para a Cria\u00e7\u00e3o de Compet\u00eancias e Empregos Digitais da UE pelas contribui\u00e7\u00f5es que d\u00e1 regularmente para o desenvolvimento e a difus\u00e3o das tecnologias digitais em toda a Europa.<\/p>\n<p><strong>Website:\u00a0<\/strong><a href=\"https:\/\/www.eumecb.com\/\">https:\/\/www.eumecb.com\/<\/a><\/p>\n<p><strong>Social media:<\/strong><\/p>\n<ul>\n<li><strong>Facebook:\u00a0<\/strong><a href=\"https:\/\/www.facebook.com\/mecb.com.mt\/\">https:\/\/www.facebook.com\/mecb.com.mt\/<\/a><\/li>\n<li><strong>Twitter:<\/strong>\u00a0<a href=\"https:\/\/twitter.com\/_MECB_\">https:\/\/twitter.com\/_MECB_<\/a><\/li>\n<li><strong>YouTube:<\/strong>\u00a0<a href=\"https:\/\/www.youtube.com\/channel\/UCUEL03fwh8IfNibrI-HkVJw\">https:\/\/www.youtube.com\/channel\/UCUEL03fwh8IfNibrI-HkVJw<\/a><\/li>\n<\/ul>\n<p><\/p>","protected":false},"excerpt":{"rendered":"<p>ASOCIATIA DE DEZVOLTARE ECONOMICO-SOCIALA (Romania) A Asocia\u021bia de Dezvoltare Economico-Social\u0103 (Associa\u00e7\u00e3o para o Desenvolvimento Econ\u00f3mico e Social) &#8211; abreviadamente, ADES &#8211; de Curtea de Arge\u0219, Rom\u00e9nia, \u00e9 uma organiza\u00e7\u00e3o sem fins lucrativos que se tornou uma entidade legal (ONG) em junho de 1995. A miss\u00e3o da ADES \u00e9 criar mudan\u00e7as sociais e econ\u00f3micas positivas nas&hellip;&nbsp;<\/p>\n","protected":false},"author":1,"featured_media":0,"parent":0,"menu_order":0,"comment_status":"closed","ping_status":"closed","template":"","meta":{"neve_meta_sidebar":"","neve_meta_container":"","neve_meta_enable_content_width":"off","neve_meta_content_width":100,"neve_meta_title_alignment":"","neve_meta_author_avatar":"","neve_post_elements_order":"","neve_meta_disable_header":"","neve_meta_disable_footer":"","neve_meta_disable_title":"","footnotes":""},"class_list":["post-77","page","type-page","status-publish","hentry"],"_links":{"self":[{"href":"https:\/\/iadliber.erasmus.site\/pt\/wp-json\/wp\/v2\/pages\/77","targetHints":{"allow":["GET"]}}],"collection":[{"href":"https:\/\/iadliber.erasmus.site\/pt\/wp-json\/wp\/v2\/pages"}],"about":[{"href":"https:\/\/iadliber.erasmus.site\/pt\/wp-json\/wp\/v2\/types\/page"}],"author":[{"embeddable":true,"href":"https:\/\/iadliber.erasmus.site\/pt\/wp-json\/wp\/v2\/users\/1"}],"replies":[{"embeddable":true,"href":"https:\/\/iadliber.erasmus.site\/pt\/wp-json\/wp\/v2\/comments?post=77"}],"version-history":[{"count":22,"href":"https:\/\/iadliber.erasmus.site\/pt\/wp-json\/wp\/v2\/pages\/77\/revisions"}],"predecessor-version":[{"id":411,"href":"https:\/\/iadliber.erasmus.site\/pt\/wp-json\/wp\/v2\/pages\/77\/revisions\/411"}],"wp:attachment":[{"href":"https:\/\/iadliber.erasmus.site\/pt\/wp-json\/wp\/v2\/media?parent=77"}],"curies":[{"name":"wp","href":"https:\/\/api.w.org\/{rel}","templated":true}]}}