{"id":77,"date":"2023-04-15T12:34:19","date_gmt":"2023-04-15T12:34:19","guid":{"rendered":"https:\/\/iadliber.erasmus.site\/?page_id=77"},"modified":"2025-01-23T19:42:21","modified_gmt":"2025-01-23T19:42:21","slug":"partnership","status":"publish","type":"page","link":"https:\/\/iadliber.erasmus.site\/pl\/partnership\/","title":{"rendered":"Partnerstwo"},"content":{"rendered":"<p><img fetchpriority=\"high\" decoding=\"async\" class=\"size-full wp-image-90 aligncenter\" src=\"https:\/\/iadliber.erasmus.site\/wp-content\/uploads\/2023\/04\/ades.png\" alt=\"\" width=\"300\" height=\"300\" srcset=\"https:\/\/iadliber.erasmus.site\/wp-content\/uploads\/2023\/04\/ades.png 300w, https:\/\/iadliber.erasmus.site\/wp-content\/uploads\/2023\/04\/ades-150x150.png 150w, https:\/\/iadliber.erasmus.site\/wp-content\/uploads\/2023\/04\/ades-24x24.png 24w, https:\/\/iadliber.erasmus.site\/wp-content\/uploads\/2023\/04\/ades-36x36.png 36w, https:\/\/iadliber.erasmus.site\/wp-content\/uploads\/2023\/04\/ades-48x48.png 48w\" sizes=\"(max-width: 300px) 100vw, 300px\" \/><\/p>\n<h3 style=\"text-align: center;\"><strong>ASOCIATIA DE DEZVOLTARE ECONOMICO-SOCIALA (Rumunia)<\/strong><\/h3>\n<p>Asocia\u021bia de Dezvoltare Economico-Social\u0103 (Stowarzyszenie na rzecz Rozwoju Spo\u0142eczno-Gospodarczego) &#8211; w skr\u00f3cie ADES &#8211; z Curtea de Arge\u0219 w Rumunii jest organizacj\u0105 non-profit, kt\u00f3ra uzyska\u0142a osobowo\u015b\u0107 prawn\u0105 (jako NGO) w czerwcu 1995 roku. Misj\u0105 ADES jest tworzenie pozytywnych zmian spo\u0142ecznych i gospodarczych w spo\u0142eczno\u015bciach w ca\u0142ej Rumunii w spos\u00f3b profesjonalny, etyczny i odpowiedzialny.<\/p>\n<p>Zesp\u00f3\u0142 ADES d\u0105\u017cy do rozwijania umiej\u0119tno\u015bci osobistych i zawodowych, wspierania rozwoju i ekspansji M\u015aP, poprawy warunk\u00f3w spo\u0142ecznych i ekonomicznych w spo\u0142eczno\u015bciach lokalnych.<\/p>\n<p>Od 1995 roku ADES z powodzeniem opracowa\u0142o i wdro\u017cy\u0142o ponad 50 projekt\u00f3w finansowanych przez Uni\u0119 Europejsk\u0105, Bank \u015awiatowy, Ambasad\u0119 USA, Europejski Program Rozwoju Biznesu, Fundacj\u0119 Spo\u0142ecze\u0144stwa Otwartego, Charity Know How Fund itp. ADES \u015bci\u015ble wsp\u00f3\u0142pracuje ze spo\u0142eczno\u015bciami, inwestorami i partnerami wdra\u017caj\u0105cymi (samorz\u0105dem lokalnym, firmami, organizacjami pozarz\u0105dowymi i szko\u0142ami) w celu realizacji projekt\u00f3w rozwoju spo\u0142eczno-gospodarczego.<\/p>\n<p>Wi\u0119cej informacji na temat ADES mo\u017cna znale\u017a\u0107 na stronie:<\/p>\n<p><a href=\"http:\/\/www.facebook.com\/ADESCDA\/\">www.facebook.com\/ADESCDA\/<\/a>\u00a0oraz\u00a0<a href=\"https:\/\/www.linkedin.com\/company\/43363632\/\">https:\/\/www.linkedin.com\/company\/43363632\/<\/a>.<\/p>\n<hr \/>\n<p><img decoding=\"async\" class=\"wp-image-91 size-full aligncenter\" src=\"https:\/\/iadliber.erasmus.site\/wp-content\/uploads\/2023\/04\/c4e.png\" alt=\"\" width=\"300\" height=\"300\" srcset=\"https:\/\/iadliber.erasmus.site\/wp-content\/uploads\/2023\/04\/c4e.png 300w, https:\/\/iadliber.erasmus.site\/wp-content\/uploads\/2023\/04\/c4e-150x150.png 150w, https:\/\/iadliber.erasmus.site\/wp-content\/uploads\/2023\/04\/c4e-24x24.png 24w, https:\/\/iadliber.erasmus.site\/wp-content\/uploads\/2023\/04\/c4e-36x36.png 36w, https:\/\/iadliber.erasmus.site\/wp-content\/uploads\/2023\/04\/c4e-48x48.png 48w\" sizes=\"(max-width: 300px) 100vw, 300px\" \/><\/p>\n<h3 style=\"text-align: center;\"><strong>CENTRE FOR EDUCATION<\/strong><strong> (Hiszpania)<\/strong><\/h3>\n<p>Centre for Education (Centrum na rzecz edukacji) zosta\u0142o za\u0142o\u017cone w 2012 roku i jest stowarzyszeniem non-profit z siedzib\u0105 w Marina Cala D&#8217;or na Majorce (Hiszpania).<\/p>\n<p>Centre for Education zapewnia specjalnie zaprojektowane kursy szkoleniowe dla grup m\u0142odych doros\u0142ych znajduj\u0105cych si\u0119 w niekorzystnej sytuacji.<\/p>\n<p>Kursy te zosta\u0142y opracowane we wsp\u00f3\u0142pracy z podobnie my\u015bl\u0105cymi organizacjami, kt\u00f3re r\u00f3wnie\u017c pracuj\u0105 w dziedzinie szkolenia m\u0142odych doros\u0142ych, kt\u00f3rzy nie s\u0105 zatrudnieni, nie kszta\u0142c\u0105 si\u0119 ani nie szkol\u0105 (NEET).<\/p>\n<p>Personel ma do\u015bwiadczenie w projektach finansowanych przez UE i pracowa\u0142 zar\u00f3wno w charakterze koordynatora, jak i pe\u0142noprawnego partnera w poprzednich i bie\u017c\u0105cych projektach.<\/p>\n<p>Kluczowymi osobami zaanga\u017cowanymi w prac\u0119 nad tym projektem b\u0119d\u0105:<\/p>\n<p>Michael John (m\u0119\u017cczyzna), specjalista ds. edukacji:<\/p>\n<p>Prezes Centrum Edukacji z 15-letnim do\u015bwiadczeniem jako przedsi\u0119biorca i edukator w sektorze morskim. Michael jest odpowiedzialny za wszystkie dzia\u0142ania szkoleniowe w stowarzyszeniu i posiada znaczn\u0105 wiedz\u0119 i do\u015bwiadczenie w zakresie bada\u0144 i analizy kwalifikacji. Zaprojektowa\u0142 zatwierdzone programy szkoleniowe i odni\u00f3s\u0142 wielkie sukcesy w prowadzeniu kurs\u00f3w motywacyjnych dla m\u0142odzie\u017cy znajduj\u0105cej si\u0119 w niekorzystnej sytuacji.<\/p>\n<p>Mike jest utalentowanym instruktorem i jest cz\u0119sto chwalony za swoje motywacyjne i cierpliwe podej\u015bcie. Szczeg\u00f3lnie w pracy z m\u0142odymi lud\u017ami osi\u0105gn\u0105\u0142 znacz\u0105ce sukcesy, wykorzystuj\u0105c sw\u00f3j styl nauczania do inspirowania innych do nowych krok\u00f3w w karierze i wiary w siebie.<\/p>\n<p>Silja Teege (kobieta), politolog:<\/p>\n<p>Sekretarz Centre for Education z 15-letnim do\u015bwiadczeniem w zarz\u0105dzaniu biznesem, odpowiedzialna za zarz\u0105dzanie g\u0142\u00f3wnymi dzia\u0142aniami stowarzyszenia. Praca ta obejmuje kontakty, negocjacje i kontraktowanie wszystkich dzia\u0142a\u0144 szkoleniowych, kurs\u00f3w, bezpo\u015brednio z klientem \/ uczniem lub za po\u015brednictwem sieci wsp\u00f3\u0142pracy firm i instytucji edukacyjnych w ca\u0142ej Europie. Specjalistka ds. bada\u0144 w dziedzinie edukacji, biznesu i nauk politycznych.<\/p>\n<hr \/>\n<p><img decoding=\"async\" class=\"aligncenter wp-image-93 size-full\" src=\"https:\/\/iadliber.erasmus.site\/wp-content\/uploads\/2023\/04\/dekaplus.png\" alt=\"\" width=\"300\" height=\"300\" srcset=\"https:\/\/iadliber.erasmus.site\/wp-content\/uploads\/2023\/04\/dekaplus.png 300w, https:\/\/iadliber.erasmus.site\/wp-content\/uploads\/2023\/04\/dekaplus-150x150.png 150w, https:\/\/iadliber.erasmus.site\/wp-content\/uploads\/2023\/04\/dekaplus-24x24.png 24w, https:\/\/iadliber.erasmus.site\/wp-content\/uploads\/2023\/04\/dekaplus-36x36.png 36w, https:\/\/iadliber.erasmus.site\/wp-content\/uploads\/2023\/04\/dekaplus-48x48.png 48w\" sizes=\"(max-width: 300px) 100vw, 300px\" \/><\/p>\n<h3 style=\"text-align: center;\"><a href=\"http:\/\/www.dekaplus.eu\/\"><strong>DEKAPLUS BUSINESS SERVICES LTD<\/strong><\/a><strong> (CYPR)<\/strong><\/h3>\n<p><strong>DEKAPLUS<\/strong> jest organizacj\u0105 zajmuj\u0105c\u0105 si\u0119 kszta\u0142ceniem i szkoleniem zawodowym, koncentruj\u0105c\u0105 si\u0119 przede wszystkim na rozwoju kompetencji i umiej\u0119tno\u015bci kadry zarz\u0105dzaj\u0105cej M\u015aP i pracownik\u00f3w pierwszej linii. DEKAPLUS jest wykwalifikowanym i certyfikowanym centrum szkoleniowym od momentu rozpocz\u0119cia dzia\u0142alno\u015bci w 2006 roku i oferuje kr\u00f3tkie kursy zawodowe zwi\u0105zane z rozwojem biznesu i zr\u00f3wnowa\u017conym rozwojem. DEKAPLUS posiada r\u00f3wnie\u017c wyspecjalizowany dzia\u0142 zarz\u0105dzaj\u0105cy projektami UE. Pe\u0142ni rol\u0119 autora, lidera lub partnera projektu w zale\u017cno\u015bci od charakteru przedsi\u0119wzi\u0119cia. Od 2014 r. DEKAPLUS jest punktem kontaktowym programu &#8222;Erasmus dla m\u0142odych przedsi\u0119biorc\u00f3w&#8221; na Cyprze, pomagaj\u0105c start-upom uzyska\u0107 konkretny start. Ponadto organizacja posiada bogate do\u015bwiadczenie w uczestnictwie w projektach Erasmus+ zar\u00f3wno jako partner, jak i koordynator.<\/p>\n<p><strong>Strona internetowa<\/strong><\/p>\n<p><a href=\"https:\/\/dekaplus.eu\/\"><strong>https:\/\/dekaplus.eu\/<\/strong><\/a><\/p>\n<p><strong>Media spo\u0142eczno\u015bciowe<\/strong><\/p>\n<p><strong>Facebook:\u00a0<\/strong><a href=\"https:\/\/www.facebook.com\/dekaplus.cyprus\/\">https:\/\/www.facebook.com\/dekaplus.cyprus\/<\/a><\/p>\n<p><strong>LinkedIn:\u00a0<\/strong><a href=\"https:\/\/www.linkedin.com\/company\/dekaplus-business-services-ltd\/?originalSubdomain=cy\"><strong>https:\/\/www.linkedin.com\/company\/dekaplus-business-services-ltd\/?originalSubdomain=cy<\/strong><\/a><\/p>\n<hr \/>\n<p><img loading=\"lazy\" decoding=\"async\" class=\"wp-image-95 size-full aligncenter\" src=\"https:\/\/iadliber.erasmus.site\/wp-content\/uploads\/2023\/04\/tcistanbul.png\" alt=\"\" width=\"300\" height=\"300\" srcset=\"https:\/\/iadliber.erasmus.site\/wp-content\/uploads\/2023\/04\/tcistanbul.png 300w, https:\/\/iadliber.erasmus.site\/wp-content\/uploads\/2023\/04\/tcistanbul-150x150.png 150w, https:\/\/iadliber.erasmus.site\/wp-content\/uploads\/2023\/04\/tcistanbul-24x24.png 24w, https:\/\/iadliber.erasmus.site\/wp-content\/uploads\/2023\/04\/tcistanbul-36x36.png 36w, https:\/\/iadliber.erasmus.site\/wp-content\/uploads\/2023\/04\/tcistanbul-48x48.png 48w\" sizes=\"(max-width: 300px) 100vw, 300px\" \/><\/p>\n<h3 style=\"text-align: center;\"><a href=\"http:\/\/www.istanbulab.gov.tr\/\"><strong>ISTANBUL VALILIGI<\/strong><\/a><strong> (Turcja)<\/strong><\/h3>\n<p>Gubernatorstwo Stambu\u0142u (\u0130stanbul Valili\u011fi-GOI) jest najwy\u017cszym organem administracyjnym w mie\u015bcie, zatrudniaj\u0105cym oko\u0142o 2050 urz\u0119dnik\u00f3w s\u0142u\u017cby cywilnej i \u015bwiadcz\u0105cym us\u0142ugi w r\u00f3\u017cnych dziedzinach. G\u0142\u00f3wn\u0105 rol\u0105 GOI jest nadzorowanie wdra\u017cania decyzji ministerstw rz\u0105dowych, wymog\u00f3w konstytucyjnych i ustawodawstwa uchwalonego przez Wielkie Zgromadzenie Narodowe w granicach prowincji przy pomocy ponad czterystu urz\u0119dnik\u00f3w s\u0142u\u017cby cywilnej.\u00a0 Jedn\u0105 z najwa\u017cniejszych funkcji GOI jest upewnienie si\u0119, \u017ce decyzje, wymogi konstytucyjne i nowe przepisy s\u0105 wdra\u017cane w prowincji, kt\u00f3rej przewodniczy. GOI ma r\u00f3wnie\u017c prawo do przenoszenia, usuwania lub mianowania urz\u0119dnik\u00f3w na okre\u015blone stanowiska publiczne i ma prawo do zmiany roli niekt\u00f3rych instytucji publicznych, je\u015bli uzna to za stosowne.<\/p>\n<p>&nbsp;<\/p>\n<p>&nbsp;<\/p>\n<p>Jako najwy\u017cszy organ, GOI odpowiada za 39 gubernatorstw dystrykt\u00f3w i 24 dyrekcje prowincji.\u00a0 GOI ma prawo wyznaczania ekspert\u00f3w i badaczy z tych dyrekcji w celu wdra\u017cania projekt\u00f3w i regulacji. Gubernatorstwo Stambu\u0142u jest reprezentowane przez &#8222;Biuro UE i Stosunk\u00f3w Zagranicznych&#8221; &#8211; jedn\u0105 z szesnastu jednostek gubernatorstwa \u2013 kt\u00f3re ma du\u017ce do\u015bwiadczenie w projektach krajowych i mi\u0119dzynarodowych, zw\u0142aszcza w projektach UE (KA1, KA2, KA3 i Sport) od 2005 roku. Ponadto GOI zarz\u0105dza Rad\u0105 ds. Zgodno\u015bci, Doradztwa i Poradnictwa Unii Europejskiej, kt\u00f3ra zosta\u0142a utworzona przy Ministerstwie Spraw Wewn\u0119trznych: 26.01.2010 i 2010 \/ nr ewidencyjny 6.<\/p>\n<p><strong>Strona internetowa:<\/strong> <a href=\"https:\/\/abmerkez.com\/\">https:\/\/abmerkez.com\/<\/a><\/p>\n<p>&nbsp;<\/p>\n<p><strong>Media spo\u0142eczno\u015bciowe:<\/strong>\u00a0 <a href=\"https:\/\/www.facebook.com\/istanbulabproje\">https:\/\/www.facebook.com\/istanbulabproje<\/a><\/p>\n<p><a href=\"https:\/\/twitter.com\/abmerkez\">https:\/\/twitter.com\/abmerkez<\/a><\/p>\n<p><a href=\"https:\/\/www.instagram.com\/abmerkez\/\">https:\/\/www.instagram.com\/abmerkez\/<\/a><\/p>\n<p><a href=\"https:\/\/www.youtube.com\/@abvedsiliskilerburosu7951\">https:\/\/www.youtube.com\/@abvedsiliskilerburosu7951<\/a><\/p>\n<p><a href=\"https:\/\/www.instagram.com\/abmerkez\/\">https:\/\/www.instagram.com\/abmerkez\/<\/a><\/p>\n<hr \/>\n<p><img loading=\"lazy\" decoding=\"async\" class=\"wp-image-96 size-full aligncenter\" src=\"https:\/\/iadliber.erasmus.site\/wp-content\/uploads\/2023\/04\/rightchaleenge.png\" alt=\"\" width=\"300\" height=\"300\" srcset=\"https:\/\/iadliber.erasmus.site\/wp-content\/uploads\/2023\/04\/rightchaleenge.png 300w, https:\/\/iadliber.erasmus.site\/wp-content\/uploads\/2023\/04\/rightchaleenge-150x150.png 150w, https:\/\/iadliber.erasmus.site\/wp-content\/uploads\/2023\/04\/rightchaleenge-24x24.png 24w, https:\/\/iadliber.erasmus.site\/wp-content\/uploads\/2023\/04\/rightchaleenge-36x36.png 36w, https:\/\/iadliber.erasmus.site\/wp-content\/uploads\/2023\/04\/rightchaleenge-48x48.png 48w\" sizes=\"(max-width: 300px) 100vw, 300px\" \/><\/p>\n<h3 style=\"text-align: center;\"><strong><em>RightChallenge Association \u2013 NGO (Portugalia)<\/em><\/strong><\/h3>\n<p>RightChallenge jest organizacj\u0105 pozarz\u0105dow\u0105, kt\u00f3ra promuje edukacj\u0119 i szkolenia skoncentrowane na integracji spo\u0142ecznej i r\u00f3wnych szansach. Organizacja promuje aktywne, odpowiedzialne i demokratyczne obywatelstwo poprzez edukacj\u0119 i wsp\u00f3\u0142prac\u0119 z wieloma zainteresowanymi stronami. RightChallenge zapewnia edukacj\u0119 podstawow\u0105 i rodzinn\u0105, szkolenia zawodowe, us\u0142ugi zdrowotne i rehabilitacj\u0119, us\u0142ugi mieszkaniowe i opieku\u0144cze oraz prac\u0119 i dzia\u0142ania dla okre\u015blonych grup. RightChallenge wierzy, \u017ce edukacja jest integraln\u0105 cz\u0119\u015bci\u0105 rozwoju doros\u0142ych, aby przygotowa\u0107 ich do uczestnictwa i interwencji we wszystkich wymiarach spo\u0142ecze\u0144stwa, w tym w rodzinie, pracy, spo\u0142eczno\u015bci i czasie wolnym.<\/p>\n<p><strong>Strona internetowa:\u00a0<\/strong>\u00a0<a href=\"https:\/\/rightchallenge.org\/en\/\">https:\/\/rightchallenge.org\/en\/<\/a><\/p>\n<p><strong>Media spo\u0142eczno\u015bciowe:<\/strong><\/p>\n<p>Facebook:\u00a0<a href=\"https:\/\/www.facebook.com\/Rightchallenge\">https:\/\/www.facebook.com\/Rightchallenge<\/a><\/p>\n<p>LinkedIn: \u00a0<a href=\"https:\/\/www.linkedin.com\/in\/rightchallenge-associa%C3%A7%C3%A3o-482224219\/\">https:\/\/www.linkedin.com\/in\/rightchallenge-associa%C3%A7%C3%A3o-482224219\/<\/a><\/p>\n<hr \/>\n<p><img loading=\"lazy\" decoding=\"async\" class=\"wp-image-98 size-full aligncenter\" src=\"https:\/\/iadliber.erasmus.site\/wp-content\/uploads\/2023\/04\/cwep.png\" alt=\"\" width=\"300\" height=\"300\" srcset=\"https:\/\/iadliber.erasmus.site\/wp-content\/uploads\/2023\/04\/cwep.png 300w, https:\/\/iadliber.erasmus.site\/wp-content\/uploads\/2023\/04\/cwep-150x150.png 150w, https:\/\/iadliber.erasmus.site\/wp-content\/uploads\/2023\/04\/cwep-24x24.png 24w, https:\/\/iadliber.erasmus.site\/wp-content\/uploads\/2023\/04\/cwep-36x36.png 36w, https:\/\/iadliber.erasmus.site\/wp-content\/uploads\/2023\/04\/cwep-48x48.png 48w\" sizes=\"(max-width: 300px) 100vw, 300px\" \/><\/p>\n<h3 style=\"text-align: center;\"><strong><em>CENTRUM WSPIERANIA EDUKACJI I PRZEDSI\u0118BIORCZO\u015aCI \u2013 CWEP (Polska)<\/em><\/strong><\/h3>\n<p>Centrum Wspierania Edukacji i Przedsi\u0119biorczo\u015bci (CWEP) jest organizacj\u0105 pozarz\u0105dow\u0105 za\u0142o\u017con\u0105 w 2004 roku przez grup\u0119 przedsi\u0119biorc\u00f3w, nauczycieli i dzia\u0142aczy spo\u0142ecznych z Rzeszowa. CWEP wsp\u00f3\u0142pracuje z przedsi\u0119biorstwami i instytucjami edukacyjnymi. Misj\u0105 CWEP jest podnoszenie jako\u015bci kszta\u0142cenia na wszystkich poziomach i we wszystkich jego formach, a tak\u017ce promowanie przedsi\u0119biorczo\u015bci w celu wspierania integracji ka\u017cdej grupy spo\u0142ecznej, niezale\u017cnie od p\u0142ci, wieku czy pochodzenia etnicznego. W szczeg\u00f3lno\u015bci celem jest poprawa dost\u0119pno\u015bci, jako\u015bci i skuteczno\u015bci edukacji wszystkich ludzi, promowanie i przyczynianie si\u0119 do edukacji doros\u0142ych, uczenia si\u0119 przez ca\u0142e \u017cycie, e-learningu i wykorzystania nowych technologii w edukacji i przedsi\u0119biorczo\u015bci. Stowarzyszenie wsp\u00f3\u0142pracuje z wieloma partnerami z Europy w celu wzmocnienia pozycji ekonomicznej przedsi\u0119biorstw i zapewnia platformy internetowe dla firm.<\/p>\n<p>Strona internetowa:\u00a0<a href=\"http:\/\/www.cwep.eu\/\">www.cwep.eu<\/a><\/p>\n<hr \/>\n<p><img loading=\"lazy\" decoding=\"async\" class=\"wp-image-101 size-full aligncenter\" src=\"https:\/\/iadliber.erasmus.site\/wp-content\/uploads\/2023\/04\/mecb.png\" alt=\"\" width=\"300\" height=\"300\" srcset=\"https:\/\/iadliber.erasmus.site\/wp-content\/uploads\/2023\/04\/mecb.png 300w, https:\/\/iadliber.erasmus.site\/wp-content\/uploads\/2023\/04\/mecb-150x150.png 150w, https:\/\/iadliber.erasmus.site\/wp-content\/uploads\/2023\/04\/mecb-24x24.png 24w, https:\/\/iadliber.erasmus.site\/wp-content\/uploads\/2023\/04\/mecb-36x36.png 36w, https:\/\/iadliber.erasmus.site\/wp-content\/uploads\/2023\/04\/mecb-48x48.png 48w\" sizes=\"(max-width: 300px) 100vw, 300px\" \/><\/p>\n<h3 style=\"text-align: center;\"><strong><a href=\"http:\/\/www.mecb.com.mt\/%20eu\">MACDAC ENGINEERING CONSULTANCY BUREAU LTD &#8211; MECB<\/a> (Malta)<\/strong><\/h3>\n<p>MACDAC Engineering Consultancy Bureau Ltd. (MECB) jest malta\u0144skim biurem konsultingowym zajmuj\u0105cym si\u0119 doskonaleniem i wspieraniem innowacji poprzez \u015bwiadczenie odpowiednich, multidyscyplinarnych, wysokiej jako\u015bci (a) us\u0142ug doradztwa technicznego (b) us\u0142ug badawczych i szkoleniowych, a tak\u017ce (c) mo\u017cliwo\u015bci partnerstwa w projektach UE. Przez lata MECB uczestniczy\u0142o w szeregu projekt\u00f3w i przetarg\u00f3w UE, w tym Erasmus+, EEA, LLP Grundtvig, Leonardo da Vinci, FP6\/7 i H2020.\u00a0 Obejmowa\u0142y one takie sektory jak: Przedsi\u0119biorczo\u015b\u0107 technologiczna; Rozszerzona i wirtualna rzeczywisto\u015b\u0107; CAD i modelowanie 3D; Metody innowacji i kreatywno\u015bci; Zr\u00f3wnowa\u017cony rozw\u00f3j, gospodarka o obiegu zamkni\u0119tym, zmiany klimatu; Przemys\u0142 4.0; Uczenie si\u0119 przez ca\u0142e \u017cycie, e-learning; Wsp\u00f3\u0142praca mi\u0119dzynarodowa; Twinning; Ochrona danych UE \/ RODO.\u00a0 MECB zosta\u0142o przyj\u0119te jako cz\u0142onek Koalicji na rzecz Umiej\u0119tno\u015bci Cyfrowych i Zatrudnienia (EU Digital Skills &amp; Jobs Coalition) za wk\u0142ad, jaki regularnie wnosi w rozw\u00f3j i rozpowszechnianie technologii cyfrowych w ca\u0142ej Europie.<\/p>\n<p><strong>Strona internetowa:\u00a0<\/strong><a href=\"https:\/\/www.eumecb.com\/\">https:\/\/www.eumecb.com\/<\/a><\/p>\n<p><strong>Media spo\u0142eczno\u015bciowe:<\/strong><\/p>\n<ul>\n<li><strong>Facebook:\u00a0<\/strong><a href=\"https:\/\/www.facebook.com\/mecb.com.mt\/\">https:\/\/www.facebook.com\/mecb.com.mt\/<\/a><\/li>\n<li><strong>Twitter:<\/strong>\u00a0<a href=\"https:\/\/twitter.com\/_MECB_\">https:\/\/twitter.com\/_MECB_<\/a><\/li>\n<li><strong>YouTube:<\/strong>\u00a0<a href=\"https:\/\/www.youtube.com\/channel\/UCUEL03fwh8IfNibrI-HkVJw\">https:\/\/www.youtube.com\/channel\/UCUEL03fwh8IfNibrI-HkVJw<\/a><\/li>\n<\/ul>\n<p><\/p>","protected":false},"excerpt":{"rendered":"<p>ASOCIATIA DE DEZVOLTARE ECONOMICO-SOCIALA (Rumunia) Asocia\u021bia de Dezvoltare Economico-Social\u0103 (Stowarzyszenie na rzecz Rozwoju Spo\u0142eczno-Gospodarczego) &#8211; w skr\u00f3cie ADES &#8211; z Curtea de Arge\u0219 w Rumunii jest organizacj\u0105 non-profit, kt\u00f3ra uzyska\u0142a osobowo\u015b\u0107 prawn\u0105 (jako NGO) w czerwcu 1995 roku. Misj\u0105 ADES jest tworzenie pozytywnych zmian spo\u0142ecznych i gospodarczych w spo\u0142eczno\u015bciach w ca\u0142ej Rumunii w spos\u00f3b profesjonalny,&hellip;&nbsp;<\/p>\n","protected":false},"author":1,"featured_media":0,"parent":0,"menu_order":0,"comment_status":"closed","ping_status":"closed","template":"","meta":{"neve_meta_sidebar":"","neve_meta_container":"","neve_meta_enable_content_width":"off","neve_meta_content_width":100,"neve_meta_title_alignment":"","neve_meta_author_avatar":"","neve_post_elements_order":"","neve_meta_disable_header":"","neve_meta_disable_footer":"","neve_meta_disable_title":"","footnotes":""},"class_list":["post-77","page","type-page","status-publish","hentry"],"_links":{"self":[{"href":"https:\/\/iadliber.erasmus.site\/pl\/wp-json\/wp\/v2\/pages\/77","targetHints":{"allow":["GET"]}}],"collection":[{"href":"https:\/\/iadliber.erasmus.site\/pl\/wp-json\/wp\/v2\/pages"}],"about":[{"href":"https:\/\/iadliber.erasmus.site\/pl\/wp-json\/wp\/v2\/types\/page"}],"author":[{"embeddable":true,"href":"https:\/\/iadliber.erasmus.site\/pl\/wp-json\/wp\/v2\/users\/1"}],"replies":[{"embeddable":true,"href":"https:\/\/iadliber.erasmus.site\/pl\/wp-json\/wp\/v2\/comments?post=77"}],"version-history":[{"count":22,"href":"https:\/\/iadliber.erasmus.site\/pl\/wp-json\/wp\/v2\/pages\/77\/revisions"}],"predecessor-version":[{"id":411,"href":"https:\/\/iadliber.erasmus.site\/pl\/wp-json\/wp\/v2\/pages\/77\/revisions\/411"}],"wp:attachment":[{"href":"https:\/\/iadliber.erasmus.site\/pl\/wp-json\/wp\/v2\/media?parent=77"}],"curies":[{"name":"wp","href":"https:\/\/api.w.org\/{rel}","templated":true}]}}