{"id":10,"date":"2023-04-15T11:30:20","date_gmt":"2023-04-15T11:30:20","guid":{"rendered":"https:\/\/iadliber.erasmus.site\/?page_id=10"},"modified":"2025-01-23T19:34:57","modified_gmt":"2025-01-23T19:34:57","slug":"home","status":"publish","type":"page","link":"https:\/\/iadliber.erasmus.site\/pl\/","title":{"rendered":"Home"},"content":{"rendered":"\t\t<div data-elementor-type=\"wp-page\" data-elementor-id=\"10\" class=\"elementor elementor-10\">\n\t\t\t\t\t\t<section class=\"elementor-section elementor-top-section elementor-element elementor-element-7f444b2 elementor-section-height-min-height elementor-section-boxed elementor-section-height-default elementor-section-items-middle\" data-id=\"7f444b2\" data-element_type=\"section\" data-e-type=\"section\" data-settings=\"{&quot;background_background&quot;:&quot;classic&quot;}\">\n\t\t\t\t\t\t\t<div class=\"elementor-background-overlay\"><\/div>\n\t\t\t\t\t\t\t<div class=\"elementor-container elementor-column-gap-default\">\n\t\t\t\t\t<div class=\"elementor-column elementor-col-100 elementor-top-column elementor-element elementor-element-da9bff8\" data-id=\"da9bff8\" data-element_type=\"column\" data-e-type=\"column\">\n\t\t\t<div class=\"elementor-widget-wrap elementor-element-populated\">\n\t\t\t\t\t\t<div class=\"elementor-element elementor-element-8d0359a elementor-widget elementor-widget-heading\" data-id=\"8d0359a\" data-element_type=\"widget\" data-e-type=\"widget\" data-widget_type=\"heading.default\">\n\t\t\t\t<div class=\"elementor-widget-container\">\n\t\t\t\t\t<h2 class=\"elementor-heading-title elementor-size-xxl\">Projekt IADliber<\/h2>\t\t\t\t<\/div>\n\t\t\t\t<\/div>\n\t\t\t\t<div class=\"elementor-element elementor-element-c53b8ef elementor-widget elementor-widget-text-editor\" data-id=\"c53b8ef\" data-element_type=\"widget\" data-e-type=\"widget\" data-widget_type=\"text-editor.default\">\n\t\t\t\t<div class=\"elementor-widget-container\">\n\t\t\t\t\t\t\t\t\t<p><strong>Podnoszenie kompetencji edukator\u00f3w doros\u0142ych jako spos\u00f3b na wyzwolenie doros\u0142ych z uzale\u017cnienia od Internetu<\/strong><\/p>\t\t\t\t\t\t\t\t<\/div>\n\t\t\t\t<\/div>\n\t\t\t\t<div class=\"elementor-element elementor-element-5a1a9af elementor-widget elementor-widget-text-editor\" data-id=\"5a1a9af\" data-element_type=\"widget\" data-e-type=\"widget\" data-widget_type=\"text-editor.default\">\n\t\t\t\t<div class=\"elementor-widget-container\">\n\t\t\t\t\t\t\t\t\t<p>Numer projektu: 2022-1-RO01-KA220-ADU-000087209<br \/>Czas trwania projektu: 01.12.2022 &#8211; 30.11.2024 (24 miesi\u0105ce)<\/p>\t\t\t\t\t\t\t\t<\/div>\n\t\t\t\t<\/div>\n\t\t\t\t\t<\/div>\n\t\t<\/div>\n\t\t\t\t\t<\/div>\n\t\t<\/section>\n\t\t\t\t<section class=\"elementor-section elementor-top-section elementor-element elementor-element-97c4d95 elementor-section-height-min-height elementor-section-boxed elementor-section-height-default elementor-section-items-middle\" data-id=\"97c4d95\" data-element_type=\"section\" data-e-type=\"section\">\n\t\t\t\t\t\t<div class=\"elementor-container elementor-column-gap-default\">\n\t\t\t\t\t<div class=\"elementor-column elementor-col-50 elementor-top-column elementor-element elementor-element-385abbc\" data-id=\"385abbc\" data-element_type=\"column\" data-e-type=\"column\">\n\t\t\t<div class=\"elementor-widget-wrap elementor-element-populated\">\n\t\t\t\t\t\t<div class=\"elementor-element elementor-element-0b7e62b elementor-widget elementor-widget-menu-anchor\" data-id=\"0b7e62b\" data-element_type=\"widget\" data-e-type=\"widget\" data-widget_type=\"menu-anchor.default\">\n\t\t\t\t<div class=\"elementor-widget-container\">\n\t\t\t\t\t\t\t<div class=\"elementor-menu-anchor\" id=\"aim\"><\/div>\n\t\t\t\t\t\t<\/div>\n\t\t\t\t<\/div>\n\t\t\t\t<div class=\"elementor-element elementor-element-bae185b elementor-widget elementor-widget-heading\" data-id=\"bae185b\" data-element_type=\"widget\" data-e-type=\"widget\" data-widget_type=\"heading.default\">\n\t\t\t\t<div class=\"elementor-widget-container\">\n\t\t\t\t\t<h2 class=\"elementor-heading-title elementor-size-default\">CEL PROJEKTU<\/h2>\t\t\t\t<\/div>\n\t\t\t\t<\/div>\n\t\t\t\t<div class=\"elementor-element elementor-element-659fcd8 elementor-widget elementor-widget-text-editor\" data-id=\"659fcd8\" data-element_type=\"widget\" data-e-type=\"widget\" data-widget_type=\"text-editor.default\">\n\t\t\t\t<div class=\"elementor-widget-container\">\n\t\t\t\t\t\t\t\t\t<p><\/p><p><\/p><p>Projekt <strong>IADliber ma na celu wspieranie nauczycieli os\u00f3b doros\u0142ych, <\/strong>szczeg\u00f3lnie zaanga\u017cowanych w\u00a0prac\u0119 z osobami o niskim wykszta\u0142ceniu, poprzez <strong>dostarczanie im <\/strong>niezb\u0119dnych <strong>materia\u0142\u00f3w edukacyjnych, <\/strong>kt\u00f3re mog\u0105 pom\u00f3c im w pracy i by\u0107 doskona\u0142ym narz\u0119dziem do wywierania wp\u0142ywu na grup\u0119 docelow\u0105 poprzez mindfulness i inne metody skupienia, samo\u015bwiadomo\u015bci i rzetelnej oceny sytuacji.<\/p><p><strong>OPIS<\/strong><\/p><p>Uzale\u017cnienie od Internetu, cho\u0107 nie zosta\u0142o oficjalnie uznane przez WHO lub APA, jest powa\u017cn\u0105 i\u00a0problematyczn\u0105 patologi\u0105. Mo\u017cna je zdefiniowa\u0107 jako brak kontroli nad korzystaniem z Internetu w taki spos\u00f3b, \u017ce wp\u0142ywa to na \u017cycie osobiste u\u017cytkownika. Szacuje si\u0119, \u017ce spo\u015br\u00f3d 39% \u015bwiatowej populacji korzystaj\u0105cej z Internetu, oko\u0142o 6% jest dotkni\u0119tych IAD.<\/p><p>Wszystkie dzia\u0142ania w ramach projektu b\u0119d\u0105 ukierunkowane na rozwi\u0105zywanie problem\u00f3w i popraw\u0119 sytuacji os\u00f3b doros\u0142ych znajduj\u0105cych si\u0119 w niekorzystnej sytuacji. W ramach projektu stworzone zostan\u0105 narz\u0119dzia dla instytucji wspieraj\u0105cych i opiekuj\u0105cych si\u0119 doros\u0142ymi znajduj\u0105cymi si\u0119 w niekorzystnej sytuacji: o\u015brodk\u00f3w opieki spo\u0142ecznej dla doros\u0142ych, organizacji kszta\u0142cenia doros\u0142ych, uniwersytet\u00f3w trzeciego wieku, lokalnych i regionalnych wydzia\u0142\u00f3w edukacji itp.<\/p><p>Grupy docelowe<\/p><ul><li>Edukatorzy doros\u0142ych zajmuj\u0105cy si\u0119 g\u0142\u00f3wnie osobami doros\u0142ymi znajduj\u0105cymi si\u0119 w\u00a0niekorzystnej sytuacji (g\u0142\u00f3wne)<\/li><li>Osoby o mniejszych szansach (nisko wykwalifikowani, bezrobotni, doro\u015bli zagro\u017ceni ub\u00f3stwem itp.) (drugorz\u0119dna grupa docelowa)<\/li><\/ul><p><\/p>\t\t\t\t\t\t\t\t<\/div>\n\t\t\t\t<\/div>\n\t\t\t\t\t<\/div>\n\t\t<\/div>\n\t\t\t\t<div class=\"elementor-column elementor-col-50 elementor-top-column elementor-element elementor-element-0fee953\" data-id=\"0fee953\" data-element_type=\"column\" data-e-type=\"column\">\n\t\t\t<div class=\"elementor-widget-wrap elementor-element-populated\">\n\t\t\t\t\t\t<div class=\"elementor-element elementor-element-372f92c elementor-widget elementor-widget-image\" data-id=\"372f92c\" data-element_type=\"widget\" data-e-type=\"widget\" data-widget_type=\"image.default\">\n\t\t\t\t<div class=\"elementor-widget-container\">\n\t\t\t\t\t\t\t\t\t\t\t\t\t\t\t<img fetchpriority=\"high\" decoding=\"async\" width=\"1024\" height=\"1024\" src=\"https:\/\/iadliber.erasmus.site\/wp-content\/uploads\/2023\/04\/10068952_4340131-1024x1024.jpg\" class=\"attachment-large size-large wp-image-52\" alt=\"\" srcset=\"https:\/\/iadliber.erasmus.site\/wp-content\/uploads\/2023\/04\/10068952_4340131-1024x1024.jpg 1024w, https:\/\/iadliber.erasmus.site\/wp-content\/uploads\/2023\/04\/10068952_4340131-300x300.jpg 300w, https:\/\/iadliber.erasmus.site\/wp-content\/uploads\/2023\/04\/10068952_4340131-150x150.jpg 150w, https:\/\/iadliber.erasmus.site\/wp-content\/uploads\/2023\/04\/10068952_4340131-768x768.jpg 768w, https:\/\/iadliber.erasmus.site\/wp-content\/uploads\/2023\/04\/10068952_4340131-1536x1536.jpg 1536w, https:\/\/iadliber.erasmus.site\/wp-content\/uploads\/2023\/04\/10068952_4340131-24x24.jpg 24w, https:\/\/iadliber.erasmus.site\/wp-content\/uploads\/2023\/04\/10068952_4340131-36x36.jpg 36w, https:\/\/iadliber.erasmus.site\/wp-content\/uploads\/2023\/04\/10068952_4340131-48x48.jpg 48w, https:\/\/iadliber.erasmus.site\/wp-content\/uploads\/2023\/04\/10068952_4340131.jpg 2000w\" sizes=\"(max-width: 1024px) 100vw, 1024px\" \/>\t\t\t\t\t\t\t\t\t\t\t\t\t\t\t<\/div>\n\t\t\t\t<\/div>\n\t\t\t\t\t<\/div>\n\t\t<\/div>\n\t\t\t\t\t<\/div>\n\t\t<\/section>\n\t\t\t\t<section class=\"elementor-section elementor-top-section elementor-element elementor-element-c8aead5 elementor-section-boxed elementor-section-height-default elementor-section-height-default\" data-id=\"c8aead5\" data-element_type=\"section\" data-e-type=\"section\">\n\t\t\t\t\t\t<div class=\"elementor-container elementor-column-gap-default\">\n\t\t\t\t\t<div class=\"elementor-column elementor-col-100 elementor-top-column elementor-element elementor-element-63dd2eb\" data-id=\"63dd2eb\" data-element_type=\"column\" data-e-type=\"column\">\n\t\t\t<div class=\"elementor-widget-wrap elementor-element-populated\">\n\t\t\t\t\t\t<div class=\"elementor-element elementor-element-5bb602b elementor-widget-divider--view-line elementor-widget elementor-widget-divider\" data-id=\"5bb602b\" data-element_type=\"widget\" data-e-type=\"widget\" data-widget_type=\"divider.default\">\n\t\t\t\t<div class=\"elementor-widget-container\">\n\t\t\t\t\t\t\t<div class=\"elementor-divider\">\n\t\t\t<span class=\"elementor-divider-separator\">\n\t\t\t\t\t\t<\/span>\n\t\t<\/div>\n\t\t\t\t\t\t<\/div>\n\t\t\t\t<\/div>\n\t\t\t\t\t<\/div>\n\t\t<\/div>\n\t\t\t\t\t<\/div>\n\t\t<\/section>\n\t\t\t\t<section class=\"elementor-section elementor-top-section elementor-element elementor-element-8d528d5 elementor-section-boxed elementor-section-height-default elementor-section-height-default\" data-id=\"8d528d5\" data-element_type=\"section\" data-e-type=\"section\">\n\t\t\t\t\t\t<div class=\"elementor-container elementor-column-gap-default\">\n\t\t\t\t\t<div class=\"elementor-column elementor-col-100 elementor-top-column elementor-element elementor-element-e9353af\" data-id=\"e9353af\" data-element_type=\"column\" data-e-type=\"column\">\n\t\t\t<div class=\"elementor-widget-wrap elementor-element-populated\">\n\t\t\t\t\t\t<div class=\"elementor-element elementor-element-1fad10b elementor-widget elementor-widget-menu-anchor\" data-id=\"1fad10b\" data-element_type=\"widget\" data-e-type=\"widget\" data-widget_type=\"menu-anchor.default\">\n\t\t\t\t<div class=\"elementor-widget-container\">\n\t\t\t\t\t\t\t<div class=\"elementor-menu-anchor\" id=\"results\"><\/div>\n\t\t\t\t\t\t<\/div>\n\t\t\t\t<\/div>\n\t\t\t\t<div class=\"elementor-element elementor-element-a4730f9 elementor-widget elementor-widget-heading\" data-id=\"a4730f9\" data-element_type=\"widget\" data-e-type=\"widget\" data-widget_type=\"heading.default\">\n\t\t\t\t<div class=\"elementor-widget-container\">\n\t\t\t\t\t<h2 class=\"elementor-heading-title elementor-size-default\">REZULTATY<\/h2>\t\t\t\t<\/div>\n\t\t\t\t<\/div>\n\t\t\t\t\t<\/div>\n\t\t<\/div>\n\t\t\t\t\t<\/div>\n\t\t<\/section>\n\t\t\t\t<section class=\"elementor-section elementor-top-section elementor-element elementor-element-1ea3a49 elementor-section-boxed elementor-section-height-default elementor-section-height-default\" data-id=\"1ea3a49\" data-element_type=\"section\" data-e-type=\"section\">\n\t\t\t\t\t\t<div class=\"elementor-container elementor-column-gap-default\">\n\t\t\t\t\t<div class=\"elementor-column elementor-col-50 elementor-top-column elementor-element elementor-element-6b64c3b\" data-id=\"6b64c3b\" data-element_type=\"column\" data-e-type=\"column\">\n\t\t\t<div class=\"elementor-widget-wrap elementor-element-populated\">\n\t\t\t\t\t\t<div class=\"elementor-element elementor-element-4e8000c elementor-widget elementor-widget-text-editor\" data-id=\"4e8000c\" data-element_type=\"widget\" data-e-type=\"widget\" data-widget_type=\"text-editor.default\">\n\t\t\t\t<div class=\"elementor-widget-container\">\n\t\t\t\t\t\t\t\t\t<p><\/p><ul><li>PR1: IADliber Survival Kit \u2013 zbi\u00f3r tre\u015bci, kt\u00f3re wzmocni\u0105 umiej\u0119tno\u015bci zwi\u0105zane z uwa\u017cno\u015bci\u0105 i innymi metodami koncentracji, samo\u015bwiadomo\u015bci\u0105 i rzeteln\u0105 ocen\u0105 sytuacji, aby przyczyni\u0107 si\u0119 do tworzenia spo\u0142ecze\u0144stwa, kt\u00f3re jest lepiej wykszta\u0142cone i bardziej odporne na uzale\u017cnienie od Internetu.<\/li><\/ul><p><\/p>\t\t\t\t\t\t\t\t<\/div>\n\t\t\t\t<\/div>\n\t\t\t\t<div class=\"elementor-element elementor-element-5404de7 elementor-widget elementor-widget-text-editor\" data-id=\"5404de7\" data-element_type=\"widget\" data-e-type=\"widget\" data-widget_type=\"text-editor.default\">\n\t\t\t\t<div class=\"elementor-widget-container\">\n\t\t\t\t\t\t\t\t\t\n\n\n\n<div style=\"width: 1200px;\" class=\"wp-video\"><video class=\"wp-video-shortcode\" id=\"video-10-1\" width=\"1200\" height=\"675\" preload=\"metadata\" controls=\"controls\"><source type=\"video\/mp4\" src=\"https:\/\/iadliber.erasmus.site\/wp-content\/uploads\/2024\/10\/IADliber-video-PL.mp4?_=1\" \/><a href=\"https:\/\/iadliber.erasmus.site\/wp-content\/uploads\/2024\/10\/IADliber-video-PL.mp4\">https:\/\/iadliber.erasmus.site\/wp-content\/uploads\/2024\/10\/IADliber-video-PL.mp4<\/a><\/video><\/div>\n\n\n\t\t\t\t\t\t\t\t<\/div>\n\t\t\t\t<\/div>\n\t\t\t\t<div class=\"elementor-element elementor-element-217616c elementor-align-center elementor-widget elementor-widget-button\" data-id=\"217616c\" data-element_type=\"widget\" data-e-type=\"widget\" data-widget_type=\"button.default\">\n\t\t\t\t<div class=\"elementor-widget-container\">\n\t\t\t\t\t\t\t\t\t<div class=\"elementor-button-wrapper\">\n\t\t\t\t\t<a class=\"elementor-button elementor-button-link elementor-size-sm\" href=\"https:\/\/iadliber.erasmus.site\/pr1-iadliber-survival-kit\/\">\n\t\t\t\t\t\t<span class=\"elementor-button-content-wrapper\">\n\t\t\t\t\t\t\t\t\t<span class=\"elementor-button-text\">Otw\u00f3rz<\/span>\n\t\t\t\t\t<\/span>\n\t\t\t\t\t<\/a>\n\t\t\t\t<\/div>\n\t\t\t\t\t\t\t\t<\/div>\n\t\t\t\t<\/div>\n\t\t\t\t\t<\/div>\n\t\t<\/div>\n\t\t\t\t<div class=\"elementor-column elementor-col-50 elementor-top-column elementor-element elementor-element-a979594\" data-id=\"a979594\" data-element_type=\"column\" data-e-type=\"column\">\n\t\t\t<div class=\"elementor-widget-wrap elementor-element-populated\">\n\t\t\t\t\t\t<div class=\"elementor-element elementor-element-7b3279f elementor-widget elementor-widget-text-editor\" data-id=\"7b3279f\" data-element_type=\"widget\" data-e-type=\"widget\" data-widget_type=\"text-editor.default\">\n\t\t\t\t<div class=\"elementor-widget-container\">\n\t\t\t\t\t\t\t\t\t<p><\/p><ul><li>PR2: Aplikacja mobilna IADliber \u2013 umo\u017cliwi grupie docelowej sprawdzenie zaobserwowanych objaw\u00f3w zaburzenia uzale\u017cnienia od Internetu i przypisanie ich do konkretnych krok\u00f3w zaradczych. Po pobraniu aplikacja b\u0119dzie dzia\u0142a\u0107 bez po\u0142\u0105czenia z Internetem.<\/li><\/ul><p><\/p>\t\t\t\t\t\t\t\t<\/div>\n\t\t\t\t<\/div>\n\t\t\t\t<div class=\"elementor-element elementor-element-15fad5b elementor-shape-rounded elementor-grid-0 e-grid-align-center elementor-widget elementor-widget-social-icons\" data-id=\"15fad5b\" data-element_type=\"widget\" data-e-type=\"widget\" data-widget_type=\"social-icons.default\">\n\t\t\t\t<div class=\"elementor-widget-container\">\n\t\t\t\t\t\t\t<div class=\"elementor-social-icons-wrapper elementor-grid\" role=\"list\">\n\t\t\t\t\t\t\t<span class=\"elementor-grid-item\" role=\"listitem\">\n\t\t\t\t\t<a class=\"elementor-icon elementor-social-icon elementor-social-icon-apple elementor-repeater-item-fbb0525\" href=\"https:\/\/apps.apple.com\/app\/iadliber\/id6502402404\" target=\"_blank\">\n\t\t\t\t\t\t<span class=\"elementor-screen-only\">Apple<\/span>\n\t\t\t\t\t\t<i aria-hidden=\"true\" class=\"fab fa-apple\"><\/i>\t\t\t\t\t<\/a>\n\t\t\t\t<\/span>\n\t\t\t\t\t\t\t<span class=\"elementor-grid-item\" role=\"listitem\">\n\t\t\t\t\t<a class=\"elementor-icon elementor-social-icon elementor-social-icon-android elementor-repeater-item-217465c\" href=\"https:\/\/play.google.com\/store\/apps\/details?id=eu.dcnet.iadliber2\" target=\"_blank\">\n\t\t\t\t\t\t<span class=\"elementor-screen-only\">Android<\/span>\n\t\t\t\t\t\t<i aria-hidden=\"true\" class=\"fab fa-android\"><\/i>\t\t\t\t\t<\/a>\n\t\t\t\t<\/span>\n\t\t\t\t\t<\/div>\n\t\t\t\t\t\t<\/div>\n\t\t\t\t<\/div>\n\t\t\t\t\t<\/div>\n\t\t<\/div>\n\t\t\t\t\t<\/div>\n\t\t<\/section>\n\t\t\t\t<\/div>\n\t\t","protected":false},"excerpt":{"rendered":"<p>Projekt IADliber Podnoszenie kompetencji edukator\u00f3w doros\u0142ych jako spos\u00f3b na wyzwolenie doros\u0142ych z uzale\u017cnienia od Internetu Numer projektu: 2022-1-RO01-KA220-ADU-000087209Czas trwania projektu: 01.12.2022 &#8211; 30.11.2024 (24 miesi\u0105ce) CEL PROJEKTU Projekt IADliber ma na celu wspieranie nauczycieli os\u00f3b doros\u0142ych, szczeg\u00f3lnie zaanga\u017cowanych w\u00a0prac\u0119 z osobami o niskim wykszta\u0142ceniu, poprzez dostarczanie im niezb\u0119dnych materia\u0142\u00f3w edukacyjnych, kt\u00f3re mog\u0105 pom\u00f3c im w&hellip;&nbsp;<\/p>\n","protected":false},"author":1,"featured_media":0,"parent":0,"menu_order":0,"comment_status":"closed","ping_status":"closed","template":"page-templates\/template-pagebuilder-full-width.php","meta":{"neve_meta_sidebar":"","neve_meta_container":"","neve_meta_enable_content_width":"off","neve_meta_content_width":100,"neve_meta_title_alignment":"","neve_meta_author_avatar":"","neve_post_elements_order":"","neve_meta_disable_header":"","neve_meta_disable_footer":"","neve_meta_disable_title":"","footnotes":""},"class_list":["post-10","page","type-page","status-publish","hentry"],"_links":{"self":[{"href":"https:\/\/iadliber.erasmus.site\/pl\/wp-json\/wp\/v2\/pages\/10","targetHints":{"allow":["GET"]}}],"collection":[{"href":"https:\/\/iadliber.erasmus.site\/pl\/wp-json\/wp\/v2\/pages"}],"about":[{"href":"https:\/\/iadliber.erasmus.site\/pl\/wp-json\/wp\/v2\/types\/page"}],"author":[{"embeddable":true,"href":"https:\/\/iadliber.erasmus.site\/pl\/wp-json\/wp\/v2\/users\/1"}],"replies":[{"embeddable":true,"href":"https:\/\/iadliber.erasmus.site\/pl\/wp-json\/wp\/v2\/comments?post=10"}],"version-history":[{"count":181,"href":"https:\/\/iadliber.erasmus.site\/pl\/wp-json\/wp\/v2\/pages\/10\/revisions"}],"predecessor-version":[{"id":408,"href":"https:\/\/iadliber.erasmus.site\/pl\/wp-json\/wp\/v2\/pages\/10\/revisions\/408"}],"wp:attachment":[{"href":"https:\/\/iadliber.erasmus.site\/pl\/wp-json\/wp\/v2\/media?parent=10"}],"curies":[{"name":"wp","href":"https:\/\/api.w.org\/{rel}","templated":true}]}}