{"id":77,"date":"2023-04-15T12:34:19","date_gmt":"2023-04-15T12:34:19","guid":{"rendered":"https:\/\/iadliber.erasmus.site\/?page_id=77"},"modified":"2025-01-23T19:42:21","modified_gmt":"2025-01-23T19:42:21","slug":"partnership","status":"publish","type":"page","link":"https:\/\/iadliber.erasmus.site\/mt\/partnership\/","title":{"rendered":"L-IMSE\u0126BA"},"content":{"rendered":"<p><img fetchpriority=\"high\" decoding=\"async\" class=\"size-full wp-image-90 aligncenter\" src=\"https:\/\/iadliber.erasmus.site\/wp-content\/uploads\/2023\/04\/ades.png\" alt=\"\" width=\"300\" height=\"300\" srcset=\"https:\/\/iadliber.erasmus.site\/wp-content\/uploads\/2023\/04\/ades.png 300w, https:\/\/iadliber.erasmus.site\/wp-content\/uploads\/2023\/04\/ades-150x150.png 150w, https:\/\/iadliber.erasmus.site\/wp-content\/uploads\/2023\/04\/ades-24x24.png 24w, https:\/\/iadliber.erasmus.site\/wp-content\/uploads\/2023\/04\/ades-36x36.png 36w, https:\/\/iadliber.erasmus.site\/wp-content\/uploads\/2023\/04\/ades-48x48.png 48w\" sizes=\"(max-width: 300px) 100vw, 300px\" \/><\/p>\n<h3 style=\"text-align: center;\"><strong>ASSO\u010aJAZZJONI G\u0126ALL-I\u017bVILUPP EKONOMIKU-SO\u010aJALI<\/strong><strong> (Rumanija)<\/strong><\/h3>\n<p>Asocia\u021bia de Dezvoltare Economico-Social\u0103 (Asso\u010bjazzjoni g\u0127all-I\u017cvilupp Ekonomiku u So\u010bjali) \u2013 fil-qosor, ADES \u2013 minn Curtea de Arge\u0219, ir-Rumanija, hija organizzazzjoni ming\u0127ajr skop ta\u2019 qlig\u0127 li saret entit\u00e0 legali (NGO) f\u2019\u0120unju 1995. Il-missjoni tal-ADES hija biex to\u0127loq bidla so\u010bjali u ekonomika po\u017cittiva fil-komunitajiet madwar ir-Rumanija b&#8217;mod professjonali, etiku u responsabbli.<\/p>\n<p>It-tim tal-ADES qed jimmira li ji\u017cviluppa \u0127iliet personali u professjonali, jappo\u0121\u0121a l-i\u017cvilupp u l-espansjoni tal-SMEs, ittejjeb il-kundizzjonijiet so\u010bjali u ekonomi\u010bi fil-komunitajiet lokali.<\/p>\n<p>Mill-1995 &#8216;l hawn, ADES \u017cviluppat u implimentat b&#8217;su\u010b\u010bess &#8216;il fuq minn 50 pro\u0121ett iffinanzjat mill-Unjoni Ewropea, Bank Dinji, Ambaxxata tal-Istati Uniti, Programm Ewropew g\u0127all-I\u017cvilupp tan-Negozju, Fondazzjoni g\u0127al So\u010bjet\u00e0 Miftu\u0127a, Fond ta&#8217; Know How tal-Karit\u00e0 e\u010b\u010b. ADES \u0127admet mill-qrib \u0127afna mal-komunitajiet, finanzjament. sorsi, u msie\u0127ba implimentattivi (Awtoritajiet Pubbli\u010bi Lokali, kumpaniji, NGOs u skejjel) biex iwettqu pro\u0121etti ta\u2019 \u017cvilupp so\u010bjoekonomiku.<\/p>\n<p>G\u0127al aktar informazzjoni dwar ADES, jekk jog\u0127\u0121bok \u017cur:<\/p>\n<p><a href=\"http:\/\/www.facebook.com\/ADESCDA\/\">www.facebook.com\/ADESCDA\/<\/a>\u00a0u\u00a0<a href=\"https:\/\/www.linkedin.com\/company\/43363632\/\">https:\/\/www.linkedin.com\/company\/43363632\/<\/a>.<\/p>\n<hr \/>\n<p><img decoding=\"async\" class=\"wp-image-91 size-full aligncenter\" src=\"https:\/\/iadliber.erasmus.site\/wp-content\/uploads\/2023\/04\/c4e.png\" alt=\"\" width=\"300\" height=\"300\" srcset=\"https:\/\/iadliber.erasmus.site\/wp-content\/uploads\/2023\/04\/c4e.png 300w, https:\/\/iadliber.erasmus.site\/wp-content\/uploads\/2023\/04\/c4e-150x150.png 150w, https:\/\/iadliber.erasmus.site\/wp-content\/uploads\/2023\/04\/c4e-24x24.png 24w, https:\/\/iadliber.erasmus.site\/wp-content\/uploads\/2023\/04\/c4e-36x36.png 36w, https:\/\/iadliber.erasmus.site\/wp-content\/uploads\/2023\/04\/c4e-48x48.png 48w\" sizes=\"(max-width: 300px) 100vw, 300px\" \/><\/p>\n<h3 style=\"text-align: center;\"><strong>\u010aENTRU G\u0126ALL-EDUKAZZJONI (Spanja)<\/strong><\/h3>\n<p>I\u010b-\u010aentru g\u0127all-Edukazzjoni \u0121ie stabbilit fl-2012 u huwa Asso\u010bjazzjoni Mhux g\u0127all-Qlig\u0127 ibba\u017cata fil-Marina Cala D&#8217;or, Mallorca, Spanja.<\/p>\n<p>I\u010b-\u010aentru g\u0127all-Edukazzjoni jag\u0127ti korsijiet ta\u2019 ta\u0127ri\u0121 iddisinjati apposta lil gruppi \u017cvanta\u0121\u0121ati ta\u2019 adulti \u017cg\u0127a\u017cag\u0127.<\/p>\n<p>Dawn il-korsijiet twasslu b\u2019kooperazzjoni ma\u2019 organizzazzjonijiet li ja\u0127sbuha l-istess li ja\u0127dmu wkoll fil-qasam tat-ta\u0127ri\u0121 ta\u2019 adulti \u017cg\u0127a\u017cag\u0127 li mhumiex fl-Impjiegi, fl-Edukazzjoni jew fit-Ta\u0127ri\u0121 (NEETs).<\/p>\n<p>Il-persunal g\u0127andu esperjenza fi pro\u0121etti ffinanzjati mill-UE u \u0127adem kemm b\u0127ala koordinatur kif ukoll b\u0127ala sie\u0127eb s\u0127i\u0127 fi pro\u0121etti pre\u010bedenti u o\u0127rajn attwali.<\/p>\n<p>Il-persuni ewlenin involuti fix-xog\u0127ol ta\u2019 dan il-pro\u0121ett se jkunu:<\/p>\n<p>Michael John (ra\u0121el), Spe\u010bjalista tal-Edukazzjoni:<\/p>\n<p>President ta\u010b-\u010aentru g\u0127all-Edukazzjoni bi 15-il sena esperjenza b\u0127ala intraprenditur u edukatur fis-settur marittimu. Michael huwa responsabbli g\u0127all-attivitajiet kollha ta\u2019 ta\u0127ri\u0121 fl-asso\u010bjazzjoni u g\u0127andu g\u0127arfien u esperjenza sinifikanti fir-rigward tar-ri\u010berka u l-anali\u017ci tal-kwalifiki. Kiteb ukoll programmi ta\u2019 ta\u0127ri\u0121 approvati u kellu su\u010b\u010bessi kbar fit-twassil ta\u2019 korsijiet motivazzjonali g\u0127al \u017cg\u0127a\u017cag\u0127 \u017cvanta\u0121\u0121ati.<\/p>\n<p>Mike huwa g\u0127alliem b&#8217;talent u \u0127afna drabi huwa mfa\u0127\u0127ar g\u0127all-appro\u010b\u010b motivazzjonali u pazjent tieg\u0127u. Spe\u010bjalment fix-xog\u0127ol tieg\u0127u ma\u017c-\u017cg\u0127a\u017cag\u0127 huwa kiseb su\u010b\u010bessi sinifikanti meta u\u017ca l-istil ta\u2019 tag\u0127lim tieg\u0127u biex jispira lil \u0127addie\u0127or g\u0127al movimenti \u0121odda ta\u2019 karriera u twemmin innifsu.<\/p>\n<p>Silja Teege (mara), Xjentist Politiku:<\/p>\n<p>Segretarju ta\u010b-\u010aentru g\u0127all-Edukazzjoni u bi 15-il sena esperjenza fit-tmexxija tan-negozju, responsabbli mit-tmexxija tal-attivitajiet ewlenin tal-asso\u010bjazzjoni. Dan ix-xog\u0127ol jinkludi l-kollegament, in-negozjar u l-kuntrattar tal-attivitajiet kollha ta\u2019 ta\u0127ri\u0121, korsijiet, jew direttament mal-klijent\/student jew permezz ta\u2019 netwerks ta\u2019 kooperazzjoni ta\u2019 kumpaniji u istituzzjonijiet edukattivi madwar l-Ewropa. Spe\u010bjalista tar-ri\u010berka g\u0127all-Edukazzjoni, in-Negozju u x-Xjenza Politika.<\/p>\n<hr \/>\n<p><img decoding=\"async\" class=\"aligncenter wp-image-93 size-full\" src=\"https:\/\/iadliber.erasmus.site\/wp-content\/uploads\/2023\/04\/dekaplus.png\" alt=\"\" width=\"300\" height=\"300\" srcset=\"https:\/\/iadliber.erasmus.site\/wp-content\/uploads\/2023\/04\/dekaplus.png 300w, https:\/\/iadliber.erasmus.site\/wp-content\/uploads\/2023\/04\/dekaplus-150x150.png 150w, https:\/\/iadliber.erasmus.site\/wp-content\/uploads\/2023\/04\/dekaplus-24x24.png 24w, https:\/\/iadliber.erasmus.site\/wp-content\/uploads\/2023\/04\/dekaplus-36x36.png 36w, https:\/\/iadliber.erasmus.site\/wp-content\/uploads\/2023\/04\/dekaplus-48x48.png 48w\" sizes=\"(max-width: 300px) 100vw, 300px\" \/><\/p>\n<h3 style=\"text-align: center;\"><a href=\"http:\/\/www.dekaplus.eu\/\"><strong>SERVIZZI NEGOZJU DEKAPLUS LTD<\/strong><\/a><strong> (\u010aIPRU)<\/strong><\/h3>\n<p><strong>DECAPLUS<\/strong>\u00a0hija organizzazzjoni ta&#8217; edukazzjoni u ta\u0127ri\u0121 vokazzjonali, li tiffoka primarjament fuq l-i\u017cvilupp ta&#8217; kompetenzi u \u0127iliet tal-\u0121estjoni tal-SMEs u l-persunal tal-ewwel linja. DEKAPLUS huwa \u010bentru ta\u2019 ta\u0127ri\u0121 kwalifikat u \u010b\u010bertifikat minn meta beda l-operat tieg\u0127u fl-2006, u joffri korsijiet qosra vokazzjonali relatati mal-i\u017cvilupp tan-negozju u s-sostenibbilt\u00e0. DEKAPLUS g\u0127andu wkoll dipartiment iddedikat li jmexxi pro\u0121etti tal-UE. Huwa jie\u0127u r-rwol tal-kittieb tal-pro\u0121ett, il-mexxej tal-pro\u0121ett jew is-sie\u0127eb tal-pro\u0121ett, skont in-natura tal-pro\u0121ett. Mill-2014, DEKAPLUS ilu l-punt ta\u2019 kuntatt tal-Programm \u201cErasmus g\u0127all-Intraprendituri \u017bg\u0127a\u017cag\u0127\u201d f\u2019\u010aipru, li jg\u0127in lin-negozji \u0121odda jiksbu bidu konkret. Barra minn hekk, l-organizzazzjoni g\u0127andha esperjenza estensiva fil-parte\u010bipazzjoni fi Pro\u0121etti Erasmus+ kemm b\u0127ala msie\u0127ba kif ukoll b\u0127ala koordinatur.<\/p>\n<p><strong>Websajt<\/strong><\/p>\n<p><a href=\"https:\/\/dekaplus.eu\/\"><strong>https:\/\/dekaplus.eu\/<\/strong><\/a><\/p>\n<p><strong>Il-midja so\u010bjali<\/strong><\/p>\n<p><strong>Facebook:\u00a0<\/strong><a href=\"https:\/\/www.facebook.com\/dekaplus.cyprus\/\">https:\/\/www.facebook.com\/dekaplus.cyprus\/<\/a><\/p>\n<p><strong>LinkedIn:\u00a0<\/strong><a href=\"https:\/\/www.linkedin.com\/company\/dekaplus-business-services-ltd\/?originalSubdomain=cy\"><strong>https:\/\/www.linkedin.com\/company\/dekaplus-business-services-ltd\/?originalSubdomain=cy<\/strong><\/a><\/p>\n<hr \/>\n<p><img loading=\"lazy\" decoding=\"async\" class=\"wp-image-95 size-full aligncenter\" src=\"https:\/\/iadliber.erasmus.site\/wp-content\/uploads\/2023\/04\/tcistanbul.png\" alt=\"\" width=\"300\" height=\"300\" srcset=\"https:\/\/iadliber.erasmus.site\/wp-content\/uploads\/2023\/04\/tcistanbul.png 300w, https:\/\/iadliber.erasmus.site\/wp-content\/uploads\/2023\/04\/tcistanbul-150x150.png 150w, https:\/\/iadliber.erasmus.site\/wp-content\/uploads\/2023\/04\/tcistanbul-24x24.png 24w, https:\/\/iadliber.erasmus.site\/wp-content\/uploads\/2023\/04\/tcistanbul-36x36.png 36w, https:\/\/iadliber.erasmus.site\/wp-content\/uploads\/2023\/04\/tcistanbul-48x48.png 48w\" sizes=\"(max-width: 300px) 100vw, 300px\" \/><\/p>\n<h3 style=\"text-align: center;\"><a href=\"http:\/\/www.istanbulab.gov.tr\/\"><strong>GVERNAZZA TA&#8217; ISTANBUL<\/strong><\/a><strong> (Turkija)<\/strong><\/h3>\n<p>Il-gvernanza ta&#8217; Istanbul (\u0130stanbul Valili\u011fi &#8211;\u00a0GOI) hija l-og\u0127la awtorit\u00e0 pubblika amministrattiva fil-belt b&#8217;popolazzjoni ta&#8217; aktar minn 16-il miljun. Aktar minn 2000 impjegat ta\u010b-\u010bivil jipprovdu servizz f&#8217;16-il dipartiment li jkopru diversi oqsma fil-GTI. Id-dmirijiet ewlenin tal-Gvernatur ta\u2019 Istanbul huma;<\/p>\n<p>&#8211; Il-\u0121estjoni, ir-regolamentazzjoni u s-supervi\u017cjoni tal-amministrazzjoni \u0121enerali f&#8217;Istanbul.<\/p>\n<p>-Koordinazzjoni tal-attivitajiet kollha fil-provin\u010bja, b\u0127all-edukazzjoni, is-sa\u0127\u0127a, is-sigurt\u00e0, l-ambjent, ix-xog\u0127lijiet pubbli\u010bi, il-kultura, it-turi\u017cmu, il-migrazzjoni e\u010b\u010b.<\/p>\n<p>&#8211; Implimentazzjoni ta&#8217; struzzjonijiet, ordnijiet, li\u0121ijiet u regolamenti mill-gvern<\/p>\n<p>&#8211; Iddetermina u twettaq xog\u0127lijiet biex jintla\u0127qu l-b\u017connijiet tan-nies fil-belt billi tissorvelja l-istituzzjonijiet kollha fil-provin\u010bja.<\/p>\n<p>B\u0127ala l-og\u0127la awtorit\u00e0, il-GTI g\u0127andu r-responsabbilt\u00e0 ta\u2019 39 Governatorat Distrettwali u 24 Direttorat Provin\u010bjali.<\/p>\n<p>L-Uffi\u010b\u010bju tal-Unjoni Ewropea u r-Relazzjonijiet Barranin, li jwettaq pro\u0121etti tal-Erasmus+ f\u2019isem il-Gvernatur ta\u2019 Istanbul, iwettaq studji madwar Istanbul matul il-pro\u010bess ta\u2019 ade\u017cjoni ta\u2019 pajji\u017cna fl-Unjoni Ewropea g\u0127all-iskopijiet li \u0121ejjin<\/p>\n<ul>\n<li>Twaqqif ta&#8217; infrastruttura \u010bivika<\/li>\n<li>Il-poplu tal-belt lest g\u0127a\u010b-\u010bittadinanza tal-UE<\/li>\n<li>Il-fa\u010bilitazzjoni tal-kollaborazzjoni, il-komunikazzjoni, u l-koordinazzjoni fl-adozzjoni u l-implimentazzjoni tal-acquis, li hija obbligatorja g\u0127all-istati membri tal-UE<\/li>\n<\/ul>\n<p>L-ippjanar u l-implimentazzjoni tal-attivitajiet essenzjali g\u0127all-pro\u010bess tal-Ade\u017cjoni tat-T\u00fcrkiye mal-UE &#8211; li jistg\u0127u jitqiesu b\u0127ala pro\u0121ett ta\u2019 trasformazzjoni so\u010bjali b\u0127ala appro\u010b\u010b amministrattiv ibba\u017cat fuq il-kooperazzjoni ta\u2019 gvernijiet lokali, organizzazzjonijiet mhux governattivi, istituzzjonijiet u organizzazzjonijiet pubbli\u010bi, is-settur privat u \u010bittadini &#8211; \u0121ew adottati b\u0127ala l-prin\u010bipju fundamentali fi \u0127dan l-Uffi\u010b\u010bju.<\/p>\n<p>Tista&#8217; ti\u010b\u010bekkja l-websajt tag\u0127na g\u0127al dettalji dwar il-pro\u0121etti mwettqa mill-uffi\u010b\u010bju tag\u0127na. <a href=\"http:\/\/www.abmerkez.com\">www.abmerkez.com<\/a><\/p>\n<p><strong>Il-midja so\u010bjali:<\/strong>\u00a0 <a href=\"https:\/\/www.facebook.com\/istanbulabproje\">https:\/\/www.facebook.com\/istanbulabproje<\/a> <a href=\"https:\/\/twitter.com\/abmerkez\">https:\/\/twitter.com\/abmerkez<\/a> <a href=\"https:\/\/www.instagram.com\/abmerkez\/\">https:\/\/www.instagram.com\/abmerkez\/<\/a><\/p>\n<p><a href=\"https:\/\/www.instagram.com\/abmerkez\/\">https:\/\/www.instagram.com\/abmerkez\/<\/a><\/p>\n<hr \/>\n<p><img loading=\"lazy\" decoding=\"async\" class=\"wp-image-96 size-full aligncenter\" src=\"https:\/\/iadliber.erasmus.site\/wp-content\/uploads\/2023\/04\/rightchaleenge.png\" alt=\"\" width=\"300\" height=\"300\" srcset=\"https:\/\/iadliber.erasmus.site\/wp-content\/uploads\/2023\/04\/rightchaleenge.png 300w, https:\/\/iadliber.erasmus.site\/wp-content\/uploads\/2023\/04\/rightchaleenge-150x150.png 150w, https:\/\/iadliber.erasmus.site\/wp-content\/uploads\/2023\/04\/rightchaleenge-24x24.png 24w, https:\/\/iadliber.erasmus.site\/wp-content\/uploads\/2023\/04\/rightchaleenge-36x36.png 36w, https:\/\/iadliber.erasmus.site\/wp-content\/uploads\/2023\/04\/rightchaleenge-48x48.png 48w\" sizes=\"(max-width: 300px) 100vw, 300px\" \/><\/p>\n<h3 style=\"text-align: center;\"><strong><em>Asso\u010bjazzjoni RightChallenge \u2013 NGO (Portugall)<\/em><\/strong><\/h3>\n<p>RightChallenge hija organizzazzjoni mhux governattiva li tippromwovi l-edukazzjoni u t-ta\u0127ri\u0121 i\u010b\u010bentrat fuq l-inklu\u017cjoni so\u010bjali u l-opportunitajiet indaqs. L-organizzazzjoni tippromwovi \u010bittadinanza attiva, responsabbli u demokratika permezz tal-edukazzjoni u s-s\u0127ubija ma\u2019 firxa ta\u2019 partijiet interessati. RightChallenge jipprovdi edukazzjoni elementari u tal-familja, ta\u0127ri\u0121 vokazzjonali, sa\u0127\u0127a u riabilitazzjoni, akkomodazzjoni u servizzi ta&#8217; kura u xog\u0127ol u attivitajiet g\u0127al gruppi spe\u010bifi\u010bi. RightChallenge jemmen li l-edukazzjoni hija parti integrali mill-i\u017cvilupp tal-adulti biex tippreparahom biex jipparte\u010bipaw u jintervjenu fid-dimensjonijiet kollha tas-so\u010bjet\u00e0 inklu\u017ci l-familja, ix-xog\u0127ol, il-komunit\u00e0 u d-divertiment.<\/p>\n<p><strong>Websajt:\u00a0<\/strong>\u00a0<a href=\"https:\/\/rightchallenge.org\/en\/\">https:\/\/rightchallenge.org\/en\/<\/a><\/p>\n<p><strong>Il-midja so\u010bjali:<\/strong><\/p>\n<p>Facebook:\u00a0<a href=\"https:\/\/www.facebook.com\/Rightchallenge\">https:\/\/www.facebook.com\/Rightchallenge<\/a><\/p>\n<p>LinkedIn: \u00a0<a href=\"https:\/\/www.linkedin.com\/in\/rightchallenge-associa%C3%A7%C3%A3o-482224219\/\">https:\/\/www.linkedin.com\/in\/rightchallenge-associa%C3%A7%C3%A3o-482224219\/<\/a><\/p>\n<hr \/>\n<p><img loading=\"lazy\" decoding=\"async\" class=\"wp-image-98 size-full aligncenter\" src=\"https:\/\/iadliber.erasmus.site\/wp-content\/uploads\/2023\/04\/cwep.png\" alt=\"\" width=\"300\" height=\"300\" srcset=\"https:\/\/iadliber.erasmus.site\/wp-content\/uploads\/2023\/04\/cwep.png 300w, https:\/\/iadliber.erasmus.site\/wp-content\/uploads\/2023\/04\/cwep-150x150.png 150w, https:\/\/iadliber.erasmus.site\/wp-content\/uploads\/2023\/04\/cwep-24x24.png 24w, https:\/\/iadliber.erasmus.site\/wp-content\/uploads\/2023\/04\/cwep-36x36.png 36w, https:\/\/iadliber.erasmus.site\/wp-content\/uploads\/2023\/04\/cwep-48x48.png 48w\" sizes=\"(max-width: 300px) 100vw, 300px\" \/><\/p>\n<h3 style=\"text-align: center;\"><strong><em>I\u010a-\u010aENTRU G\u0126ALL-EDUKAZZJONI U L-APPO\u0120\u0120 G\u0126ALL-INTRAprenditorija \u2013 CWEP (il-Polonja)<\/em><\/strong><\/h3>\n<p>I\u010b-\u010aentru g\u0127all-Edukazzjoni u l-Appo\u0121\u0121 g\u0127all-Intraprenditorija (CWEP) hija organizzazzjoni mhux governattiva mwaqqfa fl-2004 minn grupp ta\u2019 intraprendituri, g\u0127alliema u attivisti so\u010bjali minn Rzesz\u00f3w, il-Polonja. CWEP jikkoopera ma&#8217; negozji u istituzzjonijiet edukattivi. Il-missjoni tas-CWEP hija li \u017c\u017cid il-kwalit\u00e0 tat-ta\u0127ri\u0121 edukattiv fil-livelli kollha u fil-forom kollha tieg\u0127u, kif ukoll li tippromwovi l-intraprenditorija sabiex titrawwem l-integrazzjoni ta\u2019 kwalunkwe grupp so\u010bjali, irrispettivament mis-sess, l-et\u00e0 jew l-ori\u0121ini etnika tag\u0127hom. B&#8217;mod partikolari, l-g\u0127anijiet huma li jittejbu l-a\u010b\u010bessibbilt\u00e0, il-kwalit\u00e0 u l-effi\u010bjenza tal-edukazzjoni tan-nies kollha, biex jippromwovu u jikkontribwixxu g\u0127all-edukazzjoni tal-adulti, it-tag\u0127lim tul il-\u0127ajja, it-tag\u0127lim elettroniku u l-u\u017cu ta&#8217; teknolo\u0121iji \u0121odda fl-edukazzjoni u l-intraprenditorija. L-Asso\u010bjazzjoni ta\u0127dem ma&#8217; \u0127afna msie\u0127ba mill-Ewropa sabiex issa\u0127\u0127a\u0127 il-po\u017cizzjoni ekonomika tal-intrapri\u017ci u tipprovdi pjattaformi online g\u0127all-kumpaniji.<\/p>\n<p>Websajt:\u00a0<a href=\"http:\/\/www.cwep.eu\/\">www.cwep.eu<\/a><\/p>\n<hr \/>\n<p><img loading=\"lazy\" decoding=\"async\" class=\"wp-image-101 size-full aligncenter\" src=\"https:\/\/iadliber.erasmus.site\/wp-content\/uploads\/2023\/04\/mecb.png\" alt=\"\" width=\"300\" height=\"300\" srcset=\"https:\/\/iadliber.erasmus.site\/wp-content\/uploads\/2023\/04\/mecb.png 300w, https:\/\/iadliber.erasmus.site\/wp-content\/uploads\/2023\/04\/mecb-150x150.png 150w, https:\/\/iadliber.erasmus.site\/wp-content\/uploads\/2023\/04\/mecb-24x24.png 24w, https:\/\/iadliber.erasmus.site\/wp-content\/uploads\/2023\/04\/mecb-36x36.png 36w, https:\/\/iadliber.erasmus.site\/wp-content\/uploads\/2023\/04\/mecb-48x48.png 48w\" sizes=\"(max-width: 300px) 100vw, 300px\" \/><\/p>\n<h3 style=\"text-align: center;\"><a href=\"http:\/\/www.mecb.com.mt\/%20eu\"><strong>MACDAC ENGINEERING BUREAU CONSULTANCY LTD &#8211; MECB<\/strong><\/a><strong> (Malta)<\/strong><\/h3>\n<p>MACDAC Engineering Consultancy Bureau Ltd. (MECB), huwa Excellence Consulting Bureau bba\u017cat f\u2019Malta, iddedikat biex imexxi l-e\u010b\u010bellenza u l-appo\u0121\u0121 g\u0127all-innovazzjoni permezz tal-provvista ta\u2019 servizzi ta\u2019 kwalit\u00e0 g\u0127olja u multidixxiplinarji (a) ta\u2019 konsulenza teknika rilevanti, (b) servizzi ta\u2019 ri\u010berka u ta\u0127ri\u0121,\u00a0 (c) kif ukoll opportunitajiet ta&#8217; s\u0127ubija ta&#8217; pro\u0121etti tal-UE. Matul is-snin, il-MECB ikkontribwixxa g\u0127al firxa ta\u2019 pro\u0121etti u sej\u0127iet g\u0127all-offerti tal-UE inklu\u017ci Erasmus+, EEA, LLP Grundtvig, Leonardo da Vinci, FP6\/7 &amp; H2020.\u00a0 Dawn koprew setturi b\u0127al: Intraprenditorija Teknolo\u0121ika; Realt\u00e0 Augmentata &amp; Virtwali; Immudellar CAD &amp; 3D; Metodi ta&#8217; Innovazzjoni u Kreattivit\u00e0; \u017bvilupp Sostenibbli, Ekonomija \u010airkolari, Tibdil fil-Klima; Industrija 4.0; Tag\u0127lim tul il-\u0127ajja, e-Learning; Kooperazzjoni Internazzjonali; \u0120emella\u0121\u0121; Protezzjoni tad-Data tal-UE\/GD-PR.\u00a0 Il-MECB \u0121ie a\u010b\u010bettat b\u0127ala membru tal-Koalizzjoni tal-\u0126iliet u l-Impjiegi Di\u0121itali tal-UE g\u0127all-kontribuzzjonijiet li jag\u0127mel regolarment g\u0127all-i\u017cvilupp u t-tixrid tat-teknolo\u0121iji di\u0121itali madwar l-Ewropa.<\/p>\n<p><strong>Websajt:\u00a0<\/strong><a href=\"https:\/\/www.eumecb.com\/\">https:\/\/www.eumecb.com\/<\/a><\/p>\n<p><strong>Il-midja so\u010bjali:<\/strong><\/p>\n<ul>\n<li><strong>Facebook:\u00a0<\/strong><a href=\"https:\/\/www.facebook.com\/mecb.com.mt\/\">https:\/\/www.facebook.com\/mecb.com.mt\/<\/a><\/li>\n<li><strong>Twitter:<\/strong><a href=\"https:\/\/twitter.com\/_MECB_\">https:\/\/twitter.com\/_MECB_<\/a><\/li>\n<li><strong>YouTube:<\/strong><a href=\"https:\/\/www.youtube.com\/channel\/UCUEL03fwh8IfNibrI-HkVJw\">https:\/\/www.youtube.com\/channel\/UCUEL03fwh8IfNibrI-HkVJw<\/a><\/li>\n<\/ul>\n<p><\/p>","protected":false},"excerpt":{"rendered":"<p>ASSO\u010aJAZZJONI G\u0126ALL-I\u017bVILUPP EKONOMIKU-SO\u010aJALI (Rumanija) Asocia\u021bia de Dezvoltare Economico-Social\u0103 (Asso\u010bjazzjoni g\u0127all-I\u017cvilupp Ekonomiku u So\u010bjali) \u2013 fil-qosor, ADES \u2013 minn Curtea de Arge\u0219, ir-Rumanija, hija organizzazzjoni ming\u0127ajr skop ta\u2019 qlig\u0127 li saret entit\u00e0 legali (NGO) f\u2019\u0120unju 1995. Il-missjoni tal-ADES hija biex to\u0127loq bidla so\u010bjali u ekonomika po\u017cittiva fil-komunitajiet madwar ir-Rumanija b&#8217;mod professjonali, etiku u responsabbli. It-tim tal-ADES&hellip;&nbsp;<\/p>\n","protected":false},"author":1,"featured_media":0,"parent":0,"menu_order":0,"comment_status":"closed","ping_status":"closed","template":"","meta":{"neve_meta_sidebar":"","neve_meta_container":"","neve_meta_enable_content_width":"off","neve_meta_content_width":100,"neve_meta_title_alignment":"","neve_meta_author_avatar":"","neve_post_elements_order":"","neve_meta_disable_header":"","neve_meta_disable_footer":"","neve_meta_disable_title":"","footnotes":""},"class_list":["post-77","page","type-page","status-publish","hentry"],"_links":{"self":[{"href":"https:\/\/iadliber.erasmus.site\/mt\/wp-json\/wp\/v2\/pages\/77","targetHints":{"allow":["GET"]}}],"collection":[{"href":"https:\/\/iadliber.erasmus.site\/mt\/wp-json\/wp\/v2\/pages"}],"about":[{"href":"https:\/\/iadliber.erasmus.site\/mt\/wp-json\/wp\/v2\/types\/page"}],"author":[{"embeddable":true,"href":"https:\/\/iadliber.erasmus.site\/mt\/wp-json\/wp\/v2\/users\/1"}],"replies":[{"embeddable":true,"href":"https:\/\/iadliber.erasmus.site\/mt\/wp-json\/wp\/v2\/comments?post=77"}],"version-history":[{"count":22,"href":"https:\/\/iadliber.erasmus.site\/mt\/wp-json\/wp\/v2\/pages\/77\/revisions"}],"predecessor-version":[{"id":411,"href":"https:\/\/iadliber.erasmus.site\/mt\/wp-json\/wp\/v2\/pages\/77\/revisions\/411"}],"wp:attachment":[{"href":"https:\/\/iadliber.erasmus.site\/mt\/wp-json\/wp\/v2\/media?parent=77"}],"curies":[{"name":"wp","href":"https:\/\/api.w.org\/{rel}","templated":true}]}}