{"id":10,"date":"2023-04-15T11:30:20","date_gmt":"2023-04-15T11:30:20","guid":{"rendered":"https:\/\/iadliber.erasmus.site\/?page_id=10"},"modified":"2025-01-23T19:34:57","modified_gmt":"2025-01-23T19:34:57","slug":"home","status":"publish","type":"page","link":"https:\/\/iadliber.erasmus.site\/mt\/","title":{"rendered":"Home"},"content":{"rendered":"\t\t<div data-elementor-type=\"wp-page\" data-elementor-id=\"10\" class=\"elementor elementor-10\">\n\t\t\t\t\t\t<section class=\"elementor-section elementor-top-section elementor-element elementor-element-7f444b2 elementor-section-height-min-height elementor-section-boxed elementor-section-height-default elementor-section-items-middle\" data-id=\"7f444b2\" data-element_type=\"section\" data-e-type=\"section\" data-settings=\"{&quot;background_background&quot;:&quot;classic&quot;}\">\n\t\t\t\t\t\t\t<div class=\"elementor-background-overlay\"><\/div>\n\t\t\t\t\t\t\t<div class=\"elementor-container elementor-column-gap-default\">\n\t\t\t\t\t<div class=\"elementor-column elementor-col-100 elementor-top-column elementor-element elementor-element-da9bff8\" data-id=\"da9bff8\" data-element_type=\"column\" data-e-type=\"column\">\n\t\t\t<div class=\"elementor-widget-wrap elementor-element-populated\">\n\t\t\t\t\t\t<div class=\"elementor-element elementor-element-8d0359a elementor-widget elementor-widget-heading\" data-id=\"8d0359a\" data-element_type=\"widget\" data-e-type=\"widget\" data-widget_type=\"heading.default\">\n\t\t\t\t<div class=\"elementor-widget-container\">\n\t\t\t\t\t<h2 class=\"elementor-heading-title elementor-size-xxl\">Pro\u0121ett IADliber<\/h2>\t\t\t\t<\/div>\n\t\t\t\t<\/div>\n\t\t\t\t<div class=\"elementor-element elementor-element-c53b8ef elementor-widget elementor-widget-text-editor\" data-id=\"c53b8ef\" data-element_type=\"widget\" data-e-type=\"widget\" data-widget_type=\"text-editor.default\">\n\t\t\t\t<div class=\"elementor-widget-container\">\n\t\t\t\t\t\t\t\t\t<p><strong>\u017bieda fil-kompetenzi tal-edukaturi tal-adulti, b\u0127ala mezz g\u0127all-\u0127elsien tal-adulti mid-disturb tal-vizzju tal-internet<\/strong><\/p>\t\t\t\t\t\t\t\t<\/div>\n\t\t\t\t<\/div>\n\t\t\t\t<div class=\"elementor-element elementor-element-5a1a9af elementor-widget elementor-widget-text-editor\" data-id=\"5a1a9af\" data-element_type=\"widget\" data-e-type=\"widget\" data-widget_type=\"text-editor.default\">\n\t\t\t\t<div class=\"elementor-widget-container\">\n\t\t\t\t\t\t\t\t\t<p>Numru tal-pro\u0121ett: 2022-1-RO01-KA220-ADU-000087209<br \/>Tul tal-Pro\u0121ett: 01.12.2022 &#8211; 30.11.2024 (24 months)<\/p>\t\t\t\t\t\t\t\t<\/div>\n\t\t\t\t<\/div>\n\t\t\t\t\t<\/div>\n\t\t<\/div>\n\t\t\t\t\t<\/div>\n\t\t<\/section>\n\t\t\t\t<section class=\"elementor-section elementor-top-section elementor-element elementor-element-97c4d95 elementor-section-height-min-height elementor-section-boxed elementor-section-height-default elementor-section-items-middle\" data-id=\"97c4d95\" data-element_type=\"section\" data-e-type=\"section\">\n\t\t\t\t\t\t<div class=\"elementor-container elementor-column-gap-default\">\n\t\t\t\t\t<div class=\"elementor-column elementor-col-50 elementor-top-column elementor-element elementor-element-385abbc\" data-id=\"385abbc\" data-element_type=\"column\" data-e-type=\"column\">\n\t\t\t<div class=\"elementor-widget-wrap elementor-element-populated\">\n\t\t\t\t\t\t<div class=\"elementor-element elementor-element-0b7e62b elementor-widget elementor-widget-menu-anchor\" data-id=\"0b7e62b\" data-element_type=\"widget\" data-e-type=\"widget\" data-widget_type=\"menu-anchor.default\">\n\t\t\t\t<div class=\"elementor-widget-container\">\n\t\t\t\t\t\t\t<div class=\"elementor-menu-anchor\" id=\"aim\"><\/div>\n\t\t\t\t\t\t<\/div>\n\t\t\t\t<\/div>\n\t\t\t\t<div class=\"elementor-element elementor-element-bae185b elementor-widget elementor-widget-heading\" data-id=\"bae185b\" data-element_type=\"widget\" data-e-type=\"widget\" data-widget_type=\"heading.default\">\n\t\t\t\t<div class=\"elementor-widget-container\">\n\t\t\t\t\t<h2 class=\"elementor-heading-title elementor-size-default\">G\u0126AN TAL-PRO\u0120ETT<\/h2>\t\t\t\t<\/div>\n\t\t\t\t<\/div>\n\t\t\t\t<div class=\"elementor-element elementor-element-659fcd8 elementor-widget elementor-widget-text-editor\" data-id=\"659fcd8\" data-element_type=\"widget\" data-e-type=\"widget\" data-widget_type=\"text-editor.default\">\n\t\t\t\t<div class=\"elementor-widget-container\">\n\t\t\t\t\t\t\t\t\t<p><\/p><p><strong>IADliber<\/strong> Il-pro\u0121ett g\u0127andu l-g\u0127an li jkun ta\u2019 <strong>appo\u0121\u0121 g\u0127all-edukaturi li ja\u0127dmu ma\u2019 l-adulti, <\/strong>spe\u010bjalment dawk involuti ma&#8217; adulti b&#8217;livell ta\u2019 edukazzjoni baxxa billi <strong>nipprovdu materjali edukattivi <\/strong>li jistg\u0127u jg\u0127inuhom fix-xog\u0127ol tag\u0127hom u jkunu g\u0127odda e\u010b\u010bellenti biex ng\u0127inu lill-gruppi fil-mira ji\u017cviluppaw \u0127iliet relatati ma\u2019 mindfulness u metodi o\u0127ra biex tiffoka, g\u0127arfien personali, u il-valutazzjoni affidabbli tas-sitwazzjoni.<\/p><p><strong>DESKRIZZJONI <\/strong><\/p><p>Id-Disturb tad-Dipendenza fuq l-Internet, g\u0127alkemm mhux rikonoxxut uffi\u010bjalment mid-WHO jew mill-APA, huwa patolo\u0121ija serja u problematika. Jista&#8217; ji\u0121i definit b\u0127ala nuqqas ta&#8217; kontroll fl-u\u017cu tal-Internet, b&#8217;tali mod li jkollu impatt fuq il-\u0127ajja personali tal-utent. Minn 39% tal-popolazzjoni dinjija li tu\u017ca l-Internet, madwar. 6% huwa stmat li ji\u0121i affettwat mill-IAD.<\/p><p>L-attivitajiet kollha tal-pro\u0121ett se jkunu mmirati lejn is-soluzzjonijiet u t-titjib tas-sitwazzjoni fost adulti \u017cvanta\u0121\u0121ati. Il-pro\u0121ett se jo\u0127loq g\u0127odod g\u0127all-istituzzjonijiet li jappo\u0121\u0121jaw u jie\u0127du \u0127sieb adulti \u017cvanta\u0121\u0121ati: \u010bentri ta\u2019 kura so\u010bjali g\u0127all-adulti, organizzazzjonijiet tal-edukazzjoni tal-adulti, universitajiet, dipartimenti tal-edukazzjoni lokali u re\u0121jonali, e\u010b\u010b.<\/p><p>Gruppi fil-Mira Tal-Pro\u0121ett<\/p><ul><li>Edukaturi tal-adulti li jittrattaw prin\u010bipalment ma&#8217; adulti \u017cvanta\u0121\u0121ati (prin\u010bipali)<\/li><li>Nies b&#8217;inqas opportunitajiet (kwalifiki baxxi, qieg\u0127da, adulti f&#8217;riskju ta&#8217; faqar, e\u010b\u010b.) (grupp fil-mira sekondarju)<\/li><\/ul><p><\/p><p><\/p>\t\t\t\t\t\t\t\t<\/div>\n\t\t\t\t<\/div>\n\t\t\t\t\t<\/div>\n\t\t<\/div>\n\t\t\t\t<div class=\"elementor-column elementor-col-50 elementor-top-column elementor-element elementor-element-0fee953\" data-id=\"0fee953\" data-element_type=\"column\" data-e-type=\"column\">\n\t\t\t<div class=\"elementor-widget-wrap elementor-element-populated\">\n\t\t\t\t\t\t<div class=\"elementor-element elementor-element-372f92c elementor-widget elementor-widget-image\" data-id=\"372f92c\" data-element_type=\"widget\" data-e-type=\"widget\" data-widget_type=\"image.default\">\n\t\t\t\t<div class=\"elementor-widget-container\">\n\t\t\t\t\t\t\t\t\t\t\t\t\t\t\t<img fetchpriority=\"high\" decoding=\"async\" width=\"1024\" height=\"1024\" src=\"https:\/\/iadliber.erasmus.site\/wp-content\/uploads\/2023\/04\/10068952_4340131-1024x1024.jpg\" class=\"attachment-large size-large wp-image-52\" alt=\"\" srcset=\"https:\/\/iadliber.erasmus.site\/wp-content\/uploads\/2023\/04\/10068952_4340131-1024x1024.jpg 1024w, https:\/\/iadliber.erasmus.site\/wp-content\/uploads\/2023\/04\/10068952_4340131-300x300.jpg 300w, https:\/\/iadliber.erasmus.site\/wp-content\/uploads\/2023\/04\/10068952_4340131-150x150.jpg 150w, https:\/\/iadliber.erasmus.site\/wp-content\/uploads\/2023\/04\/10068952_4340131-768x768.jpg 768w, https:\/\/iadliber.erasmus.site\/wp-content\/uploads\/2023\/04\/10068952_4340131-1536x1536.jpg 1536w, https:\/\/iadliber.erasmus.site\/wp-content\/uploads\/2023\/04\/10068952_4340131-24x24.jpg 24w, https:\/\/iadliber.erasmus.site\/wp-content\/uploads\/2023\/04\/10068952_4340131-36x36.jpg 36w, https:\/\/iadliber.erasmus.site\/wp-content\/uploads\/2023\/04\/10068952_4340131-48x48.jpg 48w, https:\/\/iadliber.erasmus.site\/wp-content\/uploads\/2023\/04\/10068952_4340131.jpg 2000w\" sizes=\"(max-width: 1024px) 100vw, 1024px\" \/>\t\t\t\t\t\t\t\t\t\t\t\t\t\t\t<\/div>\n\t\t\t\t<\/div>\n\t\t\t\t\t<\/div>\n\t\t<\/div>\n\t\t\t\t\t<\/div>\n\t\t<\/section>\n\t\t\t\t<section class=\"elementor-section elementor-top-section elementor-element elementor-element-c8aead5 elementor-section-boxed elementor-section-height-default elementor-section-height-default\" data-id=\"c8aead5\" data-element_type=\"section\" data-e-type=\"section\">\n\t\t\t\t\t\t<div class=\"elementor-container elementor-column-gap-default\">\n\t\t\t\t\t<div class=\"elementor-column elementor-col-100 elementor-top-column elementor-element elementor-element-63dd2eb\" data-id=\"63dd2eb\" data-element_type=\"column\" data-e-type=\"column\">\n\t\t\t<div class=\"elementor-widget-wrap elementor-element-populated\">\n\t\t\t\t\t\t<div class=\"elementor-element elementor-element-5bb602b elementor-widget-divider--view-line elementor-widget elementor-widget-divider\" data-id=\"5bb602b\" data-element_type=\"widget\" data-e-type=\"widget\" data-widget_type=\"divider.default\">\n\t\t\t\t<div class=\"elementor-widget-container\">\n\t\t\t\t\t\t\t<div class=\"elementor-divider\">\n\t\t\t<span class=\"elementor-divider-separator\">\n\t\t\t\t\t\t<\/span>\n\t\t<\/div>\n\t\t\t\t\t\t<\/div>\n\t\t\t\t<\/div>\n\t\t\t\t\t<\/div>\n\t\t<\/div>\n\t\t\t\t\t<\/div>\n\t\t<\/section>\n\t\t\t\t<section class=\"elementor-section elementor-top-section elementor-element elementor-element-8d528d5 elementor-section-boxed elementor-section-height-default elementor-section-height-default\" data-id=\"8d528d5\" data-element_type=\"section\" data-e-type=\"section\">\n\t\t\t\t\t\t<div class=\"elementor-container elementor-column-gap-default\">\n\t\t\t\t\t<div class=\"elementor-column elementor-col-100 elementor-top-column elementor-element elementor-element-e9353af\" data-id=\"e9353af\" data-element_type=\"column\" data-e-type=\"column\">\n\t\t\t<div class=\"elementor-widget-wrap elementor-element-populated\">\n\t\t\t\t\t\t<div class=\"elementor-element elementor-element-1fad10b elementor-widget elementor-widget-menu-anchor\" data-id=\"1fad10b\" data-element_type=\"widget\" data-e-type=\"widget\" data-widget_type=\"menu-anchor.default\">\n\t\t\t\t<div class=\"elementor-widget-container\">\n\t\t\t\t\t\t\t<div class=\"elementor-menu-anchor\" id=\"results\"><\/div>\n\t\t\t\t\t\t<\/div>\n\t\t\t\t<\/div>\n\t\t\t\t<div class=\"elementor-element elementor-element-a4730f9 elementor-widget elementor-widget-heading\" data-id=\"a4730f9\" data-element_type=\"widget\" data-e-type=\"widget\" data-widget_type=\"heading.default\">\n\t\t\t\t<div class=\"elementor-widget-container\">\n\t\t\t\t\t<h2 class=\"elementor-heading-title elementor-size-default\">RI\u017bULTATI<\/h2>\t\t\t\t<\/div>\n\t\t\t\t<\/div>\n\t\t\t\t\t<\/div>\n\t\t<\/div>\n\t\t\t\t\t<\/div>\n\t\t<\/section>\n\t\t\t\t<section class=\"elementor-section elementor-top-section elementor-element elementor-element-1ea3a49 elementor-section-boxed elementor-section-height-default elementor-section-height-default\" data-id=\"1ea3a49\" data-element_type=\"section\" data-e-type=\"section\">\n\t\t\t\t\t\t<div class=\"elementor-container elementor-column-gap-default\">\n\t\t\t\t\t<div class=\"elementor-column elementor-col-50 elementor-top-column elementor-element elementor-element-6b64c3b\" data-id=\"6b64c3b\" data-element_type=\"column\" data-e-type=\"column\">\n\t\t\t<div class=\"elementor-widget-wrap elementor-element-populated\">\n\t\t\t\t\t\t<div class=\"elementor-element elementor-element-4e8000c elementor-widget elementor-widget-text-editor\" data-id=\"4e8000c\" data-element_type=\"widget\" data-e-type=\"widget\" data-widget_type=\"text-editor.default\">\n\t\t\t\t<div class=\"elementor-widget-container\">\n\t\t\t\t\t\t\t\t\t<p><\/p><ul><li>PR1: IADliber Survival Kit \u2013 \u0121abra ta\u2019 kontenut li se jsa\u0127\u0127a\u0127 il-\u0127iliet relatati mal-attenzjoni u metodi o\u0127ra ta\u2019 fokus, g\u0127arfien personali u valutazzjoni affidabbli tas-sitwazzjoni, sabiex tg\u0127in fil-\u0127olqien ta\u2019 so\u010bjet\u00e0 li tkun edukata a\u0127jar u aktar re\u017ciljenti g\u0127all-IAD.<\/li><\/ul><p><\/p>\t\t\t\t\t\t\t\t<\/div>\n\t\t\t\t<\/div>\n\t\t\t\t<div class=\"elementor-element elementor-element-5404de7 elementor-widget elementor-widget-text-editor\" data-id=\"5404de7\" data-element_type=\"widget\" data-e-type=\"widget\" data-widget_type=\"text-editor.default\">\n\t\t\t\t<div class=\"elementor-widget-container\">\n\t\t\t\t\t\t\t\t\t\n\n\n<div style=\"width: 1200px;\" class=\"wp-video\"><video class=\"wp-video-shortcode\" id=\"video-10-1\" width=\"1200\" height=\"675\" preload=\"metadata\" controls=\"controls\"><source type=\"video\/mp4\" src=\"https:\/\/iadliber.erasmus.site\/wp-content\/uploads\/2024\/10\/IADliber-video-MT.mp4?_=1\" \/><a href=\"https:\/\/iadliber.erasmus.site\/wp-content\/uploads\/2024\/10\/IADliber-video-MT.mp4\">https:\/\/iadliber.erasmus.site\/wp-content\/uploads\/2024\/10\/IADliber-video-MT.mp4<\/a><\/video><\/div>\n\n\n\n\t\t\t\t\t\t\t\t<\/div>\n\t\t\t\t<\/div>\n\t\t\t\t<div class=\"elementor-element elementor-element-217616c elementor-align-center elementor-widget elementor-widget-button\" data-id=\"217616c\" data-element_type=\"widget\" data-e-type=\"widget\" data-widget_type=\"button.default\">\n\t\t\t\t<div class=\"elementor-widget-container\">\n\t\t\t\t\t\t\t\t\t<div class=\"elementor-button-wrapper\">\n\t\t\t\t\t<a class=\"elementor-button elementor-button-link elementor-size-sm\" href=\"https:\/\/iadliber.erasmus.site\/pr1-iadliber-survival-kit\/\">\n\t\t\t\t\t\t<span class=\"elementor-button-content-wrapper\">\n\t\t\t\t\t\t\t\t\t<span class=\"elementor-button-text\">Miftu\u0127<\/span>\n\t\t\t\t\t<\/span>\n\t\t\t\t\t<\/a>\n\t\t\t\t<\/div>\n\t\t\t\t\t\t\t\t<\/div>\n\t\t\t\t<\/div>\n\t\t\t\t\t<\/div>\n\t\t<\/div>\n\t\t\t\t<div class=\"elementor-column elementor-col-50 elementor-top-column elementor-element elementor-element-a979594\" data-id=\"a979594\" data-element_type=\"column\" data-e-type=\"column\">\n\t\t\t<div class=\"elementor-widget-wrap elementor-element-populated\">\n\t\t\t\t\t\t<div class=\"elementor-element elementor-element-7b3279f elementor-widget elementor-widget-text-editor\" data-id=\"7b3279f\" data-element_type=\"widget\" data-e-type=\"widget\" data-widget_type=\"text-editor.default\">\n\t\t\t\t<div class=\"elementor-widget-container\">\n\t\t\t\t\t\t\t\t\t<p><\/p><ul><li>PR2: IADliber Mobile App \u2013 se tippermetti lill-grupp fil-mira tal-pro\u0121ett biex jiskopru a\u0127jar s-sintomi osservati tad-Disturb ta\u2019 Dipendenza fuq l-Internet uikunu jistg\u0127u jie\u0127du passi ta\u2019 rimedju spe\u010bifi\u010bi. L-app se ta\u0127dem ming\u0127ajr konnessjoni tal-internet, ladarba titni\u017c\u017cel.<\/li><\/ul><p><\/p>\t\t\t\t\t\t\t\t<\/div>\n\t\t\t\t<\/div>\n\t\t\t\t<div class=\"elementor-element elementor-element-15fad5b elementor-shape-rounded elementor-grid-0 e-grid-align-center elementor-widget elementor-widget-social-icons\" data-id=\"15fad5b\" data-element_type=\"widget\" data-e-type=\"widget\" data-widget_type=\"social-icons.default\">\n\t\t\t\t<div class=\"elementor-widget-container\">\n\t\t\t\t\t\t\t<div class=\"elementor-social-icons-wrapper elementor-grid\" role=\"list\">\n\t\t\t\t\t\t\t<span class=\"elementor-grid-item\" role=\"listitem\">\n\t\t\t\t\t<a class=\"elementor-icon elementor-social-icon elementor-social-icon-apple elementor-repeater-item-fbb0525\" href=\"https:\/\/apps.apple.com\/app\/iadliber\/id6502402404\" target=\"_blank\">\n\t\t\t\t\t\t<span class=\"elementor-screen-only\">Apple<\/span>\n\t\t\t\t\t\t<i aria-hidden=\"true\" class=\"fab fa-apple\"><\/i>\t\t\t\t\t<\/a>\n\t\t\t\t<\/span>\n\t\t\t\t\t\t\t<span class=\"elementor-grid-item\" role=\"listitem\">\n\t\t\t\t\t<a class=\"elementor-icon elementor-social-icon elementor-social-icon-android elementor-repeater-item-217465c\" href=\"https:\/\/play.google.com\/store\/apps\/details?id=eu.dcnet.iadliber2\" target=\"_blank\">\n\t\t\t\t\t\t<span class=\"elementor-screen-only\">Android<\/span>\n\t\t\t\t\t\t<i aria-hidden=\"true\" class=\"fab fa-android\"><\/i>\t\t\t\t\t<\/a>\n\t\t\t\t<\/span>\n\t\t\t\t\t<\/div>\n\t\t\t\t\t\t<\/div>\n\t\t\t\t<\/div>\n\t\t\t\t\t<\/div>\n\t\t<\/div>\n\t\t\t\t\t<\/div>\n\t\t<\/section>\n\t\t\t\t<\/div>\n\t\t","protected":false},"excerpt":{"rendered":"<p>Pro\u0121ett IADliber \u017bieda fil-kompetenzi tal-edukaturi tal-adulti, b\u0127ala mezz g\u0127all-\u0127elsien tal-adulti mid-disturb tal-vizzju tal-internet Numru tal-pro\u0121ett: 2022-1-RO01-KA220-ADU-000087209Tul tal-Pro\u0121ett: 01.12.2022 &#8211; 30.11.2024 (24 months) G\u0126AN TAL-PRO\u0120ETT IADliber Il-pro\u0121ett g\u0127andu l-g\u0127an li jkun ta\u2019 appo\u0121\u0121 g\u0127all-edukaturi li ja\u0127dmu ma\u2019 l-adulti, spe\u010bjalment dawk involuti ma&#8217; adulti b&#8217;livell ta\u2019 edukazzjoni baxxa billi nipprovdu materjali edukattivi li jistg\u0127u jg\u0127inuhom fix-xog\u0127ol tag\u0127hom&hellip;&nbsp;<\/p>\n","protected":false},"author":1,"featured_media":0,"parent":0,"menu_order":0,"comment_status":"closed","ping_status":"closed","template":"page-templates\/template-pagebuilder-full-width.php","meta":{"neve_meta_sidebar":"","neve_meta_container":"","neve_meta_enable_content_width":"off","neve_meta_content_width":100,"neve_meta_title_alignment":"","neve_meta_author_avatar":"","neve_post_elements_order":"","neve_meta_disable_header":"","neve_meta_disable_footer":"","neve_meta_disable_title":"","footnotes":""},"class_list":["post-10","page","type-page","status-publish","hentry"],"_links":{"self":[{"href":"https:\/\/iadliber.erasmus.site\/mt\/wp-json\/wp\/v2\/pages\/10","targetHints":{"allow":["GET"]}}],"collection":[{"href":"https:\/\/iadliber.erasmus.site\/mt\/wp-json\/wp\/v2\/pages"}],"about":[{"href":"https:\/\/iadliber.erasmus.site\/mt\/wp-json\/wp\/v2\/types\/page"}],"author":[{"embeddable":true,"href":"https:\/\/iadliber.erasmus.site\/mt\/wp-json\/wp\/v2\/users\/1"}],"replies":[{"embeddable":true,"href":"https:\/\/iadliber.erasmus.site\/mt\/wp-json\/wp\/v2\/comments?post=10"}],"version-history":[{"count":181,"href":"https:\/\/iadliber.erasmus.site\/mt\/wp-json\/wp\/v2\/pages\/10\/revisions"}],"predecessor-version":[{"id":408,"href":"https:\/\/iadliber.erasmus.site\/mt\/wp-json\/wp\/v2\/pages\/10\/revisions\/408"}],"wp:attachment":[{"href":"https:\/\/iadliber.erasmus.site\/mt\/wp-json\/wp\/v2\/media?parent=10"}],"curies":[{"name":"wp","href":"https:\/\/api.w.org\/{rel}","templated":true}]}}