{"id":77,"date":"2023-04-15T12:34:19","date_gmt":"2023-04-15T12:34:19","guid":{"rendered":"https:\/\/iadliber.erasmus.site\/?page_id=77"},"modified":"2025-01-23T19:42:21","modified_gmt":"2025-01-23T19:42:21","slug":"partnership","status":"publish","type":"page","link":"https:\/\/iadliber.erasmus.site\/es\/partnership\/","title":{"rendered":"Partenariado"},"content":{"rendered":"<p><img fetchpriority=\"high\" decoding=\"async\" class=\"size-full wp-image-90 aligncenter\" src=\"https:\/\/iadliber.erasmus.site\/wp-content\/uploads\/2023\/04\/ades.png\" alt=\"\" width=\"300\" height=\"300\" srcset=\"https:\/\/iadliber.erasmus.site\/wp-content\/uploads\/2023\/04\/ades.png 300w, https:\/\/iadliber.erasmus.site\/wp-content\/uploads\/2023\/04\/ades-150x150.png 150w, https:\/\/iadliber.erasmus.site\/wp-content\/uploads\/2023\/04\/ades-24x24.png 24w, https:\/\/iadliber.erasmus.site\/wp-content\/uploads\/2023\/04\/ades-36x36.png 36w, https:\/\/iadliber.erasmus.site\/wp-content\/uploads\/2023\/04\/ades-48x48.png 48w\" sizes=\"(max-width: 300px) 100vw, 300px\" \/><\/p>\n<h3 style=\"text-align: center;\"><strong>ASOCIATIA DE DEZVOLTARE ECONOMICO-SOCIALA (Rumania)<\/strong><\/h3>\n<p>Asocia\u021bia de Dezvoltare Economico-Social\u0103 (Asociaci\u00f3n para el Desarrollo Econ\u00f3mico y Social) &#8211; abreviado, ADES &#8211; de Curtea de Arge\u0219, Ruman\u00eda, es una organizaci\u00f3n sin \u00e1nimo de lucro que se convirti\u00f3 en entidad jur\u00eddica (ONG) en junio de 1995. La misi\u00f3n de ADES es crear un cambio social y econ\u00f3mico positivo en las comunidades de toda Ruman\u00eda de una manera profesional, \u00e9tica y responsable.<\/p>\n<p>El objetivo del equipo de ADES es desarrollar las capacidades personales y profesionales, apoyar el desarrollo y la expansi\u00f3n de las PYME y mejorar las condiciones sociales y econ\u00f3micas de las comunidades locales.<\/p>\n<p>Desde 1995, ADES ha desarrollado y ejecutado con \u00e9xito m\u00e1s de 50 proyectos financiados por la Uni\u00f3n Europea, el Banco Mundial, la Embajada de EE.UU., el Programa Europeo de Desarrollo Empresarial, la Fundaci\u00f3n para una Sociedad Abierta, Charity Know How Fund, etc. ADES ha trabajado muy estrechamente con las comunidades, las fuentes de financiaci\u00f3n y los socios ejecutores (autoridades p\u00fablicas locales, empresas, ONG y escuelas) para llevar a cabo proyectos de desarrollo socioecon\u00f3mico.<\/p>\n<p>Para m\u00e1s informaci\u00f3n sobre ADES, visite: <a href=\"https:\/\/www.facebook.com\/ADESCDA\/\">www.facebook.com\/ADESCDA\/<\/a> and <a href=\"https:\/\/www.linkedin.com\/company\/43363632\/\">https:\/\/www.linkedin.com\/company\/43363632\/<\/a>.<\/p>\n<hr \/>\n<p><img decoding=\"async\" class=\"wp-image-91 size-full aligncenter\" src=\"https:\/\/iadliber.erasmus.site\/wp-content\/uploads\/2023\/04\/c4e.png\" alt=\"\" width=\"300\" height=\"300\" srcset=\"https:\/\/iadliber.erasmus.site\/wp-content\/uploads\/2023\/04\/c4e.png 300w, https:\/\/iadliber.erasmus.site\/wp-content\/uploads\/2023\/04\/c4e-150x150.png 150w, https:\/\/iadliber.erasmus.site\/wp-content\/uploads\/2023\/04\/c4e-24x24.png 24w, https:\/\/iadliber.erasmus.site\/wp-content\/uploads\/2023\/04\/c4e-36x36.png 36w, https:\/\/iadliber.erasmus.site\/wp-content\/uploads\/2023\/04\/c4e-48x48.png 48w\" sizes=\"(max-width: 300px) 100vw, 300px\" \/><\/p>\n<h3 style=\"text-align: center;\"><strong>CENTRE FOR EDUCATION<\/strong><strong> (Espa\u00f1a)<\/strong><\/h3>\n<p>Centre for Education se fund\u00f3 en 2012 y es una asociaci\u00f3n sin \u00e1nimo de lucro con sede en la marina de Cala D&#8217;or, Mallorca, Espa\u00f1a.<\/p>\n<p>Centre for Education imparte cursos de formaci\u00f3n especialmente dise\u00f1ados para grupos de j\u00f3venes adultos desfavorecidos.<\/p>\n<p>Estos cursos se han impartido en cooperaci\u00f3n con organizaciones afines que tambi\u00e9n trabajan en el campo de la formaci\u00f3n de adultos j\u00f3venes que no est\u00e1n en el empleo, la educaci\u00f3n o la formaci\u00f3n (NiNi).<\/p>\n<p>El personal tiene experiencia en proyectos financiados por la UE y ha trabajado como coordinador y socio de pleno derecho en proyectos anteriores y en otros en curso.<\/p>\n<p>Las personas clave implicadas en el trabajo de este proyecto ser\u00e1n:<\/p>\n<p>Michael John (hombre), especialista en educaci\u00f3n:<\/p>\n<p>Presidente de Centre for Education, con 15 a\u00f1os de experiencia como empresario y educador en el sector mar\u00edtimo. Michael es responsable de todas las actividades de formaci\u00f3n de la asociaci\u00f3n y cuenta con importantes conocimientos y experiencia en materia de investigaci\u00f3n y an\u00e1lisis de cualificaciones. Tambi\u00e9n ha escrito programas de formaci\u00f3n homologados y ha cosechado grandes \u00e9xitos impartiendo cursos de motivaci\u00f3n para j\u00f3venes desfavorecidos.<\/p>\n<p>Mike es un instructor dotado y a menudo es elogiado por su enfoque motivador y paciente. Especialmente en su trabajo con j\u00f3venes, ha logrado importantes \u00e9xitos al utilizar su estilo de ense\u00f1anza para inspirar a otros a dar nuevos pasos profesionales y a creer en s\u00ed mismos.<\/p>\n<p>Silja Teege (mujer), polit\u00f3loga:<\/p>\n<p>Secretaria del Centre for Education y con 15 a\u00f1os de experiencia en gesti\u00f3n empresarial, responsable de gestionar las principales actividades de la asociaci\u00f3n. Este trabajo incluye el enlace, la negociaci\u00f3n y la contrataci\u00f3n de todas las actividades de formaci\u00f3n, cursos, ya sea directamente con el cliente\/estudiante o a trav\u00e9s de redes de cooperaci\u00f3n de empresas e instituciones educativas de toda Europa. Especialista en investigaci\u00f3n sobre Educaci\u00f3n, Empresa y Ciencias Pol\u00edticas.<\/p>\n<hr \/>\n<p><img decoding=\"async\" class=\"aligncenter wp-image-93 size-full\" src=\"https:\/\/iadliber.erasmus.site\/wp-content\/uploads\/2023\/04\/dekaplus.png\" alt=\"\" width=\"300\" height=\"300\" srcset=\"https:\/\/iadliber.erasmus.site\/wp-content\/uploads\/2023\/04\/dekaplus.png 300w, https:\/\/iadliber.erasmus.site\/wp-content\/uploads\/2023\/04\/dekaplus-150x150.png 150w, https:\/\/iadliber.erasmus.site\/wp-content\/uploads\/2023\/04\/dekaplus-24x24.png 24w, https:\/\/iadliber.erasmus.site\/wp-content\/uploads\/2023\/04\/dekaplus-36x36.png 36w, https:\/\/iadliber.erasmus.site\/wp-content\/uploads\/2023\/04\/dekaplus-48x48.png 48w\" sizes=\"(max-width: 300px) 100vw, 300px\" \/><\/p>\n<h3 style=\"text-align: center;\"><a href=\"http:\/\/www.dekaplus.eu\/\"><strong>DEKAPLUS BUSINESS SERVICES LTD<\/strong><\/a><strong> (CHIPRE)<\/strong><\/h3>\n<p>DEKAPLUS es una organizaci\u00f3n de educaci\u00f3n y formaci\u00f3n profesional, centrada principalmente en el desarrollo de competencias y habilidades de los directivos y el personal de primera l\u00ednea de las PYME. DEKAPLUS es un centro de formaci\u00f3n cualificado y certificado desde que empez\u00f3 a funcionar en 2006, y ofrece cursos cortos de formaci\u00f3n profesional relacionados con el desarrollo empresarial y la sostenibilidad. DEKAPLUS tambi\u00e9n cuenta con un departamento especializado en la gesti\u00f3n de proyectos de la UE. Desempe\u00f1a el papel de redactor del proyecto, jefe de proyecto o socio del proyecto, dependiendo de la naturaleza del mismo. Desde 2014, DEKAPLUS ha sido el punto de contacto del Programa \u00abErasmus para J\u00f3venes Emprendedores\u00bb en Chipre, ayudando a las empresas de nueva creaci\u00f3n a tener un comienzo concreto. Adem\u00e1s, la organizaci\u00f3n cuenta con una amplia experiencia en la participaci\u00f3n en proyectos Erasmus+, tanto en calidad de socio como de coordinador.<\/p>\n<p><strong>P\u00e1gina Web<\/strong><\/p>\n<p><a href=\"https:\/\/dekaplus.eu\/\"><strong>https:\/\/dekaplus.eu\/<\/strong><\/a><\/p>\n<p><strong>Redes Sociales<\/strong><\/p>\n<p><strong>Facebook: <\/strong><a href=\"https:\/\/www.facebook.com\/dekaplus.cyprus\/\">https:\/\/www.facebook.com\/dekaplus.cyprus\/<\/a><\/p>\n<p><strong>LinkedIn: <\/strong><a href=\"https:\/\/www.linkedin.com\/company\/dekaplus-business-services-ltd\/?originalSubdomain=cy\"><strong>https:\/\/www.linkedin.com\/company\/dekaplus-business-services-ltd\/?originalSubdomain=cy<\/strong><\/a><\/p>\n<hr \/>\n<p><img loading=\"lazy\" decoding=\"async\" class=\"wp-image-95 size-full aligncenter\" src=\"https:\/\/iadliber.erasmus.site\/wp-content\/uploads\/2023\/04\/tcistanbul.png\" alt=\"\" width=\"300\" height=\"300\" srcset=\"https:\/\/iadliber.erasmus.site\/wp-content\/uploads\/2023\/04\/tcistanbul.png 300w, https:\/\/iadliber.erasmus.site\/wp-content\/uploads\/2023\/04\/tcistanbul-150x150.png 150w, https:\/\/iadliber.erasmus.site\/wp-content\/uploads\/2023\/04\/tcistanbul-24x24.png 24w, https:\/\/iadliber.erasmus.site\/wp-content\/uploads\/2023\/04\/tcistanbul-36x36.png 36w, https:\/\/iadliber.erasmus.site\/wp-content\/uploads\/2023\/04\/tcistanbul-48x48.png 48w\" sizes=\"(max-width: 300px) 100vw, 300px\" \/><\/p>\n<h3 style=\"text-align: center;\"><a href=\"http:\/\/www.istanbulab.gov.tr\/\"><strong>ISTANBUL VALILIGI<\/strong><\/a><strong> (Turqu\u00eda)<\/strong><\/h3>\n<p>El Gobierno de Estambul (\u0130stanbul Valili\u011fi &#8211; GOI) es la m\u00e1xima autoridad administrativa p\u00fablica de la ciudad, con una poblaci\u00f3n de m\u00e1s de 16 millones de habitantes. M\u00e1s de 2000 funcionarios prestan servicio en 16 departamentos que cubren diversos campos en el GOI. Las principales funciones de la Gobernaci\u00f3n de Estambul son;<\/p>\n<p>&#8211; Gestionar, regular y supervisar la administraci\u00f3n general de Estambul.<\/p>\n<p>-Coordinar todas las actividades de la provincia, como educaci\u00f3n, sanidad, seguridad, medio ambiente, obras p\u00fablicas, cultura, turismo, migraci\u00f3n, etc.<\/p>\n<p>&#8211; Ejecutar las instrucciones, \u00f3rdenes, leyes y reglamentos del gobierno.<\/p>\n<p>&#8211; Determinar y realizar obras para satisfacer las necesidades de los habitantes de la ciudad supervisando todas las instituciones de la provincia.<\/p>\n<p>Como m\u00e1xima autoridad, el Gobierno de la India tiene la responsabilidad de 39 Gobernaciones de Distrito y 24 Direcciones Provinciales<\/p>\n<p>La Oficina de la Uni\u00f3n Europea y Relaciones Exteriores, que lleva a cabo proyectos Erasmus+ en nombre de la Gobernaci\u00f3n de Estambul, realiza estudios en toda Estambul durante el proceso de adhesi\u00f3n de nuestro pa\u00eds a la Uni\u00f3n Europea con los siguientes fines<\/p>\n<ul>\n<li>Establecimiento de la infraestructura c\u00edvica<\/li>\n<li>Preparaci\u00f3n de la poblaci\u00f3n de la ciudad para la ciudadan\u00eda de la UE<\/li>\n<li>Facilitar la colaboraci\u00f3n, comunicaci\u00f3n y coordinaci\u00f3n en la adopci\u00f3n y aplicaci\u00f3n del acervo, que es obligatorio para los Estados miembros de la UE<\/li>\n<\/ul>\n<p>La planificaci\u00f3n y ejecuci\u00f3n de las actividades esenciales para el proceso de adhesi\u00f3n de Turqu\u00eda a la UE -que puede considerarse un proyecto de transformaci\u00f3n social como enfoque administrativo basado en la cooperaci\u00f3n de los gobiernos locales, las organizaciones no gubernamentales, las instituciones y organizaciones p\u00fablicas, el sector privado y los ciudadanos- se han adoptado como principio fundamental dentro de la Oficina.<\/p>\n<p><a href=\"http:\/\/www.abmerkez.com\">www.abmerkez.com<\/a><\/p>\n<p><strong>Social media:<\/strong>\u00a0 <a href=\"https:\/\/www.facebook.com\/istanbulabproje\">https:\/\/www.facebook.com\/istanbulabproje<\/a><\/p>\n<p><a href=\"https:\/\/twitter.com\/abmerkez\">https:\/\/twitter.com\/abmerkez<\/a><\/p>\n<p><a href=\"https:\/\/www.instagram.com\/abmerkez\/\">https:\/\/www.instagram.com\/abmerkez\/<\/a><\/p>\n<p>&nbsp;<\/p>\n<hr \/>\n<p><img loading=\"lazy\" decoding=\"async\" class=\"wp-image-96 size-full aligncenter\" src=\"https:\/\/iadliber.erasmus.site\/wp-content\/uploads\/2023\/04\/rightchaleenge.png\" alt=\"\" width=\"300\" height=\"300\" srcset=\"https:\/\/iadliber.erasmus.site\/wp-content\/uploads\/2023\/04\/rightchaleenge.png 300w, https:\/\/iadliber.erasmus.site\/wp-content\/uploads\/2023\/04\/rightchaleenge-150x150.png 150w, https:\/\/iadliber.erasmus.site\/wp-content\/uploads\/2023\/04\/rightchaleenge-24x24.png 24w, https:\/\/iadliber.erasmus.site\/wp-content\/uploads\/2023\/04\/rightchaleenge-36x36.png 36w, https:\/\/iadliber.erasmus.site\/wp-content\/uploads\/2023\/04\/rightchaleenge-48x48.png 48w\" sizes=\"(max-width: 300px) 100vw, 300px\" \/><\/p>\n<h3 style=\"text-align: center;\"><strong><em>RightChallenge Association \u2013 ONG (Portugal)<\/em><\/strong><\/h3>\n<p>RightChallenge es una organizaci\u00f3n no gubernamental que promueve la educaci\u00f3n y la formaci\u00f3n centradas en la inclusi\u00f3n social y la igualdad de oportunidades. La organizaci\u00f3n fomenta una ciudadan\u00eda activa, responsable y democr\u00e1tica a trav\u00e9s de la educaci\u00f3n y la colaboraci\u00f3n con diversas partes interesadas. RightChallenge ofrece educaci\u00f3n elemental y familiar, formaci\u00f3n profesional, salud y rehabilitaci\u00f3n, vivienda y servicios asistenciales, as\u00ed como trabajo y actividades para grupos espec\u00edficos. RightChallenge cree que la educaci\u00f3n es parte integrante del desarrollo de los adultos para prepararlos a participar e intervenir en todas las dimensiones de la sociedad, incluidas la familia, el trabajo, la comunidad y el ocio.<\/p>\n<p><strong>P\u00e1gina Web:<\/strong><strong>\u00a0<\/strong> <a href=\"https:\/\/rightchallenge.org\/en\/\">https:\/\/rightchallenge.org\/en\/<\/a><\/p>\n<p><strong>Redes Sociales:<\/strong><\/p>\n<p>Facebook: <a href=\"https:\/\/www.facebook.com\/Rightchallenge\">https:\/\/www.facebook.com\/Rightchallenge<\/a><\/p>\n<p>LinkedIn: \u00a0<a href=\"https:\/\/www.linkedin.com\/in\/rightchallenge-associa%C3%A7%C3%A3o-482224219\/\">https:\/\/www.linkedin.com\/in\/rightchallenge-associa%C3%A7%C3%A3o-482224219\/<\/a><\/p>\n<hr \/>\n<p><img loading=\"lazy\" decoding=\"async\" class=\"wp-image-98 size-full aligncenter\" src=\"https:\/\/iadliber.erasmus.site\/wp-content\/uploads\/2023\/04\/cwep.png\" alt=\"\" width=\"300\" height=\"300\" srcset=\"https:\/\/iadliber.erasmus.site\/wp-content\/uploads\/2023\/04\/cwep.png 300w, https:\/\/iadliber.erasmus.site\/wp-content\/uploads\/2023\/04\/cwep-150x150.png 150w, https:\/\/iadliber.erasmus.site\/wp-content\/uploads\/2023\/04\/cwep-24x24.png 24w, https:\/\/iadliber.erasmus.site\/wp-content\/uploads\/2023\/04\/cwep-36x36.png 36w, https:\/\/iadliber.erasmus.site\/wp-content\/uploads\/2023\/04\/cwep-48x48.png 48w\" sizes=\"(max-width: 300px) 100vw, 300px\" \/><\/p>\n<h3 style=\"text-align: center;\"><strong><em>CENTRE FOR EDUCATION AND ENTREPRENEURSHIP SUPPORT \u2013 CWEP (Polonia)<\/em><\/strong><\/h3>\n<p>Centre For Education And Entrepreneurship Support (CWEP) es una organizaci\u00f3n no gubernamental fundada en 2004 por un grupo de empresarios, profesores y activistas sociales de Rzesz\u00f3w (Polonia). CWEP coopera con empresas e instituciones educativas. La misi\u00f3n de CWEP es aumentar la calidad de la formaci\u00f3n educativa a todos los niveles y en todas sus formas, as\u00ed como promover el esp\u00edritu empresarial para favorecer la integraci\u00f3n de cualquier grupo social, independientemente de su sexo, edad u origen \u00e9tnico. En particular, los objetivos son mejorar la accesibilidad, la calidad y la eficiencia de la educaci\u00f3n de todas las personas, promover y contribuir a la educaci\u00f3n de adultos, el aprendizaje permanente, el e-learning y el uso de las nuevas tecnolog\u00edas en la educaci\u00f3n y el esp\u00edritu empresarial. La Asociaci\u00f3n trabaja con numerosos socios de Europa para reforzar la posici\u00f3n econ\u00f3mica de las empresas y ofrece plataformas en l\u00ednea para las empresas.<\/p>\n<p>P\u00e1gina Web: <a href=\"http:\/\/www.cwep.eu\">www.cwep.eu<\/a><\/p>\n<hr \/>\n<p><img loading=\"lazy\" decoding=\"async\" class=\"wp-image-101 size-full aligncenter\" src=\"https:\/\/iadliber.erasmus.site\/wp-content\/uploads\/2023\/04\/mecb.png\" alt=\"\" width=\"300\" height=\"300\" srcset=\"https:\/\/iadliber.erasmus.site\/wp-content\/uploads\/2023\/04\/mecb.png 300w, https:\/\/iadliber.erasmus.site\/wp-content\/uploads\/2023\/04\/mecb-150x150.png 150w, https:\/\/iadliber.erasmus.site\/wp-content\/uploads\/2023\/04\/mecb-24x24.png 24w, https:\/\/iadliber.erasmus.site\/wp-content\/uploads\/2023\/04\/mecb-36x36.png 36w, https:\/\/iadliber.erasmus.site\/wp-content\/uploads\/2023\/04\/mecb-48x48.png 48w\" sizes=\"(max-width: 300px) 100vw, 300px\" \/><\/p>\n<h3 style=\"text-align: center;\"><strong><a href=\"http:\/\/www.mecb.com.mt\/%20eu\">MACDAC ENGINEERING CONSULTANCY BUREAU LTD &#8211; MECB<\/a> (Malta)<\/strong><\/h3>\n<p>MACDAC Engineering Consultancy Bureau Ltd. (MECB), es una Oficina de Consultor\u00eda de Excelencia con sede en Malta, dedicada a impulsar la excelencia y el apoyo a la innovaci\u00f3n mediante la prestaci\u00f3n de servicios de consultor\u00eda t\u00e9cnica pertinentes, multidisciplinares y de alta calidad (a) (b) servicios de investigaci\u00f3n y formaci\u00f3n, as\u00ed como (c) oportunidades de asociaci\u00f3n en proyectos de la UE. A lo largo de los a\u00f1os, MECB ha contribuido a diversos proyectos y licitaciones de la UE, como Erasmus+, AEMA, LLP Grundtvig, Leonardo da Vinci, FP6\/7 y H2020.\u00a0 Estos abarcan sectores como: Emprendimiento tecnol\u00f3gico; Realidad virtual y aumentada; CAD y modelado 3D; M\u00e9todos de innovaci\u00f3n y creatividad; Desarrollo sostenible, Econom\u00eda circular, Cambio clim\u00e1tico; Industria 4.0; Aprendizaje permanente, e-Learning; Cooperaci\u00f3n internacional; Hermanamiento; Protecci\u00f3n de datos de la UE\/GD-PR.\u00a0 El MECB ha sido aceptado como miembro de la Coalici\u00f3n de Competencias y Empleos Digitales de la UE por las contribuciones que realiza regularmente al desarrollo y la difusi\u00f3n de las tecnolog\u00edas digitales en toda Europa.<\/p>\n<p><strong>P\u00e1gina Web:<\/strong><strong>\u00a0<\/strong><a href=\"https:\/\/www.eumecb.com\/\">https:\/\/www.eumecb.com\/<\/a><\/p>\n<p><strong>Redes Sociales:<\/strong><\/p>\n<ul>\n<li><strong>Facebook: <\/strong><a href=\"https:\/\/www.facebook.com\/mecb.com.mt\/\">https:\/\/www.facebook.com\/mecb.com.mt\/<\/a><\/li>\n<li><strong>Twitter:<\/strong> <a href=\"https:\/\/twitter.com\/_MECB_\">https:\/\/twitter.com\/_MECB_<\/a><\/li>\n<li><strong>YouTube:<\/strong> <a href=\"https:\/\/www.youtube.com\/channel\/UCUEL03fwh8IfNibrI-HkVJw\">https:\/\/www.youtube.com\/channel\/UCUEL03fwh8IfNibrI-HkVJw<\/a><\/li>\n<\/ul>\n<p><\/p>","protected":false},"excerpt":{"rendered":"<p>ASOCIATIA DE DEZVOLTARE ECONOMICO-SOCIALA (Rumania) Asocia\u021bia de Dezvoltare Economico-Social\u0103 (Asociaci\u00f3n para el Desarrollo Econ\u00f3mico y Social) &#8211; abreviado, ADES &#8211; de Curtea de Arge\u0219, Ruman\u00eda, es una organizaci\u00f3n sin \u00e1nimo de lucro que se convirti\u00f3 en entidad jur\u00eddica (ONG) en junio de 1995. La misi\u00f3n de ADES es crear un cambio social y econ\u00f3mico positivo&hellip;&nbsp;<\/p>\n","protected":false},"author":1,"featured_media":0,"parent":0,"menu_order":0,"comment_status":"closed","ping_status":"closed","template":"","meta":{"neve_meta_sidebar":"","neve_meta_container":"","neve_meta_enable_content_width":"off","neve_meta_content_width":100,"neve_meta_title_alignment":"","neve_meta_author_avatar":"","neve_post_elements_order":"","neve_meta_disable_header":"","neve_meta_disable_footer":"","neve_meta_disable_title":"","footnotes":""},"class_list":["post-77","page","type-page","status-publish","hentry"],"_links":{"self":[{"href":"https:\/\/iadliber.erasmus.site\/es\/wp-json\/wp\/v2\/pages\/77","targetHints":{"allow":["GET"]}}],"collection":[{"href":"https:\/\/iadliber.erasmus.site\/es\/wp-json\/wp\/v2\/pages"}],"about":[{"href":"https:\/\/iadliber.erasmus.site\/es\/wp-json\/wp\/v2\/types\/page"}],"author":[{"embeddable":true,"href":"https:\/\/iadliber.erasmus.site\/es\/wp-json\/wp\/v2\/users\/1"}],"replies":[{"embeddable":true,"href":"https:\/\/iadliber.erasmus.site\/es\/wp-json\/wp\/v2\/comments?post=77"}],"version-history":[{"count":22,"href":"https:\/\/iadliber.erasmus.site\/es\/wp-json\/wp\/v2\/pages\/77\/revisions"}],"predecessor-version":[{"id":411,"href":"https:\/\/iadliber.erasmus.site\/es\/wp-json\/wp\/v2\/pages\/77\/revisions\/411"}],"wp:attachment":[{"href":"https:\/\/iadliber.erasmus.site\/es\/wp-json\/wp\/v2\/media?parent=77"}],"curies":[{"name":"wp","href":"https:\/\/api.w.org\/{rel}","templated":true}]}}